{"id":120019,"date":"2025-11-02T00:00:00","date_gmt":"2025-11-02T05:00:00","guid":{"rendered":"https:\/\/gpl-love.com\/es\/?post_type=product&#038;p=120019"},"modified":"2026-03-09T07:19:19","modified_gmt":"2026-03-09T12:19:19","slug":"automatorwp-sensei","status":"publish","type":"product","link":"https:\/\/gpl-love.com\/es\/producto\/automatorwp-sensei\/","title":{"rendered":"AutomatorWP Sensei 1.0.6"},"content":{"rendered":"<h3>AutomatorWP Sensei Caracteristicas<\/h3>\n<p>Automatorwp sensei, una herramienta formidable, demuestra ser muy beneficiosa en el aumento de los Sensei LMS, un complemento de gesti\u00f3n de aprendizaje de renombre para WordPress. Al incorporar este complemento, se puede establecer flujos de trabajo automatizados que no solo faciliten los encuentros de aprendizaje personalizados para los estudiantes, sino que tambi\u00e9n realicen tareas administrativas automatizadas para los instructores. Sorprendentemente, el complemento integra sin problemas Sensei con AutomatorWP, lo que permite a los usuarios mecanizar tareas vitales como la inscripci\u00f3n al curso, la finalizaci\u00f3n y el seguimiento del progreso. En consecuencia, esto lleva a un flujo de trabajo simplificado que no solo se economiza en el tiempo y los recursos, sino que tambi\u00e9n fomenta una experiencia de aprendizaje m\u00e1s cautivadora y eficaz para los estudiantes. En esencia, es irrefutable que AutomatorWP Sensei sea una herramienta indispensable para las personas que buscan elevar sus sensaciones a alturas sin precedentes.<\/p>\n<ul>\n<li>Integra AutomatorWP con Sensei, el popular sistema de gesti\u00f3n de aprendizaje de WordPress<\/li>\n<li>Permite a los usuarios crear f\u00e1cilmente flujos de trabajo de automatizaci\u00f3n personalizados para Sensei, como enviar correos electr\u00f3nicos a los estudiantes que han completado un curso.<\/li>\n<li>Ayuda a automatizar tareas administrativas, liberando m\u00e1s tiempo para que los instructores se concentren en la ense\u00f1anza<\/li>\n<li>Funciona con una variedad de desencadenantes y acciones, incluida la finalizaci\u00f3n del curso, los puntajes de los concursos y el registro del usuario<\/li>\n<li>Altamente flexible y personalizable, lo que permite a los usuarios adaptar los flujos de trabajo de automatizaci\u00f3n a sus necesidades exactas<\/li>\n<li>Ahorra tiempo y esfuerzo mientras mejora la experiencia general de aprendizaje para estudiantes e instructores por igual<\/li>\n<li>F\u00e1cil de instalar y usar, con una interfaz f\u00e1cil de usar que cualquiera puede entender<\/li>\n<li>Actualizado continuamente con nuevas caracter\u00edsticas y funcionalidad, asegurando un valor a largo plazo para los usuarios<\/li>\n<\/ul>\n","protected":false},"excerpt":{"rendered":"<p>AutomatorWP Sensei es una herramienta poderosa dise\u00f1ada para optimizar su experiencia de aprendizaje digital. Este complemento innovador se integra perfectamente con Sensei, un sistema de gesti\u00f3n de aprendizaje a medida, que crea una plataforma \u00fanica que es f\u00e1cil de usar y altamente eficiente. Con AutomatorWP Sensei, puede desbloquear el potencial de los flujos de trabajo automatizados, ahorrarle tiempo y hacer que su configuraci\u00f3n de aprendizaje electr\u00f3nico sea m\u00e1s efectiva. Desde la inscripci\u00f3n del curso hasta la finalizaci\u00f3n de la lecci\u00f3n, esta herramienta lo manejar\u00e1 todo, asegurando un viaje de aprendizaje sin problemas para sus alumnos. Este complemento tambi\u00e9n proporciona an\u00e1lisis detallados, lo que le brinda una visi\u00f3n clara del rendimiento de su curso. Ya sea que sea un educador o un profesional de negocios, AutomatorWP Sensei es la soluci\u00f3n perfecta para simplificar su gesti\u00f3n de aprendizaje en l\u00ednea.<\/p>\n","protected":false},"featured_media":165427,"comment_status":"open","ping_status":"open","template":"","meta":[],"product_brand":[2368],"product_cat":[1212,1206,1211],"product_tag":[2210],"class_list":{"0":"post-120019","1":"product","2":"type-product","3":"status-publish","4":"has-post-thumbnail","6":"product_brand-automatorwp","7":"product_cat-administracion-wordpress-plugins","8":"product_cat-plugins","9":"product_cat-wordpress-plugins","10":"product_tag-automatorwp","11":"member-discount","12":"discount-restricted","14":"first","15":"instock","16":"sale","17":"downloadable","18":"virtual","19":"sold-individually","20":"purchasable","21":"product-type-simple"},"_links":{"self":[{"href":"https:\/\/gpl-love.com\/es\/wp-json\/wp\/v2\/product\/120019","targetHints":{"allow":["GET"]}}],"collection":[{"href":"https:\/\/gpl-love.com\/es\/wp-json\/wp\/v2\/product"}],"about":[{"href":"https:\/\/gpl-love.com\/es\/wp-json\/wp\/v2\/types\/product"}],"replies":[{"embeddable":true,"href":"https:\/\/gpl-love.com\/es\/wp-json\/wp\/v2\/comments?post=120019"}],"wp:featuredmedia":[{"embeddable":true,"href":"https:\/\/gpl-love.com\/es\/wp-json\/wp\/v2\/media\/165427"}],"wp:attachment":[{"href":"https:\/\/gpl-love.com\/es\/wp-json\/wp\/v2\/media?parent=120019"}],"wp:term":[{"taxonomy":"product_brand","embeddable":true,"href":"https:\/\/gpl-love.com\/es\/wp-json\/wp\/v2\/product_brand?post=120019"},{"taxonomy":"product_cat","embeddable":true,"href":"https:\/\/gpl-love.com\/es\/wp-json\/wp\/v2\/product_cat?post=120019"},{"taxonomy":"product_tag","embeddable":true,"href":"https:\/\/gpl-love.com\/es\/wp-json\/wp\/v2\/product_tag?post=120019"}],"curies":[{"name":"wp","href":"https:\/\/api.w.org\/{rel}","templated":true}]}}