{"id":120015,"date":"2025-06-12T00:00:00","date_gmt":"2025-06-12T05:00:00","guid":{"rendered":"https:\/\/gpl-love.com\/es\/?post_type=product&#038;p=120015"},"modified":"2026-03-09T07:19:22","modified_gmt":"2026-03-09T12:19:22","slug":"automatorwp-the-events-calendar","status":"publish","type":"product","link":"https:\/\/gpl-love.com\/es\/producto\/automatorwp-the-events-calendar\/","title":{"rendered":"AutomatorWP The Events Calendar 1.1.0"},"content":{"rendered":"<h3>AutomatorWP The Events Calendar Caracteristicas<\/h3>\n<p>Automatorwp El calendario de eventos, un complemento robusto de WordPress, faculta a los usuarios construir flujos de trabajo a medida y secuencias de automatizaci\u00f3n para sus eventos calendario. Al aprovechar este complemento, las personas pueden mecanizar sin esfuerzo diversas tareas y acciones, incluida la transmisi\u00f3n de notificaciones por correo electr\u00f3nico, modificar los datos del usuario o activar acciones predeterminadas basadas en los desencadenantes de eventos. El complemento ofrece un amplio soporte para una amplia gama de acciones e integraciones, lo que lo hace excepcionalmente vers\u00e1til y adaptable a una gran cantidad de flujos de trabajo y casos de uso. Independientemente de si uno supervisa los eventos para un negocio, organizaci\u00f3n o comunidad, AutomatorWP El calendario de eventos sirve como un instrumento vital para racionalizar el flujo de trabajo y optimizar la eficiencia.<\/p>\n<ul>\n<li>Automatizaci\u00f3n avanzada para el complemento de WordPress del calendario de eventos<\/li>\n<li>Activar acciones automatizadas basadas en eventos en su calendario<\/li>\n<li>F\u00e1cil integraci\u00f3n con AutomatorWP para una configuraci\u00f3n sin interrupciones<\/li>\n<li>Configurar flujos de trabajo personalizados y automatizar tareas para ahorrar tiempo<\/li>\n<li>Mejorar la gesti\u00f3n de eventos con recordatorios automatizados, correos electr\u00f3nicos de seguimiento y m\u00e1s<\/li>\n<li>Compatible con una gama de otros complementos y herramientas de WordPress<\/li>\n<li>Controle y monitoree sus automatizaciones en un solo tablero f\u00e1cil de usar<\/li>\n<li>Plantillas y acciones personalizables para satisfacer sus necesidades espec\u00edficas<\/li>\n<li>Posibilidades ilimitadas para la automatizaci\u00f3n basadas en su propio flujo de trabajo y demandas comerciales.<\/li>\n<\/ul>\n","protected":false},"excerpt":{"rendered":"<p>AutomatorWP El calendario de eventos es una herramienta revolucionaria dise\u00f1ada para transformar su experiencia de programaci\u00f3n. Este complemento es una combinaci\u00f3n sin\u00e9rgica de funciones de automatizaci\u00f3n y personalizaci\u00f3n, lo que le permite administrar sus eventos con facilidad y eficiencia. Con su interfaz f\u00e1cil de usar, puede crear, editar y administrar sus eventos sin esfuerzo, asegurando un flujo de trabajo perfecto que le ahorre tiempo y esfuerzo. Este complemento se integra perfectamente con su software existente, mejorando la funcionalidad y la usabilidad. El complemento de calendario de eventos tambi\u00e9n cuenta con capacidades de intercambio s\u00f3lidas, lo que le permite conectarse con su audiencia y compartir sus eventos en m\u00faltiples plataformas. Disfrute de los beneficios de la gesti\u00f3n de eventos simplificada con AutomatorWP el calendario de eventos.<\/p>\n","protected":false},"featured_media":165429,"comment_status":"open","ping_status":"open","template":"","meta":[],"product_brand":[2368],"product_cat":[1212,1206,1211],"product_tag":[2210],"class_list":{"0":"post-120015","1":"product","2":"type-product","3":"status-publish","4":"has-post-thumbnail","6":"product_brand-automatorwp","7":"product_cat-administracion-wordpress-plugins","8":"product_cat-plugins","9":"product_cat-wordpress-plugins","10":"product_tag-automatorwp","11":"member-discount","12":"discount-restricted","14":"first","15":"instock","16":"sale","17":"downloadable","18":"virtual","19":"sold-individually","20":"purchasable","21":"product-type-simple"},"_links":{"self":[{"href":"https:\/\/gpl-love.com\/es\/wp-json\/wp\/v2\/product\/120015","targetHints":{"allow":["GET"]}}],"collection":[{"href":"https:\/\/gpl-love.com\/es\/wp-json\/wp\/v2\/product"}],"about":[{"href":"https:\/\/gpl-love.com\/es\/wp-json\/wp\/v2\/types\/product"}],"replies":[{"embeddable":true,"href":"https:\/\/gpl-love.com\/es\/wp-json\/wp\/v2\/comments?post=120015"}],"wp:featuredmedia":[{"embeddable":true,"href":"https:\/\/gpl-love.com\/es\/wp-json\/wp\/v2\/media\/165429"}],"wp:attachment":[{"href":"https:\/\/gpl-love.com\/es\/wp-json\/wp\/v2\/media?parent=120015"}],"wp:term":[{"taxonomy":"product_brand","embeddable":true,"href":"https:\/\/gpl-love.com\/es\/wp-json\/wp\/v2\/product_brand?post=120015"},{"taxonomy":"product_cat","embeddable":true,"href":"https:\/\/gpl-love.com\/es\/wp-json\/wp\/v2\/product_cat?post=120015"},{"taxonomy":"product_tag","embeddable":true,"href":"https:\/\/gpl-love.com\/es\/wp-json\/wp\/v2\/product_tag?post=120015"}],"curies":[{"name":"wp","href":"https:\/\/api.w.org\/{rel}","templated":true}]}}