{"id":120013,"date":"2021-12-17T00:00:00","date_gmt":"2021-12-17T05:00:00","guid":{"rendered":"https:\/\/gpl-love.com\/es\/?post_type=product&#038;p=120013"},"modified":"2026-03-09T07:19:24","modified_gmt":"2026-03-09T12:19:24","slug":"automatorwp-ultimate-member","status":"publish","type":"product","link":"https:\/\/gpl-love.com\/es\/producto\/automatorwp-ultimate-member\/","title":{"rendered":"AutomatorWP Ultimate Member 1.0.2"},"content":{"rendered":"<h3>AutomatorWP Ultimate Member Caracteristicas<\/h3>\n<p>AutomatorWP Ultimate Miembro demuestra ser un complemento incre\u00edblemente potente que le otorga la capacidad de automatizar convenientemente su sitio web de miembro final. Su riqueza de caracter\u00edsticas avanzadas junto con su interfaz f\u00e1cil de usar trabajan armoniosamente para facilitar la creaci\u00f3n de desencadenantes y acciones personalizadas, en \u00faltima instancia, optimizando la funcionalidad de su sitio web. Ya sea que anhele la generaci\u00f3n autom\u00e1tica de cuentas de usuario o la difusi\u00f3n de correos electr\u00f3nicos a medida, AutomatorWP Ultimate Miembro cumple sin esfuerzo estas aspiraciones. Adem\u00e1s, su dise\u00f1o notablemente intuitivo garantiza que incluso las personas desprovistas de experiencia en codificaci\u00f3n pueden establecer y administrar flujos de trabajo automatizados. Adem\u00e1s, su amplia gama de integraciones permite la fusi\u00f3n de AutomatorWP Ultimate Miembro con otros complementos y herramientas, aumentando a\u00fan m\u00e1s la funcionalidad general de su sitio web. Por lo tanto, para aquellos que buscan otorgar la automatizaci\u00f3n en su sitio web de Ultimate Member, AutomatorWP Ultimate Miembro sirve como una herramienta ideal de elecci\u00f3n.<\/p>\n<ul>\n<li>Integra el miembro Ultimate con AutomatorWP<\/li>\n<li>Automatizar flujos de trabajo y acciones relacionados con los miembros<\/li>\n<li>Producir procesos de registro e inicio de sesi\u00f3n<\/li>\n<li>Automatizar las notificaciones por correo electr\u00f3nico para varios eventos relacionados con los miembros<\/li>\n<li>Opciones de automatizaci\u00f3n personalizables y flexibles<\/li>\n<li>Ahorra tiempo y aumenta la eficiencia para los administradores del sitio web<\/li>\n<li>Mejora la experiencia del usuario para los miembros reduciendo los procesos manuales<\/li>\n<li>Compatible con las \u00faltimas versiones de Ultimate Miembro y WordPress<\/li>\n<li>F\u00e1cil de usar y f\u00e1cil de configurar<\/li>\n<li>Opciones de precios asequibles para todo tipo de sitios web y usuarios.<\/li>\n<\/ul>\n","protected":false},"excerpt":{"rendered":"<p>Descubra el poder de la automatizaci\u00f3n con AutomatorWP Ultimate Miembro. Este software de vanguardia se integra a la perfecci\u00f3n con Ultimate Miembro, un complemento l\u00edder de WordPress, lo que le permite automatizar una variedad de tareas. Con esta poderosa herramienta, puede crear flujos de trabajo ilimitados y automatizar todo, desde enviar correos electr\u00f3nicos hasta administrar membres\u00edas. Ya sea que sea un miembro principiante o experto, AutomatorWP Ultimate, ofrece una interfaz f\u00e1cil de usar que hace que la automatizaci\u00f3n sea muy f\u00e1cil. Disfrutar\u00e1 de beneficios como una mayor eficiencia, una mejor gesti\u00f3n de miembros y m\u00e1s tiempo para concentrarse en hacer crecer su sitio. Con el miembro AutomatorWP Ultimate, no solo est\u00e1 comprando un producto, sino que est\u00e1 invirtiendo en una soluci\u00f3n que revolucionar\u00e1 la forma en que administra su comunidad en l\u00ednea.<\/p>\n","protected":false},"featured_media":165431,"comment_status":"open","ping_status":"open","template":"","meta":[],"product_brand":[2368],"product_cat":[1212,1206,1211],"product_tag":[2210],"class_list":{"0":"post-120013","1":"product","2":"type-product","3":"status-publish","4":"has-post-thumbnail","6":"product_brand-automatorwp","7":"product_cat-administracion-wordpress-plugins","8":"product_cat-plugins","9":"product_cat-wordpress-plugins","10":"product_tag-automatorwp","11":"member-discount","12":"discount-restricted","14":"first","15":"instock","16":"sale","17":"downloadable","18":"virtual","19":"sold-individually","20":"purchasable","21":"product-type-simple"},"_links":{"self":[{"href":"https:\/\/gpl-love.com\/es\/wp-json\/wp\/v2\/product\/120013","targetHints":{"allow":["GET"]}}],"collection":[{"href":"https:\/\/gpl-love.com\/es\/wp-json\/wp\/v2\/product"}],"about":[{"href":"https:\/\/gpl-love.com\/es\/wp-json\/wp\/v2\/types\/product"}],"replies":[{"embeddable":true,"href":"https:\/\/gpl-love.com\/es\/wp-json\/wp\/v2\/comments?post=120013"}],"wp:featuredmedia":[{"embeddable":true,"href":"https:\/\/gpl-love.com\/es\/wp-json\/wp\/v2\/media\/165431"}],"wp:attachment":[{"href":"https:\/\/gpl-love.com\/es\/wp-json\/wp\/v2\/media?parent=120013"}],"wp:term":[{"taxonomy":"product_brand","embeddable":true,"href":"https:\/\/gpl-love.com\/es\/wp-json\/wp\/v2\/product_brand?post=120013"},{"taxonomy":"product_cat","embeddable":true,"href":"https:\/\/gpl-love.com\/es\/wp-json\/wp\/v2\/product_cat?post=120013"},{"taxonomy":"product_tag","embeddable":true,"href":"https:\/\/gpl-love.com\/es\/wp-json\/wp\/v2\/product_tag?post=120013"}],"curies":[{"name":"wp","href":"https:\/\/api.w.org\/{rel}","templated":true}]}}