{"id":120011,"date":"2021-11-26T00:00:00","date_gmt":"2021-11-26T05:00:00","guid":{"rendered":"https:\/\/gpl-love.com\/es\/?post_type=product&#038;p=120011"},"modified":"2026-03-09T07:19:23","modified_gmt":"2026-03-09T12:19:23","slug":"automatorwp-twilio","status":"publish","type":"product","link":"https:\/\/gpl-love.com\/es\/producto\/automatorwp-twilio\/","title":{"rendered":"AutomatorWP Twilio 1.0.0"},"content":{"rendered":"<h3>AutomatorWP Twilio Caracteristicas<\/h3>\n<p>El AutomatorWP Twilio es una herramienta de automatizaci\u00f3n de una potencia significativa, y otorga a las empresas la capacidad de enviar notificaciones de SMS a sus estimados clientes a trav\u00e9s de la reconocida plataforma Twilio. Este software de vanguardia ofrece a las empresas la oportunidad \u00fanica de optimizar sus procesos de comunicaci\u00f3n y actualizar r\u00e1pidamente a sus valiosos clientes con informaci\u00f3n en tiempo real. Ya sea que el objetivo es enviar recordatorios para citas, confirmaciones para pedidos o mensajes de marketing persuasivos, el AutomatorWP Twilio permite sin esfuerzo la creaci\u00f3n de notificaciones SMS personalizadas que involucran efectivamente a los clientes y estimulan las ventas. Adem\u00e1s, la integraci\u00f3n con Twilio es sin problemas, garantizando que los mensajes se transmitan de manera r\u00e1pida y confiable. Esta herramienta indispensable es una necesidad absoluta para las empresas que buscan optimizar sus procesos de comunicaci\u00f3n y mantenerse por delante de sus competidores, independientemente de si son establecimientos a peque\u00f1a escala o empresas a gran escala. Por lo tanto, el AutomatorWP Twilio es un activo indispensable para cualquier individuo o entidad que busque reforzar la participaci\u00f3n de sus clientes y facilitar el crecimiento de su empresa comercial.<\/p>\n<ul>\n<li>F\u00e1cil integraci\u00f3n de Twilio SMS y Capacidades de llamadas de voz en su sitio web de WordPress.<\/li>\n<li>Automatice notificaciones, alertas y recordatorios a trav\u00e9s de SMS y llamadas de voz.<\/li>\n<li>Instalaci\u00f3n y configuraci\u00f3n de un solo clic para la integraci\u00f3n perfecta.<\/li>\n<li>Activar notificaciones de llamadas de SMS y voz basadas en eventos.<\/li>\n<li>Cree flujos de trabajo personalizados con automatizaci\u00f3n paso a paso utilizando el complemento AutomatorWP.<\/li>\n<li>Env\u00ede plantillas SMS predise\u00f1adas para mensajes m\u00e1s r\u00e1pidos.<\/li>\n<li>Programe SMS automatizados y llamadas de voz para futuros eventos.<\/li>\n<li>Cree mensajes personalizados con datos din\u00e1micos y campos personalizados.<\/li>\n<li>Monitorear la entrega y rastrear las respuestas de SMS.<\/li>\n<li>Comunicaci\u00f3n segura y privada con cifrado de extremo a extremo.<\/li>\n<\/ul>\n","protected":false},"excerpt":{"rendered":"<p>AutomatorWP Twilio es una herramienta revolucionaria dise\u00f1ada para impulsar su estrategia de marketing. Le permite conectar su sitio de WordPress a su cuenta Twilio, proporcionando una integraci\u00f3n perfecta para las notificaciones de SMS y las campa\u00f1as de marketing automatizadas. Las caracter\u00edsticas clave de AutomatorWP Twilio incluyen personalizaci\u00f3n de mensajes, seguimiento de campa\u00f1as de SMS y una interfaz f\u00e1cil de usar. Con AutomatorWP Twilio, se beneficia de la comunicaci\u00f3n en tiempo real con sus clientes, un aumento de la participaci\u00f3n del cliente y las tasas de conversi\u00f3n mejoradas. Atrae a m\u00e1s clientes y mant\u00e9ngalos informados sobre sus \u00faltimas ofertas utilizando AutomatorWP Twilio.<\/p>\n","protected":false},"featured_media":165430,"comment_status":"open","ping_status":"open","template":"","meta":[],"product_brand":[2368],"product_cat":[1212,1206,1211],"product_tag":[2210],"class_list":{"0":"post-120011","1":"product","2":"type-product","3":"status-publish","4":"has-post-thumbnail","6":"product_brand-automatorwp","7":"product_cat-administracion-wordpress-plugins","8":"product_cat-plugins","9":"product_cat-wordpress-plugins","10":"product_tag-automatorwp","11":"member-discount","12":"discount-restricted","14":"first","15":"instock","16":"sale","17":"downloadable","18":"virtual","19":"sold-individually","20":"purchasable","21":"product-type-simple"},"_links":{"self":[{"href":"https:\/\/gpl-love.com\/es\/wp-json\/wp\/v2\/product\/120011","targetHints":{"allow":["GET"]}}],"collection":[{"href":"https:\/\/gpl-love.com\/es\/wp-json\/wp\/v2\/product"}],"about":[{"href":"https:\/\/gpl-love.com\/es\/wp-json\/wp\/v2\/types\/product"}],"replies":[{"embeddable":true,"href":"https:\/\/gpl-love.com\/es\/wp-json\/wp\/v2\/comments?post=120011"}],"wp:featuredmedia":[{"embeddable":true,"href":"https:\/\/gpl-love.com\/es\/wp-json\/wp\/v2\/media\/165430"}],"wp:attachment":[{"href":"https:\/\/gpl-love.com\/es\/wp-json\/wp\/v2\/media?parent=120011"}],"wp:term":[{"taxonomy":"product_brand","embeddable":true,"href":"https:\/\/gpl-love.com\/es\/wp-json\/wp\/v2\/product_brand?post=120011"},{"taxonomy":"product_cat","embeddable":true,"href":"https:\/\/gpl-love.com\/es\/wp-json\/wp\/v2\/product_cat?post=120011"},{"taxonomy":"product_tag","embeddable":true,"href":"https:\/\/gpl-love.com\/es\/wp-json\/wp\/v2\/product_tag?post=120011"}],"curies":[{"name":"wp","href":"https:\/\/api.w.org\/{rel}","templated":true}]}}