{"id":120009,"date":"2021-11-26T00:00:00","date_gmt":"2021-11-26T05:00:00","guid":{"rendered":"https:\/\/gpl-love.com\/es\/?post_type=product&#038;p=120009"},"modified":"2026-03-09T07:19:26","modified_gmt":"2026-03-09T12:19:26","slug":"automatorwp-upsell-plugin","status":"publish","type":"product","link":"https:\/\/gpl-love.com\/es\/producto\/automatorwp-upsell-plugin\/","title":{"rendered":"AutomatorWP Upsell Plugin 1.0.0"},"content":{"rendered":"<h3>AutomatorWP Upsell Plugin Caracteristicas<\/h3>\n<p>El complemento AutomatorWP Upsell es una herramienta extremadamente potente que ha sido intrincadamente dise\u00f1ada para ayudar a los propietarios de tiendas en l\u00ednea a intensificar su generaci\u00f3n de ingresos mediante la propuesta de productos suplementarios a los clientes mientras est\u00e1n en proceso de ver sus compras. Este notable complemento funciona sin problemas junto con WooCommerce, as\u00ed como con otras plataformas de comercio electr\u00f3nico, automatizando por lo tanto todo el procedimiento de venta adicional. Aprovechando el poder de los algoritmos de aprendizaje autom\u00e1tico de vanguardia, este complemento analiza y eval\u00faa meticulosamente los patrones de comportamiento de los clientes para recomendar astutamente los productos m\u00e1s pertinentes y adecuados. Adem\u00e1s, permite a los propietarios de tiendas a las propuestas de ventas a medida sin esfuerzo que se muestran estrat\u00e9gicamente a los clientes en funci\u00f3n de sus transacciones pasadas. Al aprovechar las notables capacidades del complemento AutomatorWP Oversell, los propietarios de tiendas pueden permitir aumentar sin esfuerzo sus ventas y, al mismo tiempo, proporcionar una experiencia de compra mejorada y m\u00e1s gratificante a sus estimados clientes.<\/p>\n<ul>\n<li>Instalaci\u00f3n f\u00e1cil y proceso de configuraci\u00f3n<\/li>\n<li>Aumenta el potencial de ingresos para los propietarios de las tiendas de WooCommerce<\/li>\n<li>Ofrece una variedad de opciones de venta adicional personalizable<\/li>\n<li>Compatible con pasarelas de pago populares<\/li>\n<li>Ayuda a mejorar la experiencia del cliente sugiriendo productos o descuentos relevantes.<\/li>\n<li>Desencadenantes autom\u00e1ticos para sugerencias de venta adicional basadas en el comportamiento del usuario<\/li>\n<li>Soporte de varios idiomas para negocios globales de comercio electr\u00f3nico<\/li>\n<li>Proporciona an\u00e1lisis detallados e informes para el seguimiento del rendimiento de la venta de la ventaja<\/li>\n<li>Actualizaciones continuas y soporte del equipo AutomatorWP.<\/li>\n<li>No se requiere conocimiento de codificaci\u00f3n para el uso.<\/li>\n<\/ul>\n","protected":false},"excerpt":{"rendered":"<p>Descubra la potencia y la flexibilidad del complemento AutomatorWP Upsell, un complemento premium dise\u00f1ado para optimizar su sitio web, aumentar las ventas y aumentar la participaci\u00f3n del cliente. Este complemento ofrece una interfaz intuitiva y f\u00e1cil de usar, lo que le permite aumentar f\u00e1cilmente a sus clientes. Con AutomatorWP, puede automatizar sus esfuerzos de marketing, optimizar su proceso de ventas y hacer que sus operaciones sean m\u00e1s eficientes. Es perfecto para las empresas de comercio electr\u00f3nico que buscan maximizar sus m\u00e1rgenes de ganancias al tiempo que proporciona una mejor experiencia de compra para sus clientes. Las caracter\u00edsticas clave del complemento incluyen ventas automatizadas, recomendaciones personalizadas y an\u00e1lisis en profundidad. Con el complemento AutomatorWP Upsell, puede llevar su negocio en l\u00ednea al siguiente nivel al revelar efectivamente sus productos o servicios de una manera que se sienta natural y fluida para sus clientes. Comience a usar AutomatorWP hoy y experimente los beneficios de la venta automatizada.<\/p>\n","protected":false},"featured_media":165432,"comment_status":"open","ping_status":"open","template":"","meta":[],"product_brand":[2368],"product_cat":[1232,1206,1211],"product_tag":[2210],"class_list":{"0":"post-120009","1":"product","2":"type-product","3":"status-publish","4":"has-post-thumbnail","6":"product_brand-automatorwp","7":"product_cat-marketing-wordpress-plugins","8":"product_cat-plugins","9":"product_cat-wordpress-plugins","10":"product_tag-automatorwp","11":"member-discount","12":"discount-restricted","14":"first","15":"instock","16":"sale","17":"downloadable","18":"virtual","19":"sold-individually","20":"purchasable","21":"product-type-simple"},"_links":{"self":[{"href":"https:\/\/gpl-love.com\/es\/wp-json\/wp\/v2\/product\/120009","targetHints":{"allow":["GET"]}}],"collection":[{"href":"https:\/\/gpl-love.com\/es\/wp-json\/wp\/v2\/product"}],"about":[{"href":"https:\/\/gpl-love.com\/es\/wp-json\/wp\/v2\/types\/product"}],"replies":[{"embeddable":true,"href":"https:\/\/gpl-love.com\/es\/wp-json\/wp\/v2\/comments?post=120009"}],"wp:featuredmedia":[{"embeddable":true,"href":"https:\/\/gpl-love.com\/es\/wp-json\/wp\/v2\/media\/165432"}],"wp:attachment":[{"href":"https:\/\/gpl-love.com\/es\/wp-json\/wp\/v2\/media?parent=120009"}],"wp:term":[{"taxonomy":"product_brand","embeddable":true,"href":"https:\/\/gpl-love.com\/es\/wp-json\/wp\/v2\/product_brand?post=120009"},{"taxonomy":"product_cat","embeddable":true,"href":"https:\/\/gpl-love.com\/es\/wp-json\/wp\/v2\/product_cat?post=120009"},{"taxonomy":"product_tag","embeddable":true,"href":"https:\/\/gpl-love.com\/es\/wp-json\/wp\/v2\/product_tag?post=120009"}],"curies":[{"name":"wp","href":"https:\/\/api.w.org\/{rel}","templated":true}]}}