{"id":120007,"date":"2025-06-12T00:00:00","date_gmt":"2025-06-12T05:00:00","guid":{"rendered":"https:\/\/gpl-love.com\/es\/?post_type=product&#038;p=120007"},"modified":"2026-03-09T07:19:27","modified_gmt":"2026-03-09T12:19:27","slug":"automatorwp-wishlist-member","status":"publish","type":"product","link":"https:\/\/gpl-love.com\/es\/producto\/automatorwp-wishlist-member\/","title":{"rendered":"AutomatorWP WishList Member 1.0.5"},"content":{"rendered":"<h3>AutomatorWP WishList Member Caracteristicas<\/h3>\n<p>Automatorwp Wishlist Miembro es una herramienta de integraci\u00f3n muy robusta que ha sido dise\u00f1ada espec\u00edficamente para integrarse perfectamente con el miembro de la lista de deseos popular, que es un complemento de membres\u00eda para WordPress. Esta herramienta de integraci\u00f3n fenomenal sirve como un cambio de juego, ya que le permite automatizar una amplia gama de tareas y acciones en su sitio de membres\u00eda, ahorr\u00e1ndole efectivamente un valioso tiempo y esfuerzo. Al utilizar el miembro de la lista de deseos AutomatorWP, obtiene la incre\u00edble capacidad de crear flujos de trabajo de automatizaci\u00f3n sin esfuerzo que administran eficientemente los niveles de membres\u00eda, restringen expertos el acceso de contenido, env\u00eden h\u00e1bilmente correos electr\u00f3nicos a sus miembros estimados y mucho m\u00e1s. Esta herramienta excepcional realmente le permite elevar y mejorar la funcionalidad general de su sitio de membres\u00eda, lo que aumenta con \u00e9xito las tasas de compromiso y retenci\u00f3n, lo que finalmente conduce a un crecimiento comercial significativo. Otro aspecto notable del miembro de la lista de deseos de AutomatorWP es su interfaz notablemente f\u00e1cil de usar, que combina sin problemas con sus caracter\u00edsticas avanzadas para proporcionarle una experiencia de usuario inigualable. Sin lugar a dudas, el miembro de la lista de deseos de AutomatorWP es un activo indispensable para cualquier propietario del sitio de membres\u00eda que busque activamente racionalizar sus flujos de trabajo y mejorar con \u00e9xito la experiencia general de sus miembros estimados.<\/p>\n<ul>\n<li>Se integra con el miembro de la lista de deseos para crear flujos de trabajo de automatizaci\u00f3n<\/li>\n<li>Automatizar tareas de gesti\u00f3n de membres\u00eda<\/li>\n<li>Ahorra tiempo al racionalizar el proceso de membres\u00eda<\/li>\n<li>Aumenta la eficiencia al automatizar tareas tediosas<\/li>\n<li>Incluye desencadenantes, acciones y condiciones preconstruidas.<\/li>\n<li>Personalizable para satisfacer las necesidades espec\u00edficas de su sitio de membres\u00eda<\/li>\n<li>Interfaz f\u00e1cil de usar para f\u00e1cil configuraci\u00f3n y uso<\/li>\n<li>Compatible con WordPress<\/li>\n<li>Opciones de precios asequibles disponibles<\/li>\n<li>Actualizaciones regulares y atenci\u00f3n al cliente proporcionadas<\/li>\n<\/ul>\n","protected":false},"excerpt":{"rendered":"<p>Automatorwp Wishlist Miembro es un poderoso complemento f\u00e1cil de usar dise\u00f1ado para optimizar la administraci\u00f3n de su sitio de membres\u00eda. Le permite automatizar numerosas tareas, como cambios en el nivel de membres\u00eda, control de acceso a contenido y notificaciones por correo electr\u00f3nico, basadas en desencadenantes espec\u00edficos. Este complemento est\u00e1 completamente integrado con el popular sistema de miembros de la lista de deseos, asegurando una operaci\u00f3n perfecta y la m\u00e1xima funcionalidad. Con el miembro de la lista de deseos AutomatorWP, puede mejorar significativamente la eficiencia de su sitio, mejorar la experiencia del usuario y, en \u00faltima instancia, hacer crecer su comunidad de membres\u00eda en l\u00ednea. Es perfecto para cualquier negocio o individuo que busque una soluci\u00f3n de gesti\u00f3n de membres\u00eda robusta y efectiva.<\/p>\n","protected":false},"featured_media":165433,"comment_status":"open","ping_status":"open","template":"","meta":[],"product_brand":[2368],"product_cat":[1212,1206,1211],"product_tag":[2210],"class_list":{"0":"post-120007","1":"product","2":"type-product","3":"status-publish","4":"has-post-thumbnail","6":"product_brand-automatorwp","7":"product_cat-administracion-wordpress-plugins","8":"product_cat-plugins","9":"product_cat-wordpress-plugins","10":"product_tag-automatorwp","11":"member-discount","12":"discount-restricted","14":"first","15":"instock","16":"sale","17":"downloadable","18":"virtual","19":"sold-individually","20":"purchasable","21":"product-type-simple"},"_links":{"self":[{"href":"https:\/\/gpl-love.com\/es\/wp-json\/wp\/v2\/product\/120007","targetHints":{"allow":["GET"]}}],"collection":[{"href":"https:\/\/gpl-love.com\/es\/wp-json\/wp\/v2\/product"}],"about":[{"href":"https:\/\/gpl-love.com\/es\/wp-json\/wp\/v2\/types\/product"}],"replies":[{"embeddable":true,"href":"https:\/\/gpl-love.com\/es\/wp-json\/wp\/v2\/comments?post=120007"}],"wp:featuredmedia":[{"embeddable":true,"href":"https:\/\/gpl-love.com\/es\/wp-json\/wp\/v2\/media\/165433"}],"wp:attachment":[{"href":"https:\/\/gpl-love.com\/es\/wp-json\/wp\/v2\/media?parent=120007"}],"wp:term":[{"taxonomy":"product_brand","embeddable":true,"href":"https:\/\/gpl-love.com\/es\/wp-json\/wp\/v2\/product_brand?post=120007"},{"taxonomy":"product_cat","embeddable":true,"href":"https:\/\/gpl-love.com\/es\/wp-json\/wp\/v2\/product_cat?post=120007"},{"taxonomy":"product_tag","embeddable":true,"href":"https:\/\/gpl-love.com\/es\/wp-json\/wp\/v2\/product_tag?post=120007"}],"curies":[{"name":"wp","href":"https:\/\/api.w.org\/{rel}","templated":true}]}}