{"id":120005,"date":"2023-01-28T00:00:00","date_gmt":"2023-01-28T05:00:00","guid":{"rendered":"https:\/\/gpl-love.com\/es\/?post_type=product&#038;p=120005"},"modified":"2026-03-09T07:19:31","modified_gmt":"2026-03-09T12:19:31","slug":"automatorwp-wpadverts","status":"publish","type":"product","link":"https:\/\/gpl-love.com\/es\/producto\/automatorwp-wpadverts\/","title":{"rendered":"AutomatorWP WPAdverts 1.0.1"},"content":{"rendered":"<h3>AutomatorWP WPAdverts Caracteristicas<\/h3>\n<p>AutomatorWP WPADverts es una herramienta incre\u00edble que le otorga la capacidad de automatizar una gran cantidad de tareas que pertenecen a su sitio web de WordPress. Este complemento ha sido dise\u00f1ado espec\u00edficamente para integrarse sin problemas con WPADverts, un complemento clasificado inmensamente popular en WordPress. Al emplear AutomatorWP WPADverts, puede establecer sin esfuerzo flujos de trabajo personalizados que automatizan efectivamente tareas como la creaci\u00f3n de anuncios, la gesti\u00f3n de listados, la difusi\u00f3n de notificaciones y mucho m\u00e1s. Este complemento sirve como la soluci\u00f3n por excelencia para las personas que buscan optimizar su sitio web clasificado y conservar un tiempo invaluable que de otro modo se desperdiciar\u00eda en tareas mon\u00f3tonas. AutomatorWP WPADverts es f\u00e1cil de usar, sino que tambi\u00e9n cuenta con una inmensa flexibilidad y compatibilidad con una amplia selecci\u00f3n de otros complementos y temas. Independientemente de si posee una gran experiencia como desarrollador o simplemente se embarcan en su viaje con WordPress, AutomatorWP WPADverts sirve como un activo invaluable para impulsar su sitio web de clasificados a alturas sin precedentes.<\/p>\n<ul>\n<li>Integraci\u00f3n perfecta de AutomatorWP y WPADverts<\/li>\n<li>Automatizaci\u00f3n avanzada de WPADverts utilizando desencadenantes y acciones AutomatorWP<\/li>\n<li>Ahorra tiempo y esfuerzo valiosos a trav\u00e9s de procesos automatizados<\/li>\n<li>Flujos de trabajo de automatizaci\u00f3n altamente personalizables<\/li>\n<li>Se puede utilizar para automatizar varios procesos WPADverts, como registros de usuarios, env\u00edos de anuncios, pagos y m\u00e1s<\/li>\n<li>Reduce las posibilidades de errores y mejora la eficiencia general<\/li>\n<li>Evolucionando continuamente con actualizaciones y mejoras regulares<\/li>\n<li>Compatible con las \u00faltimas versiones de WordPress, AutomatorWP y WPADverts<\/li>\n<li>Proporciona documentaci\u00f3n detallada y soporte confiable<\/li>\n<li>Una gran inversi\u00f3n para empresas e individuos que buscan racionalizar sus flujos de trabajo WPADverts.<\/li>\n<\/ul>\n","protected":false},"excerpt":{"rendered":"<p>AutomatorWP WPADverts es una herramienta altamente eficiente que se integra perfectamente con su sitio web de WordPress. Est\u00e1 dise\u00f1ado para mejorar la funcionalidad y la experiencia del usuario de su sitio mediante la automatizaci\u00f3n de varias tareas. Con WPADverts, puede administrar sin esfuerzo sus clasificadas en l\u00ednea y publicaciones publicitarias. Es altamente personalizable y f\u00e1cil de usar, asegurando que tanto los principiantes como los usuarios experimentados puedan navegarlo con facilidad. Uno de los beneficios clave del uso de AutomatorWP WPADverts es su capacidad para ahorrarle tiempo y recursos, que puede canalizar a otros aspectos de su negocio. Esta herramienta se trata de crear un proceso simplificado y eficiente para administrar sus anuncios en l\u00ednea, aumentando as\u00ed la productividad y, en \u00faltima instancia, su resultado final.<\/p>\n","protected":false},"featured_media":165436,"comment_status":"open","ping_status":"open","template":"","meta":[],"product_brand":[2368],"product_cat":[1232,1206,1211],"product_tag":[2210],"class_list":{"0":"post-120005","1":"product","2":"type-product","3":"status-publish","4":"has-post-thumbnail","6":"product_brand-automatorwp","7":"product_cat-marketing-wordpress-plugins","8":"product_cat-plugins","9":"product_cat-wordpress-plugins","10":"product_tag-automatorwp","11":"member-discount","12":"discount-restricted","14":"first","15":"instock","16":"sale","17":"downloadable","18":"virtual","19":"sold-individually","20":"purchasable","21":"product-type-simple"},"_links":{"self":[{"href":"https:\/\/gpl-love.com\/es\/wp-json\/wp\/v2\/product\/120005","targetHints":{"allow":["GET"]}}],"collection":[{"href":"https:\/\/gpl-love.com\/es\/wp-json\/wp\/v2\/product"}],"about":[{"href":"https:\/\/gpl-love.com\/es\/wp-json\/wp\/v2\/types\/product"}],"replies":[{"embeddable":true,"href":"https:\/\/gpl-love.com\/es\/wp-json\/wp\/v2\/comments?post=120005"}],"wp:featuredmedia":[{"embeddable":true,"href":"https:\/\/gpl-love.com\/es\/wp-json\/wp\/v2\/media\/165436"}],"wp:attachment":[{"href":"https:\/\/gpl-love.com\/es\/wp-json\/wp\/v2\/media?parent=120005"}],"wp:term":[{"taxonomy":"product_brand","embeddable":true,"href":"https:\/\/gpl-love.com\/es\/wp-json\/wp\/v2\/product_brand?post=120005"},{"taxonomy":"product_cat","embeddable":true,"href":"https:\/\/gpl-love.com\/es\/wp-json\/wp\/v2\/product_cat?post=120005"},{"taxonomy":"product_tag","embeddable":true,"href":"https:\/\/gpl-love.com\/es\/wp-json\/wp\/v2\/product_tag?post=120005"}],"curies":[{"name":"wp","href":"https:\/\/api.w.org\/{rel}","templated":true}]}}