{"id":119997,"date":"2022-02-25T00:00:00","date_gmt":"2022-02-25T05:00:00","guid":{"rendered":"https:\/\/gpl-love.com\/es\/?post_type=product&#038;p=119997"},"modified":"2026-04-10T11:18:01","modified_gmt":"2026-04-10T16:18:01","slug":"mythemeshop-emaxstore-wordpress-theme","status":"publish","type":"product","link":"https:\/\/gpl-love.com\/es\/producto\/mythemeshop-emaxstore-wordpress-theme\/","title":{"rendered":"MyThemeShop Emaxstore WordPress Theme 1.4.12"},"content":{"rendered":"<h3>MyThemeShop Emaxstore WordPress Theme Caracteristicas<\/h3>\n<p>Mythemeshop EmaxStore WordPress, un tema extremadamente personalizable y lleno de funciones adaptado espec\u00edficamente para sitios web de comercio electr\u00f3nico, presenta una amplia gama de opciones de dise\u00f1o, esquemas de color y opciones de fuentes, todas contribuyendo a la personalizaci\u00f3n de su escaparate virtual. Imbustado de un dise\u00f1o elegante y contempor\u00e1neo, este tema garantiza no solo los tiempos de carga r\u00e1pidos sino tambi\u00e9n la navegaci\u00f3n perfecta, debido a su c\u00f3digo impecable y optimizado. Adem\u00e1s, EmaxStore cuenta con una variedad de caracter\u00edsticas integradas, como controles deslizantes de productos, funcionalidad de vista r\u00e1pida del producto y una barra lateral personalizable, todas las cuales facilitan la exhibici\u00f3n efectiva y la promoci\u00f3n de su mercanc\u00eda, mejorando as\u00ed la visibilidad de su marca. Adem\u00e1s, este tema est\u00e1 meticulosamente elaborado con la optimizaci\u00f3n de motores de b\u00fasqueda en su n\u00facleo, simplificando as\u00ed el proceso de elevar la clasificaci\u00f3n de su sitio web en motores de b\u00fasqueda prominentes. En conclusi\u00f3n, el tema de Mythemeshop Emaxstore WordPress surge inequ\u00edvocamente como la opci\u00f3n ideal para cualquier tienda en l\u00ednea que busque establecer una presencia digital profesional y visualmente cautivadora.<\/p>\n<ul>\n<li>Dise\u00f1o receptivo que est\u00e1 optimizado para todos los dispositivos<\/li>\n<li>15 widgets personalizados, incluidos botones de redes sociales y publicaciones de blog recientes<\/li>\n<li>Seis opciones de dise\u00f1o diferentes para p\u00e1ginas de inicio y p\u00e1ginas individuales<\/li>\n<li>M\u00faltiples esquemas de color para elegir, con opciones de personalizaci\u00f3n f\u00e1ciles<\/li>\n<li>Sistema de revisi\u00f3n incorporado para productos y servicios<\/li>\n<li>Capacidad para exhibir productos y promociones destacados en la p\u00e1gina de inicio<\/li>\n<li>Proceso de instalaci\u00f3n de un solo clic, con f\u00e1cil importaci\u00f3n de contenido de demostraci\u00f3n<\/li>\n<li>C\u00f3digo optimizado de SEO para una mejor visibilidad del motor de b\u00fasqueda<\/li>\n<li>Compatible con todos los complementos principales y versiones de WordPress<\/li>\n<li>Acceso de por vida a actualizaciones y atenci\u00f3n al cliente.<\/li>\n<\/ul>\n","protected":false},"excerpt":{"rendered":"<p>El tema de WordPress EmaxStore, desarrollado por Mythemeshop, es una opci\u00f3n ejemplar para sitios web de comercio electr\u00f3nico que buscan una est\u00e9tica pulida y contempor\u00e1nea. Con un dise\u00f1o totalmente receptivo, una variedad de widgets personalizables y un sistema de navegaci\u00f3n dise\u00f1ado intuitivamente, este tema es una plataforma ideal para mostrar de manera efectiva su mercanc\u00eda y expandir su base de clientes. Adem\u00e1s, el tema EmaxStore proporciona una extensa gama de alternativas de personalizaci\u00f3n y caracter\u00edsticas valiosas, que incluyen un control deslizante din\u00e1mico de productos, una funci\u00f3n de lista de deseos y optimizaci\u00f3n de optimizaci\u00f3n de motores de b\u00fasqueda (SEO). Independientemente de si est\u00e1 vendiendo bienes tangibles o art\u00edculos virtuales, el tema EmaxStore sin duda lo capacitar\u00e1 para dise\u00f1ar un establecimiento minorista en l\u00ednea sofisticado y cautivador.<\/p>\n","protected":false},"featured_media":166899,"comment_status":"open","ping_status":"open","template":"","meta":[],"product_brand":[2505],"product_cat":[1263,1264,1237],"product_tag":[1334],"class_list":{"0":"post-119997","1":"product","2":"type-product","3":"status-publish","4":"has-post-thumbnail","6":"product_brand-my-theme-shop","7":"product_cat-comercio-electronico-temas","8":"product_cat-negocio","9":"product_cat-temas","10":"product_tag-my-theme-shop","11":"member-discount","12":"discount-restricted","14":"first","15":"instock","16":"sale","17":"downloadable","18":"virtual","19":"sold-individually","20":"purchasable","21":"product-type-simple"},"_links":{"self":[{"href":"https:\/\/gpl-love.com\/es\/wp-json\/wp\/v2\/product\/119997","targetHints":{"allow":["GET"]}}],"collection":[{"href":"https:\/\/gpl-love.com\/es\/wp-json\/wp\/v2\/product"}],"about":[{"href":"https:\/\/gpl-love.com\/es\/wp-json\/wp\/v2\/types\/product"}],"replies":[{"embeddable":true,"href":"https:\/\/gpl-love.com\/es\/wp-json\/wp\/v2\/comments?post=119997"}],"wp:featuredmedia":[{"embeddable":true,"href":"https:\/\/gpl-love.com\/es\/wp-json\/wp\/v2\/media\/166899"}],"wp:attachment":[{"href":"https:\/\/gpl-love.com\/es\/wp-json\/wp\/v2\/media?parent=119997"}],"wp:term":[{"taxonomy":"product_brand","embeddable":true,"href":"https:\/\/gpl-love.com\/es\/wp-json\/wp\/v2\/product_brand?post=119997"},{"taxonomy":"product_cat","embeddable":true,"href":"https:\/\/gpl-love.com\/es\/wp-json\/wp\/v2\/product_cat?post=119997"},{"taxonomy":"product_tag","embeddable":true,"href":"https:\/\/gpl-love.com\/es\/wp-json\/wp\/v2\/product_tag?post=119997"}],"curies":[{"name":"wp","href":"https:\/\/api.w.org\/{rel}","templated":true}]}}