{"id":119995,"date":"2021-12-04T00:00:00","date_gmt":"2021-12-04T05:00:00","guid":{"rendered":"https:\/\/gpl-love.com\/es\/?post_type=product&#038;p=119995"},"modified":"2026-04-10T11:17:57","modified_gmt":"2026-04-10T16:17:57","slug":"mythemeshop-cyprus-wordpress-theme","status":"publish","type":"product","link":"https:\/\/gpl-love.com\/es\/producto\/mythemeshop-cyprus-wordpress-theme\/","title":{"rendered":"MyThemeShop Cyprus WordPress Theme 1.1.3"},"content":{"rendered":"<h3>MyThemeShop Cyprus WordPress Theme Caracteristicas<\/h3>\n<p>El tema Mythemeshop Chipre WordPress, con su naturaleza impresionante y vers\u00e1til, sirve como una opci\u00f3n impecable para aquellos que tienen como objetivo crear sitios web profesionales. Al mostrar una variedad de caracter\u00edsticas y alternativas de personalizaci\u00f3n, este tema facilita la creaci\u00f3n de plataformas en l\u00ednea distintas y personalizadas, adaptadas a los requisitos espec\u00edficos de los usuarios. Con un dise\u00f1o elegante y contempor\u00e1neo, Chipre es el ep\u00edtome de la excelencia cuando se trata de acentuar los productos, servicios o cartera de uno. Adem\u00e1s, este tema garantiza una experiencia de usuario perfecta en varios dispositivos, gracias a sus caracter\u00edsticas totalmente receptivas. Los atributos notables del tema de Chipre abarcan la provisi\u00f3n de widgets personalizados, velocidades de carga expeditantes y una interfaz intuitivamente navegable. Independientemente del nivel de competencia de uno en el desarrollo del sitio web, el tema de Chipre se considera una selecci\u00f3n \u00f3ptima para las personas que desean establecer una presencia en l\u00ednea profesional y cautivadora.<\/p>\n<ul>\n<li>Dise\u00f1o limpio y moderno con un ambiente mediterr\u00e1neo sutil<\/li>\n<li>Dise\u00f1o totalmente receptivo y amigable para m\u00f3viles para una visualizaci\u00f3n \u00f3ptima en todos los dispositivos<\/li>\n<li>Integraci\u00f3n de redes sociales incorporadas para compartir f\u00e1cilmente contenido en plataformas populares<\/li>\n<li>Opciones de personalizaci\u00f3n f\u00e1ciles que incluyen esquemas de color e im\u00e1genes de fondo<\/li>\n<li>Optimizado de SEO para mejorar la clasificaci\u00f3n de los motores de b\u00fasqueda y atraer m\u00e1s visitantes<\/li>\n<li>Sistema de gesti\u00f3n de anuncios incorporado para una f\u00e1cil monetizaci\u00f3n de su sitio web<\/li>\n<li>Importaci\u00f3n de demostraci\u00f3n de un solo clic para configurar r\u00e1pidamente su sitio web con plantillas predise\u00f1adas<\/li>\n<li>Lista de traducci\u00f3n para sitios web multiling\u00fces<\/li>\n<li>Compatible con complementos populares de WordPress para una funcionalidad adicional<\/li>\n<li>Actualizado regularmente para garantizar la compatibilidad con la \u00faltima versi\u00f3n de WordPress y parches de seguridad<\/li>\n<\/ul>\n","protected":false},"excerpt":{"rendered":"<p>El tema de Chipre WordPress, desarrollado por Mythemeshop, cuenta con un dise\u00f1o visualmente impresionante y contempor\u00e1neo que es adecuado para una amplia gama de sitios web comerciales. Con su dise\u00f1o simplificado y su amplia opci\u00f3n de personalizaci\u00f3n, la creaci\u00f3n sin esfuerzo de un sitio web de primer nivel est\u00e1 completamente al alcance. Este tema es abundante con caracter\u00edsticas valiosas, que incluyen widgets personalizados, capacidades de optimizaci\u00f3n de motores de b\u00fasqueda, integraci\u00f3n perfecta con plataformas de redes sociales y una gran cantidad de otras funcionalidades impresionantes. Adem\u00e1s, es totalmente receptivo, asegurando que su sitio mantenga su atractivo visual y funcionalidad en todos los dispositivos. No pierda tiempo y se embarque en su viaje hacia un sitio web pulido y sofisticado al optar por el tema de Chipre WordPress hoy: el ep\u00edtome de la profesionalidad est\u00e1 a solo unos clics de distancia.<\/p>\n","protected":false},"featured_media":166895,"comment_status":"open","ping_status":"open","template":"","meta":[],"product_brand":[2505],"product_cat":[1267,1237,1238],"product_tag":[1334],"class_list":{"0":"post-119995","1":"product","2":"type-product","3":"status-publish","4":"has-post-thumbnail","6":"product_brand-my-theme-shop","7":"product_cat-creativo","8":"product_cat-temas","9":"product_cat-wordpress-temas","10":"product_tag-my-theme-shop","11":"member-discount","12":"discount-restricted","14":"first","15":"instock","16":"sale","17":"downloadable","18":"virtual","19":"sold-individually","20":"purchasable","21":"product-type-simple"},"_links":{"self":[{"href":"https:\/\/gpl-love.com\/es\/wp-json\/wp\/v2\/product\/119995","targetHints":{"allow":["GET"]}}],"collection":[{"href":"https:\/\/gpl-love.com\/es\/wp-json\/wp\/v2\/product"}],"about":[{"href":"https:\/\/gpl-love.com\/es\/wp-json\/wp\/v2\/types\/product"}],"replies":[{"embeddable":true,"href":"https:\/\/gpl-love.com\/es\/wp-json\/wp\/v2\/comments?post=119995"}],"wp:featuredmedia":[{"embeddable":true,"href":"https:\/\/gpl-love.com\/es\/wp-json\/wp\/v2\/media\/166895"}],"wp:attachment":[{"href":"https:\/\/gpl-love.com\/es\/wp-json\/wp\/v2\/media?parent=119995"}],"wp:term":[{"taxonomy":"product_brand","embeddable":true,"href":"https:\/\/gpl-love.com\/es\/wp-json\/wp\/v2\/product_brand?post=119995"},{"taxonomy":"product_cat","embeddable":true,"href":"https:\/\/gpl-love.com\/es\/wp-json\/wp\/v2\/product_cat?post=119995"},{"taxonomy":"product_tag","embeddable":true,"href":"https:\/\/gpl-love.com\/es\/wp-json\/wp\/v2\/product_tag?post=119995"}],"curies":[{"name":"wp","href":"https:\/\/api.w.org\/{rel}","templated":true}]}}