{"id":119993,"date":"2021-11-25T00:00:00","date_gmt":"2021-11-25T05:00:00","guid":{"rendered":"https:\/\/gpl-love.com\/es\/?post_type=product&#038;p=119993"},"modified":"2026-03-13T17:25:17","modified_gmt":"2026-03-13T22:25:17","slug":"mythemeshop-coupon-wordpress-theme","status":"publish","type":"product","link":"https:\/\/gpl-love.com\/es\/producto\/mythemeshop-coupon-wordpress-theme\/","title":{"rendered":"MyThemeShop Coupon WordPress Theme 2.2.3"},"content":{"rendered":"<h3>MyThemeShop Coupon WordPress Theme Caracteristicas<\/h3>\n<p>El tema del cup\u00f3n Mythemeshop WordPress es un tema excepcional y de primera l\u00ednea que ha sido meticulosamente elaborado con el \u00fanico prop\u00f3sito de permitir que las personas creen sin esfuerzo y sin problemas sus propios sitios web de cupones. En particular, este tema en particular cuenta con una facilidad de uso y personalizaci\u00f3n incomparable, lo que lo hace adecuado para personas que pueden no poseer ning\u00fan dominio de codificaci\u00f3n previa. Adem\u00e1s, su extensa gama de caracter\u00edsticas potentes amplifica a\u00fan m\u00e1s su atractivo, incluida, entre otros, la presencia de un carrusel de cup\u00f3n verdaderamente personalizable y atractivo, formularios de env\u00edo f\u00e1ciles de usar, as\u00ed como un sistema de calificaci\u00f3n incre\u00edblemente efectivo y confiable.<\/p>\n<p>En un esfuerzo por garantizar una funcionalidad \u00f3ptima y una satisfacci\u00f3n general del usuario, el tema de WordPress del cup\u00f3n Mythemeshop ha sufrido una optimizaci\u00f3n integral para la optimizaci\u00f3n de la velocidad y el motor de b\u00fasqueda (SEO). En consecuencia, se garantiza que su sitio web exhibir\u00e1 notable r\u00e1pida y se puede descubrir sin esfuerzo en varios motores de b\u00fasqueda. Adem\u00e1s, este tema ha sido dise\u00f1ado por expertos para ser completamente receptivo, lo que genera la creaci\u00f3n de un sitio web de cup\u00f3n visualmente impresionante y altamente funcional que se adaptar\u00e1 sin esfuerzo y se ver\u00e1 excelente en cualquier dispositivo.<\/p>\n<p>Sin lugar a dudas, debe reconocerse que el tema de WordPress de cup\u00f3n Mythemeshop posee una propensi\u00f3n innegable para empoderar a los usuarios para desarrollar y mantener efectivamente un sitio web de cup\u00f3n profesional e inmensamente exitoso que sin duda cautivar\u00e1 y retendr\u00e1 la atenci\u00f3n de un visitante extenso y leal. base.<\/p>\n<ul>\n<li>Dise\u00f1o elegante y profesional perfecto para exhibir cupones y ofertas<\/li>\n<li>Opciones de tema totalmente personalizables que le permiten personalizar el aspecto de su sitio web<\/li>\n<li>Arrastre y suelte HomePage Builder para una f\u00e1cil construcci\u00f3n de sitios<\/li>\n<li>11 widgets personalizados para mostrar ofertas, ofertas y categor\u00edas<\/li>\n<li>Sistema de gesti\u00f3n de anuncios para monetizar su sitio web y obtener ingresos<\/li>\n<li>SEO optimizado para mejorar la visibilidad en los motores de b\u00fasqueda<\/li>\n<li>Totalmente receptivo y amigable para los dispositivos m\u00f3viles para la experiencia de usuario optimizada en todos los dispositivos<\/li>\n<li>Traducci\u00f3n lista para una audiencia global<\/li>\n<li>Importaci\u00f3n de demostraci\u00f3n de un solo clic para una configuraci\u00f3n r\u00e1pida y f\u00e1cil<\/li>\n<li>Actualizaciones regulares y excelente atenci\u00f3n al cliente del equipo de Mythemeshop.<\/li>\n<\/ul>\n","protected":false},"excerpt":{"rendered":"<p>El tema del cup\u00f3n Mythemeshop WordPress es una opci\u00f3n impecable para aquellas personas que buscan forjar un sitio web de cup\u00f3n sofisticado y elegante. Este tema cuenta con una notable facilidad de uso, imbuyendo con la capacidad de navegar sin esfuerzo por su interfaz y hacer las personalizaciones necesarias. Adem\u00e1s, est\u00e1 repleto de una extensa gama de caracter\u00edsticas que est\u00e1n espec\u00edficamente dise\u00f1adas para facilitar la creaci\u00f3n de un sitio web atractivo y cautivador. Est\u00e9ticamente hablando, este tema cuenta con un dise\u00f1o elegante y moderno que est\u00e1 garantizado para cautivar la atenci\u00f3n de los visitantes del sitio web, asegurando as\u00ed un per\u00edodo prolongado de tiempo dedicado a la lectura de los diversos acuerdos que se ofrecen. Adem\u00e1s, el cup\u00f3n Mythemeshop WordPress Temo ofrece una integraci\u00f3n perfecta que le otorga la capacidad de crear y administrar cupones, ofertas y c\u00f3digos promocionales sin esfuerzo. Adem\u00e1s, el tema es totalmente receptivo, lo que lo hace visualmente atractivo en cualquier dispositivo, independientemente de su tama\u00f1o o tipo. Adem\u00e1s, se le otorgar\u00e1 acceso a una variedad de opciones de personalizaci\u00f3n, lo que le permite adaptar el tema a sus preferencias y requisitos espec\u00edficos. El tema tambi\u00e9n est\u00e1 equipado con un extenso repertorio de c\u00f3digos cortos incorporados, una caracter\u00edstica que sin duda simplifica el proceso de agregar funcionalidades y elementos deseados a su sitio web. Adem\u00e1s, el dise\u00f1o del tema se ha optimizado meticulosamente para la optimizaci\u00f3n de motores de b\u00fasqueda, asegurando as\u00ed que su sitio web alcance una mejor visibilidad en las p\u00e1ginas de resultados del motor de b\u00fasqueda. Por \u00faltimo, el tema tambi\u00e9n le brinda la oportunidad de mejorar la funcionalidad de su sitio web a trav\u00e9s de la incorporaci\u00f3n de varios widgets, elevando as\u00ed su sitio web a nuevas alturas. \u00a1Emp\u00e1rate en tu viaje para construir un sitio web de cup\u00f3n impresionante hoy aprovechando las notables capacidades del tema del cup\u00f3n Mythemeshop WordPress!<\/p>\n","protected":false},"featured_media":166893,"comment_status":"open","ping_status":"open","template":"","meta":[],"product_brand":[2505],"product_cat":[1245,1237,1238],"product_tag":[1334],"class_list":{"0":"post-119993","1":"product","2":"type-product","3":"status-publish","4":"has-post-thumbnail","6":"product_brand-my-theme-shop","7":"product_cat-blog-revista","8":"product_cat-temas","9":"product_cat-wordpress-temas","10":"product_tag-my-theme-shop","11":"member-discount","12":"discount-restricted","14":"first","15":"instock","16":"sale","17":"downloadable","18":"virtual","19":"sold-individually","20":"purchasable","21":"product-type-simple"},"_links":{"self":[{"href":"https:\/\/gpl-love.com\/es\/wp-json\/wp\/v2\/product\/119993","targetHints":{"allow":["GET"]}}],"collection":[{"href":"https:\/\/gpl-love.com\/es\/wp-json\/wp\/v2\/product"}],"about":[{"href":"https:\/\/gpl-love.com\/es\/wp-json\/wp\/v2\/types\/product"}],"replies":[{"embeddable":true,"href":"https:\/\/gpl-love.com\/es\/wp-json\/wp\/v2\/comments?post=119993"}],"wp:featuredmedia":[{"embeddable":true,"href":"https:\/\/gpl-love.com\/es\/wp-json\/wp\/v2\/media\/166893"}],"wp:attachment":[{"href":"https:\/\/gpl-love.com\/es\/wp-json\/wp\/v2\/media?parent=119993"}],"wp:term":[{"taxonomy":"product_brand","embeddable":true,"href":"https:\/\/gpl-love.com\/es\/wp-json\/wp\/v2\/product_brand?post=119993"},{"taxonomy":"product_cat","embeddable":true,"href":"https:\/\/gpl-love.com\/es\/wp-json\/wp\/v2\/product_cat?post=119993"},{"taxonomy":"product_tag","embeddable":true,"href":"https:\/\/gpl-love.com\/es\/wp-json\/wp\/v2\/product_tag?post=119993"}],"curies":[{"name":"wp","href":"https:\/\/api.w.org\/{rel}","templated":true}]}}