{"id":119991,"date":"2021-02-09T00:00:00","date_gmt":"2021-02-09T05:00:00","guid":{"rendered":"https:\/\/gpl-love.com\/es\/producto\/mythemeshop-content-locker-pro\/"},"modified":"2026-04-10T11:17:54","modified_gmt":"2026-04-10T16:17:54","slug":"mythemeshop-content-locker-pro","status":"publish","type":"product","link":"https:\/\/gpl-love.com\/es\/producto\/mythemeshop-content-locker-pro\/","title":{"rendered":"MyThemeShop Content Locker Pro 1.0.16"},"content":{"rendered":"<h3>MyThemeShop Content Locker Pro Caracteristicas<\/h3>\n<p>Mythemeshop Content Locker Pro se presenta como un complemento de WordPress excepcionalmente robusto, que act\u00faa como un catalizador para los propietarios de sitios web que buscan un mayor compromiso y generaci\u00f3n de leads. Esto se logra mediante el incentivo de proporcionar contenido exclusivo dependiendo de la adquisici\u00f3n de me gusta y acciones de las redes sociales, suscripciones de correo electr\u00f3nico u otras acciones del usuario. La naturaleza f\u00e1cil de usar de esta herramienta faculta a los propietarios del sitio web para fabricar widgets de bloqueo cautivadores y personalizables, fomentando as\u00ed una mayor interacci\u00f3n de los visitantes con el contenido y cultivando un seguimiento inquebrantable y dedicado. Independientemente de si su objetivo es respaldar sus productos, proliferar su lista de correo electr\u00f3nico o simplemente reforzar su presencia en l\u00ednea en varias plataformas de redes sociales, Mythemeshop Content Locker Pro proporciona sin esfuerzo una soluci\u00f3n vers\u00e1til y efectiva que indudablemente catapullar\u00e1 sus esfuerzos de marketing en l\u00ednea a las alturas de marketing sin paralizar .<\/p>\n<ul>\n<li>Aumento del tr\u00e1fico del sitio web a trav\u00e9s del bloqueo de contenido<\/li>\n<li>Lockers personalizables con opciones de color y diferentes efectos de animaci\u00f3n<\/li>\n<li>Capacidad para bloquear las p\u00e1ginas y las piezas de contenido individuales<\/li>\n<li>Opci\u00f3n para exigir el intercambio de redes sociales o la suscripci\u00f3n por correo electr\u00f3nico para acceder al contenido bloqueado<\/li>\n<li>Integraci\u00f3n con las principales plataformas de marketing por correo electr\u00f3nico para facilitar la gesti\u00f3n de suscriptores<\/li>\n<li>An\u00e1lisis detallado para rastrear el rendimiento del casillero y optimizar la estrategia<\/li>\n<li>Tiempos de carga r\u00e1pida para mejorar la experiencia del usuario<\/li>\n<li>Dise\u00f1o amigable para dispositivos m\u00f3viles para una f\u00e1cil visualizaci\u00f3n en todos los dispositivos<\/li>\n<li>Compra \u00fanica con actualizaciones y soporte de por vida.<\/li>\n<\/ul>\n","protected":false},"excerpt":{"rendered":"<p>El Mythemeshop Content Locker Pro es un complemento incre\u00edblemente robusto y efectivo que le presenta la oportunidad fenomenal de salvaguardar su contenido de primer nivel y excepcional detr\u00e1s de un muro de pago impenetrable, que lo ayuda sin esfuerzo y sustancialmente a aumentar sus ingresos generales para su sitio web estimado. En virtud de este complemento extremadamente innovador y de vanguardia, podr\u00e1 fabricar y dise\u00f1ar expertos en casilleros a medida y personalizados que se programen ingeniosamente para ser desbloqueados de manera conveniente y sin esfuerzo por los estimados visitantes a trav\u00e9s de diversos medios, incluidos pero que incluyen No se limita a las acciones de las redes sociales, los comentarios o incluso los pagos. Adem\u00e1s, vale la pena se\u00f1alar que este notable complemento tambi\u00e9n incorpora una caracter\u00edstica de an\u00e1lisis integral y sofisticada, que indudablemente imparte informaci\u00f3n invaluable y perspicaz que sin duda le permitir\u00e1 monitorear y escrutinizar meticulosamente y dexteramente el progreso triunfante y fruct\u00edfero de su casillero. Adem\u00e1s, es crucial resaltar que este complemento impresionante tambi\u00e9n le otorga el privilegio exclusivo para establecer y establecer meticulosamente y establecer reglas de bloqueo individualizadas y personalizadas para cada pieza de contenido valioso y apreciado. Sin lugar a dudas, este complemento incomparable e inigualable es indiscutiblemente el ep\u00edtome de la brillantez tecnol\u00f3gica y es inequ\u00edvocamente la soluci\u00f3n \u00f3ptima para cualquier persona que busque monetizar su contenido premium e incomparable.<\/p>\n","protected":false},"featured_media":166890,"comment_status":"open","ping_status":"open","template":"","meta":[],"product_brand":[2505],"product_cat":[1214,1206,1211],"product_tag":[1334],"class_list":{"0":"post-119991","1":"product","2":"type-product","3":"status-publish","4":"has-post-thumbnail","6":"product_brand-my-theme-shop","7":"product_cat-personalizacion","8":"product_cat-plugins","9":"product_cat-wordpress-plugins","10":"product_tag-my-theme-shop","11":"member-discount","12":"discount-restricted","14":"first","15":"instock","16":"sale","17":"downloadable","18":"virtual","19":"sold-individually","20":"purchasable","21":"product-type-simple"},"_links":{"self":[{"href":"https:\/\/gpl-love.com\/es\/wp-json\/wp\/v2\/product\/119991","targetHints":{"allow":["GET"]}}],"collection":[{"href":"https:\/\/gpl-love.com\/es\/wp-json\/wp\/v2\/product"}],"about":[{"href":"https:\/\/gpl-love.com\/es\/wp-json\/wp\/v2\/types\/product"}],"replies":[{"embeddable":true,"href":"https:\/\/gpl-love.com\/es\/wp-json\/wp\/v2\/comments?post=119991"}],"wp:featuredmedia":[{"embeddable":true,"href":"https:\/\/gpl-love.com\/es\/wp-json\/wp\/v2\/media\/166890"}],"wp:attachment":[{"href":"https:\/\/gpl-love.com\/es\/wp-json\/wp\/v2\/media?parent=119991"}],"wp:term":[{"taxonomy":"product_brand","embeddable":true,"href":"https:\/\/gpl-love.com\/es\/wp-json\/wp\/v2\/product_brand?post=119991"},{"taxonomy":"product_cat","embeddable":true,"href":"https:\/\/gpl-love.com\/es\/wp-json\/wp\/v2\/product_cat?post=119991"},{"taxonomy":"product_tag","embeddable":true,"href":"https:\/\/gpl-love.com\/es\/wp-json\/wp\/v2\/product_tag?post=119991"}],"curies":[{"name":"wp","href":"https:\/\/api.w.org\/{rel}","templated":true}]}}