{"id":119989,"date":"2021-11-25T00:00:00","date_gmt":"2021-11-25T05:00:00","guid":{"rendered":"https:\/\/gpl-love.com\/es\/?post_type=product&#038;p=119989"},"modified":"2026-03-13T17:25:15","modified_gmt":"2026-03-13T22:25:15","slug":"mythemeshop-cleanapp-wordpress-theme","status":"publish","type":"product","link":"https:\/\/gpl-love.com\/es\/producto\/mythemeshop-cleanapp-wordpress-theme\/","title":{"rendered":"MyThemeShop Cleanapp WordPress Theme 1.1.9"},"content":{"rendered":"<h3>MyThemeShop Cleanapp WordPress Theme Caracteristicas<\/h3>\n<p>El tema Mythemeshop CleanApp WordPress es una excelente opci\u00f3n para las personas que desean un dise\u00f1o elegante y contempor\u00e1neo para su sitio web, ya que posee un dise\u00f1o limpio y minimalista. Este tema es particularmente adecuado para empresas, nuevas empresas y personas que desean exhibir sus productos o servicios de manera profesional y elegante. Adem\u00e1s, este tema es totalmente receptivo y amigable con los dispositivos m\u00f3viles, lo que permite a sus visitantes acceder f\u00e1cilmente a su contenido desde cualquier dispositivo. Adem\u00e1s, est\u00e1 equipado con caracter\u00edsticas avanzadas como widgets personalizados, botones de intercambio social y una amplia gama de opciones de color, lo que le otorga la capacidad de personalizar cada aspecto de su sitio de acuerdo con su marca \u00fanica. Independientemente de si tiene la intenci\u00f3n de establecer un blog, cartera o sitio de comercio electr\u00f3nico, el tema Mythemeshop CleanApp es una opci\u00f3n vers\u00e1til y f\u00e1cil de usar que lo ayudar\u00e1 a establecer una presencia en l\u00ednea cautivadora.<\/p>\n<ul>\n<li>Dise\u00f1o limpio y moderno perfecto para exhibir aplicaciones m\u00f3viles<\/li>\n<li>Totalmente receptivo y optimizado para dispositivos m\u00f3viles<\/li>\n<li>Instalaci\u00f3n de un solo clic para una f\u00e1cil configuraci\u00f3n<\/li>\n<li>Encabezados y pies de p\u00e1gina personalizables<\/li>\n<li>Widgets personalizados que incluyen insignias y testimonios de tiendas de aplicaciones<\/li>\n<li>SEO optimizado para clasificaciones de motores de b\u00fasqueda m\u00e1s altos<\/li>\n<li>Traducci\u00f3n lista para audiencias globales<\/li>\n<li>Opciones de color ilimitadas para flexibilidad de marca<\/li>\n<li>Velocidad de carga r\u00e1pida para una experiencia de usuario \u00f3ptima<\/li>\n<li>Compatible con complementos populares de WordPress como WooCommerce y el Formulario de contacto 7<\/li>\n<\/ul>\n","protected":false},"excerpt":{"rendered":"<p>El tema Mythemeshop CleanApp WordPress se presenta como un tema visualmente atractivo y contempor\u00e1neo, ideal con el fin de mostrar aplicaciones m\u00f3viles o productos de software. A trav\u00e9s de su dise\u00f1o limpio y minimalista, este tema enfatiza efectivamente su contenido, lo que permite a los visitantes navegar sin esfuerzo y localizar su informaci\u00f3n deseada. Adem\u00e1s, la capacidad de respuesta completa del tema asegura que mantenga su apariencia inmaculada en todos los dispositivos. Adem\u00e1s, ofrece una gran cantidad de opciones de personalizaci\u00f3n, brind\u00e1ndole la oportunidad de adaptarlo a los requisitos espec\u00edficos de su marca. Adem\u00e1s, el tema cuenta con una variedad de funcionalidades incorporadas, como una integraci\u00f3n de redes sociales perfectas, tablas de precios informativas y capturas de capturas de pantalla de aplicaciones cautivadoras, lo que lo convierte en una opci\u00f3n ejemplar para desarrolladores, startups y creadores de aplicaciones independientes por igual.<\/p>\n","protected":false},"featured_media":166889,"comment_status":"open","ping_status":"open","template":"","meta":[],"product_brand":[2505],"product_cat":[1267,1237,1238],"product_tag":[1334],"class_list":{"0":"post-119989","1":"product","2":"type-product","3":"status-publish","4":"has-post-thumbnail","6":"product_brand-my-theme-shop","7":"product_cat-creativo","8":"product_cat-temas","9":"product_cat-wordpress-temas","10":"product_tag-my-theme-shop","11":"member-discount","12":"discount-restricted","14":"first","15":"instock","16":"sale","17":"downloadable","18":"virtual","19":"sold-individually","20":"purchasable","21":"product-type-simple"},"_links":{"self":[{"href":"https:\/\/gpl-love.com\/es\/wp-json\/wp\/v2\/product\/119989","targetHints":{"allow":["GET"]}}],"collection":[{"href":"https:\/\/gpl-love.com\/es\/wp-json\/wp\/v2\/product"}],"about":[{"href":"https:\/\/gpl-love.com\/es\/wp-json\/wp\/v2\/types\/product"}],"replies":[{"embeddable":true,"href":"https:\/\/gpl-love.com\/es\/wp-json\/wp\/v2\/comments?post=119989"}],"wp:featuredmedia":[{"embeddable":true,"href":"https:\/\/gpl-love.com\/es\/wp-json\/wp\/v2\/media\/166889"}],"wp:attachment":[{"href":"https:\/\/gpl-love.com\/es\/wp-json\/wp\/v2\/media?parent=119989"}],"wp:term":[{"taxonomy":"product_brand","embeddable":true,"href":"https:\/\/gpl-love.com\/es\/wp-json\/wp\/v2\/product_brand?post=119989"},{"taxonomy":"product_cat","embeddable":true,"href":"https:\/\/gpl-love.com\/es\/wp-json\/wp\/v2\/product_cat?post=119989"},{"taxonomy":"product_tag","embeddable":true,"href":"https:\/\/gpl-love.com\/es\/wp-json\/wp\/v2\/product_tag?post=119989"}],"curies":[{"name":"wp","href":"https:\/\/api.w.org\/{rel}","templated":true}]}}