{"id":119987,"date":"2022-03-03T00:00:00","date_gmt":"2022-03-03T05:00:00","guid":{"rendered":"https:\/\/gpl-love.com\/es\/?post_type=product&#038;p=119987"},"modified":"2026-04-10T11:17:52","modified_gmt":"2026-04-10T16:17:52","slug":"mythemeshop-business-wordpress-theme","status":"publish","type":"product","link":"https:\/\/gpl-love.com\/es\/producto\/mythemeshop-business-wordpress-theme\/","title":{"rendered":"MyThemeShop Business WordPress Theme 1.1.12"},"content":{"rendered":"<h3>MyThemeShop Business WordPress Theme Caracteristicas<\/h3>\n<p>El tema Mythemeshop Business WordPress tiene la distinci\u00f3n de ser un tema vers\u00e1til y f\u00e1cil de usar que ha sido dise\u00f1ado espec\u00edficamente para satisfacer las necesidades de las empresas, ya sea peque\u00f1o, mediano o grande. Los dise\u00f1adores de este tema han desarrollado minuciosamente un dise\u00f1o elegante y moderno que seguramente dejar\u00e1 una impresi\u00f3n duradera en cualquiera que ponga sus ojos en \u00e9l. No solo eso, sino que este tema tambi\u00e9n ofrece una amplia gama de opciones de personalizaci\u00f3n, otorgando as\u00ed a los usuarios la libertad de dise\u00f1ar un sitio web que sea verdaderamente \u00fanico y profesional de naturaleza, mientras que se mantiene fiel a su identidad de marca.<\/p>\n<p>Adem\u00e1s, este tema est\u00e1 equipado con una mir\u00edada de plantillas y widgets preconstruidos, simplificando as\u00ed el proceso de creaci\u00f3n de p\u00e1ginas, exhibiendo productos y servicios y arrojando luz sobre piezas cruciales como la historia de la compa\u00f1\u00eda, los miembros del equipo, tambi\u00e9n. como los estimados testimonios del cliente. Lo que es a\u00fan m\u00e1s impresionante es que este tema ha sido meticulosamente optimizado para fines de optimizaci\u00f3n de motores de b\u00fasqueda (SEO) y capacidad de respuesta m\u00f3vil. Como resultado, los usuarios pueden estar seguros de que su sitio web escalar\u00e1 sin esfuerzo los rangos de los resultados del motor de b\u00fasqueda, independientemente de que el dispositivo se utilice para acceder a \u00e9l.<\/p>\n<p>Para agregar a su encanto, el tema Mythemeshop Business WordPress cuenta con una gran cantidad de caracter\u00edsticas robustas, que incluyen, entre otros, una p\u00e1gina de inicio altamente personalizable, un poderoso panel de opciones y capacidades de integraci\u00f3n perfecta con complementos populares. En virtud de estas caracter\u00edsticas, las empresas pueden aprovechar todo lo que necesitan para forjar una presencia formidable en l\u00ednea que garantice un flujo constante de tr\u00e1fico, un compromiso significativo con su audiencia y, en \u00faltima instancia, un aumento sustancial en las conversiones.<\/p>\n<ul>\n<li>Dise\u00f1o elegante y profesional para empresas y corporaciones<\/li>\n<li>Dise\u00f1o totalmente receptivo para una visualizaci\u00f3n \u00f3ptima en todos los dispositivos<\/li>\n<li>M\u00faltiples p\u00e1ginas de inicio y dise\u00f1os de blog para elegir<\/li>\n<li>Opciones personalizables de encabezado y pie de p\u00e1gina<\/li>\n<li>Integraci\u00f3n con complementos y widgets populares como WooCommerce y el Formulario de contacto 7<\/li>\n<li>SEO optimizado para clasificaciones de motores de b\u00fasqueda m\u00e1s altos<\/li>\n<li>Panel de opciones de temas avanzados para una f\u00e1cil personalizaci\u00f3n<\/li>\n<li>Actualizaciones regulares y documentaci\u00f3n extensa para el apoyo continuo<\/li>\n<li>Velocidades de carga r\u00e1pidas para mejorar la experiencia del usuario<\/li>\n<li>Traducci\u00f3n lista para alcance global<\/li>\n<li>Importar de demostraci\u00f3n de un solo clic para una f\u00e1cil configuraci\u00f3n del sitio web.<\/li>\n<\/ul>\n","protected":false},"excerpt":{"rendered":"<p>El tema Mythemeshop Business WordPress es un tema exquisitamente dise\u00f1ado y de ingenier\u00eda meticulosamente dise\u00f1ada espec\u00edficamente para satisfacer las necesidades de las empresas y las personas emprendedoras. Con un dise\u00f1o inmaculado y contempor\u00e1neo, este tema presenta una variedad de atributos y funcionalidades altamente adaptables y personalizables, lo que permite la creaci\u00f3n de un sitio web visualmente cautivador e impresionante. Su repertorio abarca una mir\u00edada de opciones de dise\u00f1o, widgets a medida y un dise\u00f1o din\u00e1mico y receptivo que se adapta sin esfuerzo a todos los tama\u00f1os y dispositivos de pantalla. Adem\u00e1s, este tema integra sin esfuerzo la optimizaci\u00f3n de motores de b\u00fasqueda incorporados, asegurando una mayor visibilidad y capacidad de descubrimiento, al tiempo que proporciona velocidades de carga expeditantes que garantizan una experiencia de usuario incomparable. Por \u00faltimo, pero no menos importante, las empresas de todas las magnitudes pueden estar seguros de saber que este tema est\u00e1 acompa\u00f1ado por un sistema de atenci\u00f3n al cliente excepcional, lo que lo convierte en una soluci\u00f3n inequ\u00edvocamente impecable para todos sus requisitos digitales.<\/p>\n","protected":false},"featured_media":166888,"comment_status":"open","ping_status":"open","template":"","meta":[],"product_brand":[2505],"product_cat":[1307,1237,1238],"product_tag":[1334],"class_list":{"0":"post-119987","1":"product","2":"type-product","3":"status-publish","4":"has-post-thumbnail","6":"product_brand-my-theme-shop","7":"product_cat-negocio-wordpress-temas","8":"product_cat-temas","9":"product_cat-wordpress-temas","10":"product_tag-my-theme-shop","11":"member-discount","12":"discount-restricted","14":"first","15":"instock","16":"sale","17":"downloadable","18":"virtual","19":"sold-individually","20":"purchasable","21":"product-type-simple"},"_links":{"self":[{"href":"https:\/\/gpl-love.com\/es\/wp-json\/wp\/v2\/product\/119987","targetHints":{"allow":["GET"]}}],"collection":[{"href":"https:\/\/gpl-love.com\/es\/wp-json\/wp\/v2\/product"}],"about":[{"href":"https:\/\/gpl-love.com\/es\/wp-json\/wp\/v2\/types\/product"}],"replies":[{"embeddable":true,"href":"https:\/\/gpl-love.com\/es\/wp-json\/wp\/v2\/comments?post=119987"}],"wp:featuredmedia":[{"embeddable":true,"href":"https:\/\/gpl-love.com\/es\/wp-json\/wp\/v2\/media\/166888"}],"wp:attachment":[{"href":"https:\/\/gpl-love.com\/es\/wp-json\/wp\/v2\/media?parent=119987"}],"wp:term":[{"taxonomy":"product_brand","embeddable":true,"href":"https:\/\/gpl-love.com\/es\/wp-json\/wp\/v2\/product_brand?post=119987"},{"taxonomy":"product_cat","embeddable":true,"href":"https:\/\/gpl-love.com\/es\/wp-json\/wp\/v2\/product_cat?post=119987"},{"taxonomy":"product_tag","embeddable":true,"href":"https:\/\/gpl-love.com\/es\/wp-json\/wp\/v2\/product_tag?post=119987"}],"curies":[{"name":"wp","href":"https:\/\/api.w.org\/{rel}","templated":true}]}}