{"id":119985,"date":"2022-02-28T00:00:00","date_gmt":"2022-02-28T05:00:00","guid":{"rendered":"https:\/\/gpl-love.com\/es\/?post_type=product&#038;p=119985"},"modified":"2026-04-10T11:17:51","modified_gmt":"2026-04-10T16:17:51","slug":"mythemeshop-builders-wordpress-theme","status":"publish","type":"product","link":"https:\/\/gpl-love.com\/es\/producto\/mythemeshop-builders-wordpress-theme\/","title":{"rendered":"MyThemeShop Builders WordPress Theme 1.3.14"},"content":{"rendered":"<h3>MyThemeShop Builders WordPress Theme Caracteristicas<\/h3>\n<p>El tema de WordPress de Mythemeshop Builders es un tema excepcionalmente lleno de funciones y altamente personalizable que posee la capacidad de ayudarlo a crear sitios web visualmente sin esfuerzo. Le otorga acceso a un constructor de p\u00e1ginas de arrastrar y soltar notablemente robusto, otorg\u00e1ndole la capacidad de construir dise\u00f1os intrincados sin esfuerzo con un solo pu\u00f1ado de clics. En virtud de su dise\u00f1o de dise\u00f1o y opciones avanzadas receptivas, se le brinda la facilidad y la conveniencia de adaptar sin esfuerzo su sitio web para alinearse con precisi\u00f3n con sus requisitos \u00fanicos de marca y negocio. Adem\u00e1s, este tema cuenta con una multitud de plantillas predeterminadas meticulosamente elaboradas, cada una meticulosamente adaptada para atender una amplia variedad de nichos, incluidos, entre otros, carteras, blogs y sitios web orientados a los negocios. Adem\u00e1s, este notable tema est\u00e1 imbuido de una gran cantidad de atributos amigables con SEO y cuenta con tiempos de carga excepcionalmente r\u00e1pidos, impulsando as\u00ed a su sitio web a ascender a niveles m\u00e1s altos dentro de la p\u00e1gina de resultados del motor de b\u00fasqueda, al tiempo que proporciona simult\u00e1neamente una experiencia de usuario sin paralelo. Si te encuentras en busca de un tema que amalgame sin problemas, la flexibilidad, la facilidad de uso y una est\u00e9tica inequ\u00edvocamente profesional, los constructores de mythemeshop garantiza inequ\u00edvocamente tu atenci\u00f3n individida.<\/p>\n<ul>\n<li>Tema de WordPress altamente personalizable con el creador de p\u00e1ginas de arrastrar y soltar<\/li>\n<li>Viene con 14 dise\u00f1os prefabricados para comenzar r\u00e1pidamente<\/li>\n<li>Dise\u00f1o totalmente receptivo para dispositivos m\u00f3viles y tabletas<\/li>\n<li>Herramientas de optimizaci\u00f3n de motores de b\u00fasqueda incorporada (SEO) para una mejor clasificaci\u00f3n<\/li>\n<li>Incluye m\u00e1s de 600 fuentes de Google para elegir<\/li>\n<li>Capacidad para crear barras laterales y widgets personalizadas ilimitadas<\/li>\n<li>Compatible con WooCommerce, lo que permite una f\u00e1cil integraci\u00f3n de comercio electr\u00f3nico<\/li>\n<li>Instalaci\u00f3n de demostraci\u00f3n de un solo clic para una f\u00e1cil configuraci\u00f3n<\/li>\n<li>Documentaci\u00f3n detallada y tutoriales en video para uso sin problemas<\/li>\n<li>Atenci\u00f3n al cliente 24\/7 del equipo de Mythemeshop<\/li>\n<\/ul>\n","protected":false},"excerpt":{"rendered":"<p>El tema Builders WordPress, desarrollado por Mythemeshop, es una soluci\u00f3n incre\u00edblemente adaptable y f\u00e1cil de usar para construir sitios web, que atiende a empresas de varias escalas. Equipado con un robusto constructor de arrastrar y soltar, este tema facilita la creaci\u00f3n de sitios web visualmente llamativos sin necesidad de ninguna experiencia de codificaci\u00f3n. Adem\u00e1s, los usuarios tienen la flexibilidad de seleccionar una variedad de plantillas predise\u00f1adas y posteriormente las personalizan de acuerdo con sus requisitos de marca. Adem\u00e1s, este tema abarca una variedad de caracter\u00edsticas que permiten la integraci\u00f3n perfecta de formas, galer\u00edas, alimentos en las redes sociales y mucho m\u00e1s. Con tiempos de carga r\u00e1pida y un apoyo excepcional, el tema de WordPress de Mythemeshop Builders emerge indudablemente como un activo indispensable para las personas que buscan establecer un sitio web comercial exquisito y completamente funcional.<\/p>\n","protected":false},"featured_media":166887,"comment_status":"open","ping_status":"open","template":"","meta":[],"product_brand":[2505],"product_cat":[1267,1237,1238],"product_tag":[1334],"class_list":{"0":"post-119985","1":"product","2":"type-product","3":"status-publish","4":"has-post-thumbnail","6":"product_brand-my-theme-shop","7":"product_cat-creativo","8":"product_cat-temas","9":"product_cat-wordpress-temas","10":"product_tag-my-theme-shop","11":"member-discount","12":"discount-restricted","14":"first","15":"instock","16":"sale","17":"downloadable","18":"virtual","19":"sold-individually","20":"purchasable","21":"product-type-simple"},"_links":{"self":[{"href":"https:\/\/gpl-love.com\/es\/wp-json\/wp\/v2\/product\/119985","targetHints":{"allow":["GET"]}}],"collection":[{"href":"https:\/\/gpl-love.com\/es\/wp-json\/wp\/v2\/product"}],"about":[{"href":"https:\/\/gpl-love.com\/es\/wp-json\/wp\/v2\/types\/product"}],"replies":[{"embeddable":true,"href":"https:\/\/gpl-love.com\/es\/wp-json\/wp\/v2\/comments?post=119985"}],"wp:featuredmedia":[{"embeddable":true,"href":"https:\/\/gpl-love.com\/es\/wp-json\/wp\/v2\/media\/166887"}],"wp:attachment":[{"href":"https:\/\/gpl-love.com\/es\/wp-json\/wp\/v2\/media?parent=119985"}],"wp:term":[{"taxonomy":"product_brand","embeddable":true,"href":"https:\/\/gpl-love.com\/es\/wp-json\/wp\/v2\/product_brand?post=119985"},{"taxonomy":"product_cat","embeddable":true,"href":"https:\/\/gpl-love.com\/es\/wp-json\/wp\/v2\/product_cat?post=119985"},{"taxonomy":"product_tag","embeddable":true,"href":"https:\/\/gpl-love.com\/es\/wp-json\/wp\/v2\/product_tag?post=119985"}],"curies":[{"name":"wp","href":"https:\/\/api.w.org\/{rel}","templated":true}]}}