{"id":119983,"date":"2022-01-05T00:00:00","date_gmt":"2022-01-05T05:00:00","guid":{"rendered":"https:\/\/gpl-love.com\/es\/?post_type=product&#038;p=119983"},"modified":"2026-04-10T11:17:49","modified_gmt":"2026-04-10T16:17:49","slug":"mythemeshop-blogging-wordpress-theme","status":"publish","type":"product","link":"https:\/\/gpl-love.com\/es\/producto\/mythemeshop-blogging-wordpress-theme\/","title":{"rendered":"MyThemeShop Blogging WordPress Theme 3.1.10"},"content":{"rendered":"<h3>MyThemeShop Blogging WordPress Theme Caracteristicas<\/h3>\n<p>El tema de WordPress de Mythemeshop Blogging, con su naturaleza visualmente llamativa y llena de funciones, presenta una opci\u00f3n realmente atractiva para bloggers y creadores de contenido que buscan un dise\u00f1o elegante y moderno. Con una gran cantidad de dise\u00f1os preconstruidos y una variedad de opciones de personalizaci\u00f3n, este tema faculta a los usuarios dise\u00f1ar un sitio web \u00fanico y personalizado, logrando el equilibrio perfecto entre la funcionalidad y el atractivo est\u00e9tico. Adem\u00e1s, este tema est\u00e1 optimizado para garantizar la amistad del motor de b\u00fasqueda y tambi\u00e9n responde, garantizando as\u00ed una experiencia perfecta y f\u00e1cil de usar en todos los dispositivos. Adem\u00e1s, la inclusi\u00f3n de widgets personalizados, la integraci\u00f3n de las redes sociales y un sistema de revisi\u00f3n incorporado mejora a\u00fan m\u00e1s el encanto del tema de WordPress de Blogging Mythemeshop, por lo que es una opci\u00f3n \u00f3ptima para los bloggers con el objetivo de amplificar su presencia en l\u00ednea.<\/p>\n<ul>\n<li>Perfecto para blogueros que buscan un dise\u00f1o elegante y moderno<\/li>\n<li>F\u00e1cilmente personalizable con una gama de opciones de color y variaciones de dise\u00f1o<\/li>\n<li>SEO optimizado para ayudar a su contenido a clasificar m\u00e1s alto en los motores de b\u00fasqueda<\/li>\n<li>El dise\u00f1o receptivo m\u00f3vil asegura que su sitio se vea muy bien en todos los dispositivos<\/li>\n<li>Instalaci\u00f3n de un solo clic y documentaci\u00f3n detallada para una f\u00e1cil configuraci\u00f3n y personalizaci\u00f3n<\/li>\n<li>Integraci\u00f3n de redes sociales incorporadas para ayudarlo a hacer crecer su audiencia y compartir su contenido<\/li>\n<li>Incluye un sistema de gesti\u00f3n de anuncios de banner para monetizar f\u00e1cilmente su sitio<\/li>\n<li>Actualizaciones regulares y soporte dedicado del equipo de Mythemeshop<\/li>\n<li>Compatible con una gama de complementos populares, incluidos WooCommerce y el Formulario de contacto 7<\/li>\n<li>Traducci\u00f3n lista para usuarios de todo el mundo.<\/li>\n<\/ul>\n","protected":false},"excerpt":{"rendered":"<p>Si est\u00e1 en busca de un blog o sitio web espl\u00e9ndido y sofisticado, no busque m\u00e1s que el tema de WordPress de Mythemeshop Blogging. Este tema excepcional ofrece un dise\u00f1o pr\u00edstino y contempor\u00e1neo que se puede adaptar a sus preferencias exactas y es incre\u00edblemente f\u00e1cil de usar, lo que le permite exhibir su contenido de la manera m\u00e1s excepcional imaginable. Ya sea que usted sea un \u00e1vido blogger, un escritor experto o simplemente anhele expresar sus pensamientos a un p\u00fablico m\u00e1s amplio, el tema de WordPress de blogging Mythemeshop es inequ\u00edvocamente el ep\u00edtome de la elecci\u00f3n perfecta para usted. Sus atributos notables, como su interfaz intuitiva, widgets personalizables y dise\u00f1o adaptable, lo capacitar\u00e1n para fabricar un sitio web sorprendente y cautivador que cautivar\u00e1 sin esfuerzo la atenci\u00f3n de sus lectores, atray\u00e9ndolos para que regresen por m\u00e1s. Por lo tanto, si est\u00e1 preparado para elevar su presencia en l\u00ednea a alturas sin precedentes, \u00a1tome la decisi\u00f3n de apoderarse del tema de Mythemeshop Blogging WordPress hoy!<\/p>\n","protected":false},"featured_media":166885,"comment_status":"open","ping_status":"open","template":"","meta":[],"product_brand":[2505],"product_cat":[1245,1237,1238],"product_tag":[1334],"class_list":{"0":"post-119983","1":"product","2":"type-product","3":"status-publish","4":"has-post-thumbnail","6":"product_brand-my-theme-shop","7":"product_cat-blog-revista","8":"product_cat-temas","9":"product_cat-wordpress-temas","10":"product_tag-my-theme-shop","11":"member-discount","12":"discount-restricted","14":"first","15":"instock","16":"sale","17":"downloadable","18":"virtual","19":"sold-individually","20":"purchasable","21":"product-type-simple"},"_links":{"self":[{"href":"https:\/\/gpl-love.com\/es\/wp-json\/wp\/v2\/product\/119983","targetHints":{"allow":["GET"]}}],"collection":[{"href":"https:\/\/gpl-love.com\/es\/wp-json\/wp\/v2\/product"}],"about":[{"href":"https:\/\/gpl-love.com\/es\/wp-json\/wp\/v2\/types\/product"}],"replies":[{"embeddable":true,"href":"https:\/\/gpl-love.com\/es\/wp-json\/wp\/v2\/comments?post=119983"}],"wp:featuredmedia":[{"embeddable":true,"href":"https:\/\/gpl-love.com\/es\/wp-json\/wp\/v2\/media\/166885"}],"wp:attachment":[{"href":"https:\/\/gpl-love.com\/es\/wp-json\/wp\/v2\/media?parent=119983"}],"wp:term":[{"taxonomy":"product_brand","embeddable":true,"href":"https:\/\/gpl-love.com\/es\/wp-json\/wp\/v2\/product_brand?post=119983"},{"taxonomy":"product_cat","embeddable":true,"href":"https:\/\/gpl-love.com\/es\/wp-json\/wp\/v2\/product_cat?post=119983"},{"taxonomy":"product_tag","embeddable":true,"href":"https:\/\/gpl-love.com\/es\/wp-json\/wp\/v2\/product_tag?post=119983"}],"curies":[{"name":"wp","href":"https:\/\/api.w.org\/{rel}","templated":true}]}}