{"id":119981,"date":"2021-11-25T00:00:00","date_gmt":"2021-11-25T05:00:00","guid":{"rendered":"https:\/\/gpl-love.com\/es\/?post_type=product&#038;p=119981"},"modified":"2026-03-13T17:25:11","modified_gmt":"2026-03-13T22:25:11","slug":"mythemeshop-blocks-wordpress-theme","status":"publish","type":"product","link":"https:\/\/gpl-love.com\/es\/producto\/mythemeshop-blocks-wordpress-theme\/","title":{"rendered":"MyThemeShop Blocks WordPress Theme 1.1.0"},"content":{"rendered":"<h3>MyThemeShop Blocks WordPress Theme Caracteristicas<\/h3>\n<p>El tema Mythemeshop Blocks WordPress es un tema incre\u00edblemente robusto y vers\u00e1til que ha sido meticulosamente dise\u00f1ado para ofrecer una experiencia impecablemente suave e integrada para los usuarios. Este tema extraordinario cuenta con una impresionante variedad de bloques y plantillas totalmente personalizables, lo que le permite a los sitios web visualmente llamativos visuales que exudan un aura claramente profesional. Con su interfaz de arrastrar y soltar notablemente f\u00e1cil de usar, tiene la libertad de incorporar y reorganizar contenido sin esfuerzo, dise\u00f1os de ajuste fino y adaptar meticulosamente una gran cantidad de configuraciones para manifestar un sitio web sin problemas. estilo. Los atributos notables de este tema excepcional abarcan su dise\u00f1o inherentemente receptivo, el dominio de la optimizaci\u00f3n de motores de b\u00fasqueda y los tiempos de carga fenomenalmente r\u00e1pidos, todos los cuales culminan colectivamente en la accesibilidad perpetua y la m\u00e1xima expresi\u00f3n de su sitio web. Independientemente de si se identifica como blogger, empresario o propietario de negocios, es inequ\u00edvocamente una elecci\u00f3n ejemplar para el desarrollo de una presencia autorizada, cautivadora e indeleble en l\u00ednea.<\/p>\n<ul>\n<li>Dise\u00f1o receptivo para dispositivos m\u00f3viles y de escritorio<\/li>\n<li>M\u00faltiples bloques predise\u00f1ados para una f\u00e1cil personalizaci\u00f3n<\/li>\n<li>Arrastre y suelte el editor para una f\u00e1cil personalizaci\u00f3n<\/li>\n<li>M\u00e1s de 20 dise\u00f1os de p\u00e1gina de inicio para elegir<\/li>\n<li>SEO optimizado para mejores clasificaciones de b\u00fasqueda<\/li>\n<li>Compatible con complementos populares de WordPress como WooCommerce y el Formulario de contacto 7<\/li>\n<li>Panel de opciones incorporadas para la personalizaci\u00f3n de colores y fuentes<\/li>\n<li>Instalaci\u00f3n de un solo clic para una configuraci\u00f3n r\u00e1pida y f\u00e1cil<\/li>\n<li>Equipo de soporte dedicado disponible las 24 horas, los 7 d\u00edas de la semana, para asistencia<\/li>\n<li>Actualizaciones regulares y correcciones de errores para una mejora continua<\/li>\n<li>Traducci\u00f3n lista para la localizaci\u00f3n del contenido<\/li>\n<\/ul>\n","protected":false},"excerpt":{"rendered":"<p>Mythemeshop Blocks es un tema de WordPress excepcionalmente potente que ha sido meticulosamente elaborado para poseer un equilibrio armonioso de adaptabilidad y efectividad. Con un dise\u00f1o est\u00e9ticamente agradable y de vanguardia, ofrece una multitud de dise\u00f1os preconfigurados y una amplia gama de opciones de personalizaci\u00f3n, lo que le permite manifestar su visi\u00f3n exacta para su sitio web. Este tema ha sido ajustado meticulosamente para priorizar la optimizaci\u00f3n de la velocidad y el motor de b\u00fasqueda, asegurando sin esfuerzo que su sitio web no solo cargue de manera expedita sino que tambi\u00e9n alcance una clasificaci\u00f3n envidiable dentro de los resultados de b\u00fasqueda. Con las capacidades incomparables de los bloques de Mythemeshop a su disposici\u00f3n, poseer\u00e1 todas las herramientas necesarias necesarias para fabricar sin esfuerzo un sitio web visualmente cautivador y de alto rendimiento.<\/p>\n","protected":false},"featured_media":166884,"comment_status":"open","ping_status":"open","template":"","meta":[],"product_brand":[2505],"product_cat":[1267,1237,1238],"product_tag":[1334],"class_list":{"0":"post-119981","1":"product","2":"type-product","3":"status-publish","4":"has-post-thumbnail","6":"product_brand-my-theme-shop","7":"product_cat-creativo","8":"product_cat-temas","9":"product_cat-wordpress-temas","10":"product_tag-my-theme-shop","11":"member-discount","12":"discount-restricted","14":"first","15":"instock","16":"sale","17":"downloadable","18":"virtual","19":"sold-individually","20":"purchasable","21":"product-type-simple"},"_links":{"self":[{"href":"https:\/\/gpl-love.com\/es\/wp-json\/wp\/v2\/product\/119981","targetHints":{"allow":["GET"]}}],"collection":[{"href":"https:\/\/gpl-love.com\/es\/wp-json\/wp\/v2\/product"}],"about":[{"href":"https:\/\/gpl-love.com\/es\/wp-json\/wp\/v2\/types\/product"}],"replies":[{"embeddable":true,"href":"https:\/\/gpl-love.com\/es\/wp-json\/wp\/v2\/comments?post=119981"}],"wp:featuredmedia":[{"embeddable":true,"href":"https:\/\/gpl-love.com\/es\/wp-json\/wp\/v2\/media\/166884"}],"wp:attachment":[{"href":"https:\/\/gpl-love.com\/es\/wp-json\/wp\/v2\/media?parent=119981"}],"wp:term":[{"taxonomy":"product_brand","embeddable":true,"href":"https:\/\/gpl-love.com\/es\/wp-json\/wp\/v2\/product_brand?post=119981"},{"taxonomy":"product_cat","embeddable":true,"href":"https:\/\/gpl-love.com\/es\/wp-json\/wp\/v2\/product_cat?post=119981"},{"taxonomy":"product_tag","embeddable":true,"href":"https:\/\/gpl-love.com\/es\/wp-json\/wp\/v2\/product_tag?post=119981"}],"curies":[{"name":"wp","href":"https:\/\/api.w.org\/{rel}","templated":true}]}}