{"id":119979,"date":"2022-03-03T00:00:00","date_gmt":"2022-03-03T05:00:00","guid":{"rendered":"https:\/\/gpl-love.com\/es\/?post_type=product&#038;p=119979"},"modified":"2026-04-10T11:17:47","modified_gmt":"2026-04-10T16:17:47","slug":"mythemeshop-authority-wordpress-theme","status":"publish","type":"product","link":"https:\/\/gpl-love.com\/es\/producto\/mythemeshop-authority-wordpress-theme\/","title":{"rendered":"MyThemeShop Authority WordPress Theme 1.2.11"},"content":{"rendered":"<h3>MyThemeShop Authority WordPress Theme Caracteristicas<\/h3>\n<p>El tema de WordPress de la Autoridad Mythemeshop es un tema incre\u00edblemente robusto y multifac\u00e9tico h\u00e1bilmente dise\u00f1ado para satisfacer las necesidades de los bloggers, empresarios y vendedores en l\u00ednea que pertenecen a establecer una presencia en l\u00ednea profesional y autorizada. Con un dise\u00f1o elegante y contempor\u00e1neo, el tema de la autoridad sirve sin esfuerzo como una plataforma impecable para exhibir contenido de primer nivel mientras fomenta simult\u00e1neamente un seguimiento dedicado y dedicado. Las caracter\u00edsticas notables de este notable tema abarcan una p\u00e1gina de inicio totalmente personalizable, una gran cantidad de despu\u00e9s de los dise\u00f1os para elegir, integraci\u00f3n sin interrupciones en las redes sociales y una variedad de herramientas de optimizaci\u00f3n de motores de b\u00fasqueda para mejorar la visibilidad. Adem\u00e1s, el tema se adapta perfectamente a cualquier tama\u00f1o de pantalla y dispositivo, asegurando que su sitio web mantenga su apariencia impresionante en el panorama digital. En general, est\u00e1 muy claro que el tema de WordPress de la Autoridad Mythemeshop es una elecci\u00f3n ejemplar para las personas que buscan consolidar su estado como una figura de autoridad dentro de su respectivo nicho.<\/p>\n<ul>\n<li>Dise\u00f1o elegante y profesional perfecto para cualquier nicho o industria<\/li>\n<li>Totalmente receptivo y optimizado para dispositivos m\u00f3viles para la m\u00e1xima participaci\u00f3n del usuario<\/li>\n<li>Panel de opciones potentes que permite la personalizaci\u00f3n del dise\u00f1o, colores, fuentes y m\u00e1s<\/li>\n<li>M\u00faltiples dise\u00f1os de p\u00e1gina de inicio para elegir para satisfacer sus necesidades espec\u00edficas<\/li>\n<li>Compatible con complementos populares como WooCommerce, Contact Form 7 y Yoast SEO<\/li>\n<li>Sistema de gesti\u00f3n de anuncios incorporado para una f\u00e1cil monetizaci\u00f3n de su sitio web<\/li>\n<li>Velocidad optimizada para tiempos de carga r\u00e1pidas y experiencia mejorada del usuario<\/li>\n<li>El c\u00f3digo amigable con SEO garantiza que su sitio web se pueda descubrir f\u00e1cilmente con los motores de b\u00fasqueda<\/li>\n<li>Documentaci\u00f3n integral y soporte de primer nivel para garantizar una experiencia sin problemas<\/li>\n<li>Instalaci\u00f3n de un solo clic para una configuraci\u00f3n f\u00e1cil y r\u00e1pida sin necesidad de codificaci\u00f3n.<\/li>\n<\/ul>\n","protected":false},"excerpt":{"rendered":"<p>El tema de WordPress de la Autoridad Mythemeshop, conocido por su dise\u00f1o elegante y profesional, atiende a los bloggers y empresarios en l\u00ednea que buscan establecer su autoridad de nicho. Con una interfaz receptiva y un dise\u00f1o f\u00e1cil de usar, este tema ofrece una variedad de opciones de personalizaci\u00f3n como esquemas de color, fuentes y opciones de dise\u00f1o. Adem\u00e1s, incorpora perfectamente la gesti\u00f3n de anuncios incorporada, la optimizaci\u00f3n de SEO y las funcionalidades de integraci\u00f3n de redes sociales, lo que lo convierte en una selecci\u00f3n ideal para los bloggers con el objetivo de amplificar el tr\u00e1fico del sitio web y mejorar el compromiso. Al utilizar el tema de WordPress de la autoridad Mythemeshop, los usuarios pueden crear sin esfuerzo un sitio web est\u00e9ticamente agradable y de alto rendimiento, lo que finalmente resulta en una presencia en l\u00ednea elevada.<\/p>\n","protected":false},"featured_media":166881,"comment_status":"open","ping_status":"open","template":"","meta":[],"product_brand":[2505],"product_cat":[1245,1237,1238],"product_tag":[1334],"class_list":{"0":"post-119979","1":"product","2":"type-product","3":"status-publish","4":"has-post-thumbnail","6":"product_brand-my-theme-shop","7":"product_cat-blog-revista","8":"product_cat-temas","9":"product_cat-wordpress-temas","10":"product_tag-my-theme-shop","11":"member-discount","12":"discount-restricted","14":"first","15":"instock","16":"sale","17":"downloadable","18":"virtual","19":"sold-individually","20":"purchasable","21":"product-type-simple"},"_links":{"self":[{"href":"https:\/\/gpl-love.com\/es\/wp-json\/wp\/v2\/product\/119979","targetHints":{"allow":["GET"]}}],"collection":[{"href":"https:\/\/gpl-love.com\/es\/wp-json\/wp\/v2\/product"}],"about":[{"href":"https:\/\/gpl-love.com\/es\/wp-json\/wp\/v2\/types\/product"}],"replies":[{"embeddable":true,"href":"https:\/\/gpl-love.com\/es\/wp-json\/wp\/v2\/comments?post=119979"}],"wp:featuredmedia":[{"embeddable":true,"href":"https:\/\/gpl-love.com\/es\/wp-json\/wp\/v2\/media\/166881"}],"wp:attachment":[{"href":"https:\/\/gpl-love.com\/es\/wp-json\/wp\/v2\/media?parent=119979"}],"wp:term":[{"taxonomy":"product_brand","embeddable":true,"href":"https:\/\/gpl-love.com\/es\/wp-json\/wp\/v2\/product_brand?post=119979"},{"taxonomy":"product_cat","embeddable":true,"href":"https:\/\/gpl-love.com\/es\/wp-json\/wp\/v2\/product_cat?post=119979"},{"taxonomy":"product_tag","embeddable":true,"href":"https:\/\/gpl-love.com\/es\/wp-json\/wp\/v2\/product_tag?post=119979"}],"curies":[{"name":"wp","href":"https:\/\/api.w.org\/{rel}","templated":true}]}}