{"id":119977,"date":"2021-11-25T00:00:00","date_gmt":"2021-11-25T05:00:00","guid":{"rendered":"https:\/\/gpl-love.com\/es\/?post_type=product&#038;p=119977"},"modified":"2026-03-13T17:25:07","modified_gmt":"2026-03-13T22:25:07","slug":"mythemeshop-adsense-wordpress-theme","status":"publish","type":"product","link":"https:\/\/gpl-love.com\/es\/producto\/mythemeshop-adsense-wordpress-theme\/","title":{"rendered":"MyThemeShop AdSense WordPress Theme 1.4.4"},"content":{"rendered":"<h3>MyThemeShop AdSense WordPress Theme Caracteristicas<\/h3>\n<p>El tema Mythemeshop Adsense WordPress es un tema altamente vers\u00e1til y adaptable que se ha creado espec\u00edficamente para mejorar y optimizar el rendimiento de Adsense. Este notable tema cuenta con un dise\u00f1o pr\u00edstino y pulido, que permite a los usuarios dise\u00f1ar un sitio web visualmente cautivador y amigable con los dispositivos m\u00f3viles que capitaliza astutamente el potencial de monetizaci\u00f3n a trav\u00e9s de la integraci\u00f3n de anuncios de Adsense. Ofreciendo una gran cantidad de opciones de personalizaci\u00f3n, como una variedad inagotable de esquemas de color, \u00e1reas de widgets y dise\u00f1os de la p\u00e1gina de inicio, este tema asegura que los usuarios tengan la libertad de personalizar su sitio web de acuerdo con sus preferencias y requisitos espec\u00edficos. Adem\u00e1s, este tema ha sido dise\u00f1ado meticulosamente para una velocidad y SEO \u00f3ptimos, lo que garantiza que su sitio web se cargar\u00e1 r\u00e1pidamente y alcanzar\u00e1 una posici\u00f3n encomiable en la clasificaci\u00f3n de motores de b\u00fasqueda. A fin de cuentas, el tema Mythemeshop Adsense WordPress representa un instrumento potente e invaluable para los propietarios de sitios web que desean maximizar sus ganancias de Adsense mientras mantienen simult\u00e1neamente una presencia en l\u00ednea profesional y cautivadora.<\/p>\n<ul>\n<li>-El dise\u00f1o de gran respuesta y amigable para dispositivos m\u00f3viles<\/li>\n<li>-Optimizado para el potencial de ganancia de Adsense<\/li>\n<li>-Panel de opciones avanzado para la personalizaci\u00f3n<\/li>\n<li>-Pciones de dise\u00f1o flexibles para la colocaci\u00f3n de anuncios de banner<\/li>\n<li>-Tonos de intercambio de redes sociales integrados<\/li>\n<li>-SeO optimizado para un mayor tr\u00e1fico y clasificaci\u00f3n<\/li>\n<li>-Tradaci\u00f3n lista para audiencias globales<\/li>\n<li>-Velocidad de carga r\u00e1pida para mejorar la experiencia del usuario<\/li>\n<li>-24\/7 Soporte t\u00e9cnico y actualizaciones regulares.<\/li>\n<\/ul>\n","protected":false},"excerpt":{"rendered":"<p>El tema de Mythemeshop Adsense WordPress, reconocido por su elegancia y capacidad de respuesta, es una opci\u00f3n impecable para los bloggers y propietarios de sitios web que anhelan optimizar sus ganancias de Adsense. Integrando perfectamente los puntos publicitarios estrat\u00e9gicamente colocados con un dise\u00f1o pr\u00edstino, este tema se adapta expertos para obtener un mayor n\u00famero de clics en anuncios, generando as\u00ed ingresos aumentados. Adem\u00e1s, su personalizaci\u00f3n excepcional, que abarca una gran cantidad de opciones de color y dise\u00f1os, amplifica a\u00fan m\u00e1s su encanto. En consecuencia, para aquellos que buscan monetizar de manera efectiva su sitio de WordPress, el tema de WordPress de Mythemeshop Adsense emerge sin duda como una opci\u00f3n ejemplar que garantiza la mayor consideraci\u00f3n.<\/p>\n","protected":false},"featured_media":166878,"comment_status":"open","ping_status":"open","template":"","meta":[],"product_brand":[2505],"product_cat":[1245,1237,1238],"product_tag":[1334],"class_list":{"0":"post-119977","1":"product","2":"type-product","3":"status-publish","4":"has-post-thumbnail","6":"product_brand-my-theme-shop","7":"product_cat-blog-revista","8":"product_cat-temas","9":"product_cat-wordpress-temas","10":"product_tag-my-theme-shop","11":"member-discount","12":"discount-restricted","14":"first","15":"instock","16":"sale","17":"downloadable","18":"virtual","19":"sold-individually","20":"purchasable","21":"product-type-simple"},"_links":{"self":[{"href":"https:\/\/gpl-love.com\/es\/wp-json\/wp\/v2\/product\/119977","targetHints":{"allow":["GET"]}}],"collection":[{"href":"https:\/\/gpl-love.com\/es\/wp-json\/wp\/v2\/product"}],"about":[{"href":"https:\/\/gpl-love.com\/es\/wp-json\/wp\/v2\/types\/product"}],"replies":[{"embeddable":true,"href":"https:\/\/gpl-love.com\/es\/wp-json\/wp\/v2\/comments?post=119977"}],"wp:featuredmedia":[{"embeddable":true,"href":"https:\/\/gpl-love.com\/es\/wp-json\/wp\/v2\/media\/166878"}],"wp:attachment":[{"href":"https:\/\/gpl-love.com\/es\/wp-json\/wp\/v2\/media?parent=119977"}],"wp:term":[{"taxonomy":"product_brand","embeddable":true,"href":"https:\/\/gpl-love.com\/es\/wp-json\/wp\/v2\/product_brand?post=119977"},{"taxonomy":"product_cat","embeddable":true,"href":"https:\/\/gpl-love.com\/es\/wp-json\/wp\/v2\/product_cat?post=119977"},{"taxonomy":"product_tag","embeddable":true,"href":"https:\/\/gpl-love.com\/es\/wp-json\/wp\/v2\/product_tag?post=119977"}],"curies":[{"name":"wp","href":"https:\/\/api.w.org\/{rel}","templated":true}]}}