{"id":119940,"date":"2024-09-12T00:00:00","date_gmt":"2024-09-12T05:00:00","guid":{"rendered":"https:\/\/gpl-love.com\/es\/?post_type=product&#038;p=119940"},"modified":"2026-03-13T17:21:44","modified_gmt":"2026-03-13T22:21:44","slug":"gravity-perks-price-range","status":"publish","type":"product","link":"https:\/\/gpl-love.com\/es\/producto\/gravity-perks-price-range\/","title":{"rendered":"Gravity Perks Price Range 1.2.3"},"content":{"rendered":"<h3>Gravity Perks Price Range Caracteristicas<\/h3>\n<p>Gravity Perks es un conjunto integral de complementos avanzados para las formas de gravedad, que es un constructor de forma ampliamente utilizado. Estos complementos est\u00e1n dise\u00f1ados para extender y mejorar la funcionalidad de las formas de gravedad, ofreciendo a los usuarios una gran cantidad de ventajas para elegir. Al aprovechar estas ventajas, los usuarios pueden adaptar f\u00e1cilmente y aumentar sus formas de gravedad para satisfacer sus requisitos espec\u00edficos. El precio de las ventajas de gravedad var\u00eda seg\u00fan las ventajas espec\u00edficas que los usuarios seleccionan. Para beneficios individuales, los precios comienzan en $ 30, mientras que los paquetes de paquetes var\u00edan de $ 199 a $ 399. Ya sea que los usuarios deseen incorporar la l\u00f3gica condicional, habilitar el registro del usuario o integrar campos de precios personalizados en sus formularios, Gravity Perks proporciona todas las herramientas necesarias. Cuenta con caracter\u00edsticas potentes y opciones de precios flexibles, lo que lo convierte en un activo indispensable para cualquiera que busque optimizar su experiencia en formularios de gravedad.<\/p>\n<ul>\n<li>Soluci\u00f3n de precios completos dise\u00f1ados para usuarios de formularios de gravedad<\/li>\n<li>Ofrece tres modelos de precios diferentes: tarifa plana, precios de usuario y precios de cantidad<\/li>\n<li>Permite reglas de precios condicionales basadas en valores de campo o roles de usuario<\/li>\n<li>Admite precios din\u00e1micos y c\u00f3digos de descuento<\/li>\n<li>Incluye opciones de visualizaci\u00f3n de la tabla de precios personalizables<\/li>\n<li>Se integra a la perfecci\u00f3n con los formularios de gravedad y compatible con las pasarelas de pago populares<\/li>\n<li>Proporciona herramientas detalladas de informes y an\u00e1lisis para rastrear ventas e ingresos<\/li>\n<li>Viene con soporte dedicado y actualizaciones regulares para la optimizaci\u00f3n de funcionalidades continuas.<\/li>\n<\/ul>\n","protected":false},"excerpt":{"rendered":"<p>El rango de precios de Gravity Perks, un complemento muy impresionante dise\u00f1ado espec\u00edficamente para mejorar las funcionalidades del complemento de formularios de gravedad ampliamente aclamados, otorga a sus usuarios la notable capacidad de generar y establecer campos de precios notablemente din\u00e1micos que est\u00e1n intr\u00ednsecamente enraizados en las entradas proporcionadas por las usuarios mismos. Ya sea que se encuentre en embarcarse en la gesti\u00f3n de una plataforma de comercio electr\u00f3nico intrincadamente dise\u00f1ada y multifac\u00e9tica o, en su lugar, se dedica a la b\u00fasqueda de crear una forma de donaci\u00f3n significativamente m\u00e1s simplificada y directa, esta herramienta impresionante asegura que posee la capacidad de establecer a medida -Las regulaciones de precios hechas y opciones que dependen completamente de una extensa variedad de factores que van desde la naturaleza del producto en cuesti\u00f3n hasta la ubicaci\u00f3n geogr\u00e1fica precisa de la persona que utiliza su plataforma en l\u00ednea. Al emplear las notables capacidades ofrecidas por el rango de precios de las ventajas de gravedad, posee la capacidad de racionalizar significativamente y acelerar el procedimiento de fijaci\u00f3n de precios de otro modo laborioso y proporcionar al mismo tiempo su leal base de clientes con una experiencia de usuario incomparablemente personalizada y a medida que se garantiza para dejar una duradera impresi\u00f3n positiva.<\/p>\n","protected":false},"featured_media":166362,"comment_status":"open","ping_status":"open","template":"","meta":[],"product_brand":[2471],"product_cat":[1214,1206,1211],"product_tag":[2114],"class_list":{"0":"post-119940","1":"product","2":"type-product","3":"status-publish","4":"has-post-thumbnail","6":"product_brand-gravity-wiz","7":"product_cat-personalizacion","8":"product_cat-plugins","9":"product_cat-wordpress-plugins","10":"product_tag-gravity-wiz","11":"member-discount","12":"discount-restricted","14":"first","15":"instock","16":"sale","17":"downloadable","18":"virtual","19":"sold-individually","20":"purchasable","21":"product-type-simple"},"_links":{"self":[{"href":"https:\/\/gpl-love.com\/es\/wp-json\/wp\/v2\/product\/119940","targetHints":{"allow":["GET"]}}],"collection":[{"href":"https:\/\/gpl-love.com\/es\/wp-json\/wp\/v2\/product"}],"about":[{"href":"https:\/\/gpl-love.com\/es\/wp-json\/wp\/v2\/types\/product"}],"replies":[{"embeddable":true,"href":"https:\/\/gpl-love.com\/es\/wp-json\/wp\/v2\/comments?post=119940"}],"wp:featuredmedia":[{"embeddable":true,"href":"https:\/\/gpl-love.com\/es\/wp-json\/wp\/v2\/media\/166362"}],"wp:attachment":[{"href":"https:\/\/gpl-love.com\/es\/wp-json\/wp\/v2\/media?parent=119940"}],"wp:term":[{"taxonomy":"product_brand","embeddable":true,"href":"https:\/\/gpl-love.com\/es\/wp-json\/wp\/v2\/product_brand?post=119940"},{"taxonomy":"product_cat","embeddable":true,"href":"https:\/\/gpl-love.com\/es\/wp-json\/wp\/v2\/product_cat?post=119940"},{"taxonomy":"product_tag","embeddable":true,"href":"https:\/\/gpl-love.com\/es\/wp-json\/wp\/v2\/product_tag?post=119940"}],"curies":[{"name":"wp","href":"https:\/\/api.w.org\/{rel}","templated":true}]}}