{"id":119939,"date":"2025-07-18T00:00:00","date_gmt":"2025-07-18T05:00:00","guid":{"rendered":"https:\/\/gpl-love.com\/es\/?post_type=product&#038;p=119939"},"modified":"2026-03-13T17:21:46","modified_gmt":"2026-03-13T22:21:46","slug":"gravity-perks-randomizer","status":"publish","type":"product","link":"https:\/\/gpl-love.com\/es\/producto\/gravity-perks-randomizer\/","title":{"rendered":"Gravity Perks Randomizer 2.0.9"},"content":{"rendered":"<h3>Gravity Perks Randomizer Caracteristicas<\/h3>\n<p>Gravity Perks Randomizer es una herramienta muy robusta y avanzada que ofrece a los usuarios la capacidad de aleatorizar sin esfuerzo la salida de sus formas de gravedad. Este complemento rico en caracter\u00edsticas y multifac\u00e9tica se ha dise\u00f1ado meticulosamente para mejorar el dinamismo y el nivel de compromiso de sus formas incorporando perfectamente la aleatorizaci\u00f3n en sus preguntas, opciones y otros elementos. La flexibilidad incomparable de Gravity Perks Randomizer asegura que tenga un control completo sobre la personalizaci\u00f3n de la configuraci\u00f3n de aleatorizaci\u00f3n de acuerdo con sus requisitos espec\u00edficos, ya sea aleatorizado por grupo, campo o incluso todo el formulario en s\u00ed. Este complemento excepcional es particularmente adecuado para las empresas que aspiran a crear formas interactivas y cautivadoras que cautivan sin esfuerzo y llevan las conversiones a nuevas alturas. A trav\u00e9s de la utilizaci\u00f3n de Gravity Perks Randomizer, sin duda infundir\u00e1 una capa adicional de euforia e ingenio en sus formas, lo que los hace asombrosamente m\u00e1s efectivos y agradables para que los usuarios interact\u00faen.<\/p>\n<ul>\n<li>Aleatoriza una lista de entradas, proporcionando una distribuci\u00f3n justa e imparcial.<\/li>\n<li>La interfaz de usuario simple permite una f\u00e1cil integraci\u00f3n en cualquier forma de formularios de gravedad.<\/li>\n<li>Opciones personalizables para ponderar y excluir entradas, lo que le brinda control sobre el proceso de aleatorizaci\u00f3n.<\/li>\n<li>Aumenta el compromiso y la emoci\u00f3n para los usuarios creando una sensaci\u00f3n de imprevisibilidad.<\/li>\n<li>Funciona a la perfecci\u00f3n con otras ventajas de gravedad complementos para mejorar su experiencia de construcci\u00f3n de forma.<\/li>\n<\/ul>\n","protected":false},"excerpt":{"rendered":"<p>Gravity Perks Randomizer es un complemento indispensable que es absolutamente esencial para cualquier individuo que utilice formas de gravedad. Este complemento extraordinario facilita la incorporaci\u00f3n perfecta de un valor aleatorio en cualquier campo de forma designado, lo que lo hace excepcionalmente adecuado para una mir\u00edada de fines que incluyen, entre otros, concursos, encuestas y varias otras aplicaciones an\u00e1logas. Sorprendentemente, el proceso de configuraci\u00f3n de este aleatorizador se realiza sin esfuerzo en unos pocos clics, y una vez configurado, opera de manera aut\u00f3noma, ejecutando eficientemente su funci\u00f3n designada. Gracias al advenimiento de Gravity Perks Randomizer, la introducci\u00f3n de un toque de imprevisibilidad a sus formas nunca ha sido m\u00e1s f\u00e1cil o directo.<\/p>\n","protected":false},"featured_media":166364,"comment_status":"open","ping_status":"open","template":"","meta":[],"product_brand":[2471],"product_cat":[1214,1206,1211],"product_tag":[2114],"class_list":{"0":"post-119939","1":"product","2":"type-product","3":"status-publish","4":"has-post-thumbnail","6":"product_brand-gravity-wiz","7":"product_cat-personalizacion","8":"product_cat-plugins","9":"product_cat-wordpress-plugins","10":"product_tag-gravity-wiz","11":"member-discount","12":"discount-restricted","14":"first","15":"instock","16":"sale","17":"downloadable","18":"virtual","19":"sold-individually","20":"purchasable","21":"product-type-simple"},"_links":{"self":[{"href":"https:\/\/gpl-love.com\/es\/wp-json\/wp\/v2\/product\/119939","targetHints":{"allow":["GET"]}}],"collection":[{"href":"https:\/\/gpl-love.com\/es\/wp-json\/wp\/v2\/product"}],"about":[{"href":"https:\/\/gpl-love.com\/es\/wp-json\/wp\/v2\/types\/product"}],"replies":[{"embeddable":true,"href":"https:\/\/gpl-love.com\/es\/wp-json\/wp\/v2\/comments?post=119939"}],"wp:featuredmedia":[{"embeddable":true,"href":"https:\/\/gpl-love.com\/es\/wp-json\/wp\/v2\/media\/166364"}],"wp:attachment":[{"href":"https:\/\/gpl-love.com\/es\/wp-json\/wp\/v2\/media?parent=119939"}],"wp:term":[{"taxonomy":"product_brand","embeddable":true,"href":"https:\/\/gpl-love.com\/es\/wp-json\/wp\/v2\/product_brand?post=119939"},{"taxonomy":"product_cat","embeddable":true,"href":"https:\/\/gpl-love.com\/es\/wp-json\/wp\/v2\/product_cat?post=119939"},{"taxonomy":"product_tag","embeddable":true,"href":"https:\/\/gpl-love.com\/es\/wp-json\/wp\/v2\/product_tag?post=119939"}],"curies":[{"name":"wp","href":"https:\/\/api.w.org\/{rel}","templated":true}]}}