{"id":119936,"date":"2025-05-15T00:00:00","date_gmt":"2025-05-15T05:00:00","guid":{"rendered":"https:\/\/gpl-love.com\/es\/?post_type=product&#038;p=119936"},"modified":"2026-03-13T17:21:47","modified_gmt":"2026-03-13T22:21:47","slug":"gravity-perks-read-only","status":"publish","type":"product","link":"https:\/\/gpl-love.com\/es\/producto\/gravity-perks-read-only\/","title":{"rendered":"Gravity Perks Read Only 1.9.29"},"content":{"rendered":"<h3>Gravity Perks Read Only Caracteristicas<\/h3>\n<p>Las ventajas de gravedad solo leen, un complemento incre\u00edblemente robusto dise\u00f1ado espec\u00edficamente para el complemento de Forms de gravedad, presenta una oportunidad incomparable para que los usuarios ejercen un mayor control sobre la entrada del usuario en los formularios al restringirlo al estado de solo lectura. Al implementar esta soluci\u00f3n innovadora, a los individuos se les otorga la capacidad \u00fanica de ver e interactuar con la forma sin problemas, sin la capacidad de alterar cualquier datos preexistentes. Con una variedad de aplicaciones pr\u00e1cticas, esta caracter\u00edstica excepcional resulta particularmente ventajosa para los formularios que requieren la inclusi\u00f3n de informaci\u00f3n vital o confidencial, incluidas, entre otros, encuestas, solicitudes de empleo o formularios de registro. En \u00faltima instancia, con la integraci\u00f3n de las ventajas de gravedad solo le\u00eddas, los usuarios pueden salvaguardar con confianza la integridad y precisi\u00f3n de sus datos, todo mientras fomentan una experiencia altamente atractiva e interactiva para aquellos que utilizan los formularios.<\/p>\n<ul>\n<li>Le permite hacer que los campos de forma de gravedad se lean, evitando que los usuarios los modifiquen<\/li>\n<li>Ideal para situaciones en las que necesita presentar datos a los usuarios, pero no quiere que interfieran con \u00e9l<\/li>\n<li>Proporciona un proceso de configuraci\u00f3n extremadamente f\u00e1cil que no requiere ninguna experiencia de codificaci\u00f3n<\/li>\n<li>Compatible con todos los campos de formularios de gravedad, incluidos los creados por complementos y otros complementos<\/li>\n<li>Viene con una gama de opciones de personalizaci\u00f3n para que pueda personalizar los campos de solo lectura a su gusto<\/li>\n<li>Ahorra tiempo y aumenta la eficiencia al racionalizar los flujos de trabajo de su formulario<\/li>\n<li>Mejora la experiencia general del usuario de sus formularios al proporcionar una sensaci\u00f3n pulida y profesional<\/li>\n<li>Proporciona una forma rentable de mejorar la funcionalidad de sus formularios de gravedad sin tener que invertir en un costoso desarrollo personalizado.<\/li>\n<\/ul>\n","protected":false},"excerpt":{"rendered":"<p>Las ventajas de gravedad solo leen es un complemento excepcional e indispensable que faculta a los usuarios para restringir de manera efectiva y eficiente el acceso a los campos de forma, evitando as\u00ed que cualquier individuo no autorizado les haga cambios o modificaciones. Este complemento inmensamente potente fortalece y fortalece significativamente la seguridad general de sus formularios de gravedad, lo que le otorga una autoridad incomparable para gobernar y regular a las personas a las que se les otorga acceso a interactuar con sus valiosos datos. Con las notables capacidades y funcionalidades ofrecidas solo por las ventajas de gravedad le\u00edda, puede reforzar significativamente la privacidad y la confiabilidad de sus formularios en l\u00ednea, al tiempo que proporciona un escudo impregnable contra cualquier posible acceso il\u00edcito a informaci\u00f3n confidencial y confidencial. Adem\u00e1s, la gran versatilidad y la compatibilidad exhibidas por este complemento es realmente notable, ya que funciona sin esfuerzo sin esfuerzo en todos los principales navegadores y plataformas, lo que lo convierte en una herramienta indispensable e imperativa para cualquier organizaci\u00f3n que realmente valora y priorice la protecci\u00f3n y protecci\u00f3n de su invaluable de su invaluable. datos.<\/p>\n","protected":false},"featured_media":166365,"comment_status":"open","ping_status":"open","template":"","meta":[],"product_brand":[2471],"product_cat":[1214,1206,1211],"product_tag":[2114],"class_list":{"0":"post-119936","1":"product","2":"type-product","3":"status-publish","4":"has-post-thumbnail","6":"product_brand-gravity-wiz","7":"product_cat-personalizacion","8":"product_cat-plugins","9":"product_cat-wordpress-plugins","10":"product_tag-gravity-wiz","11":"member-discount","12":"discount-restricted","14":"first","15":"instock","16":"sale","17":"downloadable","18":"virtual","19":"sold-individually","20":"purchasable","21":"product-type-simple"},"_links":{"self":[{"href":"https:\/\/gpl-love.com\/es\/wp-json\/wp\/v2\/product\/119936","targetHints":{"allow":["GET"]}}],"collection":[{"href":"https:\/\/gpl-love.com\/es\/wp-json\/wp\/v2\/product"}],"about":[{"href":"https:\/\/gpl-love.com\/es\/wp-json\/wp\/v2\/types\/product"}],"replies":[{"embeddable":true,"href":"https:\/\/gpl-love.com\/es\/wp-json\/wp\/v2\/comments?post=119936"}],"wp:featuredmedia":[{"embeddable":true,"href":"https:\/\/gpl-love.com\/es\/wp-json\/wp\/v2\/media\/166365"}],"wp:attachment":[{"href":"https:\/\/gpl-love.com\/es\/wp-json\/wp\/v2\/media?parent=119936"}],"wp:term":[{"taxonomy":"product_brand","embeddable":true,"href":"https:\/\/gpl-love.com\/es\/wp-json\/wp\/v2\/product_brand?post=119936"},{"taxonomy":"product_cat","embeddable":true,"href":"https:\/\/gpl-love.com\/es\/wp-json\/wp\/v2\/product_cat?post=119936"},{"taxonomy":"product_tag","embeddable":true,"href":"https:\/\/gpl-love.com\/es\/wp-json\/wp\/v2\/product_tag?post=119936"}],"curies":[{"name":"wp","href":"https:\/\/api.w.org\/{rel}","templated":true}]}}