{"id":119933,"date":"2026-03-26T00:00:00","date_gmt":"2026-03-26T05:00:00","guid":{"rendered":"https:\/\/gpl-love.com\/es\/?post_type=product&#038;p=119933"},"modified":"2026-03-26T17:15:43","modified_gmt":"2026-03-26T22:15:43","slug":"gravity-perks-nested-forms","status":"publish","type":"product","link":"https:\/\/gpl-love.com\/es\/producto\/gravity-perks-nested-forms\/","title":{"rendered":"Gravity Perks Nested Forms 1.2.24"},"content":{"rendered":"<h3>Gravity Perks Nested Forms Caracteristicas<\/h3>\n<p>Gravity Perks Nested Forms es un complemento extremadamente robusto e inmensamente adaptable que introduce formas anidadas en la funcionalidad ya impresionante de las formas de gravedad, lo que permite a los usuarios construir formularios dentro de los formularios. Al aprovechar las capacidades notables de las formas anidadas, los usuarios est\u00e1n habilitados para recopilar eficientemente datos complejos de una manera que est\u00e9 meticulosamente organizada y sin esfuerzo. Este complemento excepcional otorga a los usuarios la capacidad de establecer sin esfuerzo asociaciones entre padres e hijos dentro de sus formas, al tiempo que les brinda la flexibilidad de incorporar, modificar y eliminar perfectamente las formas infantiles a su conveniencia. La inclusi\u00f3n de caracter\u00edsticas avanzadas, incluidas, entre otros, la l\u00f3gica condicional, la autopoblaci\u00f3n y la poblaci\u00f3n de campo din\u00e1mico, facilita a\u00fan m\u00e1s el desarrollo conveniente y eficiente de formas complejas. A trav\u00e9s de la utilizaci\u00f3n de las formas anidadas de las ventajas de gravedad, los usuarios pueden elaborar formas realmente potentes y claramente adaptables, meticulosamente adaptadas para servir una mir\u00edada de fines, que van desde la facilitaci\u00f3n de encuestas y cuestionarios hasta la gesti\u00f3n intrincada de los procesos de registro y m\u00e1s all\u00e1.<\/p>\n<ul>\n<li>Crear f\u00e1cilmente formas anidadas dentro de las formas de gravedad<\/li>\n<li>Interfaz intuitiva de arrastrar y soltar para crear formas complejas<\/li>\n<li>Personalizar el dise\u00f1o y el dise\u00f1o de formas anidadas<\/li>\n<li>L\u00f3gica condicional para controlar qu\u00e9 campos se muestran en formularios anidados<\/li>\n<li>Llenar autom\u00e1ticamente los campos dentro de formularios anidados con datos del formulario principal<\/li>\n<li>Recopilar y guardar datos de m\u00faltiples formularios anidados en una sola presentaci\u00f3n<\/li>\n<li>Simplifique los flujos de trabajo complejos dividi\u00e9ndolos en formas anidadas<\/li>\n<li>Compatible con todos los complementos y funciones de Gravity Forms<\/li>\n<li>Actualizaciones y soporte regulares del equipo de Gravity Perks<\/li>\n<li>Acceso a recursos \u00fatiles, incluida la documentaci\u00f3n y los tutoriales.<\/li>\n<\/ul>\n","protected":false},"excerpt":{"rendered":"<p>Gravity Perks Nested Forms es un complemento inmensamente poderoso que mejora la funcionalidad del complemento de formularios de gravedad ampliamente aclamados. Empodera a los usuarios generar formas anidadas sin esfuerzo que pueden integrarse sin problemas entre s\u00ed. Al aprovechar las capacidades de las formas anidadas, los usuarios pueden crear formularios l\u00f3gicos y multidimensionales que ofrecen una mejor navegaci\u00f3n y una facilidad de uso. Esto, a su vez, les permite obtener datos m\u00e1s precisos y precisos al tiempo que mejoran simult\u00e1neamente la experiencia general del usuario. La versatilidad de este complemento lo convierte en una necesidad absoluta para individuos y empresas por igual, incluidos desarrolladores web, dise\u00f1adores y organizaciones de todas las magnitudes. Ya sea que su objetivo es optimizar su proceso de adquisici\u00f3n de datos, fabricar encuestas a medida o formularios de contacto, o maximizar sus esfuerzos de generaci\u00f3n de leads, los formularios anidados de ventajas de gravedad se presenta como la soluci\u00f3n definitiva para todas sus necesidades y requisitos.<\/p>\n","protected":false},"featured_media":166355,"comment_status":"open","ping_status":"open","template":"","meta":[],"product_brand":[2471],"product_cat":[1214,1206,1211],"product_tag":[2114],"class_list":{"0":"post-119933","1":"product","2":"type-product","3":"status-publish","4":"has-post-thumbnail","6":"product_brand-gravity-wiz","7":"product_cat-personalizacion","8":"product_cat-plugins","9":"product_cat-wordpress-plugins","10":"product_tag-gravity-wiz","11":"member-discount","12":"discount-restricted","14":"first","15":"instock","16":"sale","17":"downloadable","18":"virtual","19":"sold-individually","20":"purchasable","21":"product-type-simple"},"_links":{"self":[{"href":"https:\/\/gpl-love.com\/es\/wp-json\/wp\/v2\/product\/119933","targetHints":{"allow":["GET"]}}],"collection":[{"href":"https:\/\/gpl-love.com\/es\/wp-json\/wp\/v2\/product"}],"about":[{"href":"https:\/\/gpl-love.com\/es\/wp-json\/wp\/v2\/types\/product"}],"replies":[{"embeddable":true,"href":"https:\/\/gpl-love.com\/es\/wp-json\/wp\/v2\/comments?post=119933"}],"wp:featuredmedia":[{"embeddable":true,"href":"https:\/\/gpl-love.com\/es\/wp-json\/wp\/v2\/media\/166355"}],"wp:attachment":[{"href":"https:\/\/gpl-love.com\/es\/wp-json\/wp\/v2\/media?parent=119933"}],"wp:term":[{"taxonomy":"product_brand","embeddable":true,"href":"https:\/\/gpl-love.com\/es\/wp-json\/wp\/v2\/product_brand?post=119933"},{"taxonomy":"product_cat","embeddable":true,"href":"https:\/\/gpl-love.com\/es\/wp-json\/wp\/v2\/product_cat?post=119933"},{"taxonomy":"product_tag","embeddable":true,"href":"https:\/\/gpl-love.com\/es\/wp-json\/wp\/v2\/product_tag?post=119933"}],"curies":[{"name":"wp","href":"https:\/\/api.w.org\/{rel}","templated":true}]}}