{"id":119932,"date":"2025-05-15T00:00:00","date_gmt":"2025-05-15T05:00:00","guid":{"rendered":"https:\/\/gpl-love.com\/es\/?post_type=product&#038;p=119932"},"modified":"2026-03-13T17:21:43","modified_gmt":"2026-03-13T22:21:43","slug":"gravity-perks-preview-submission","status":"publish","type":"product","link":"https:\/\/gpl-love.com\/es\/producto\/gravity-perks-preview-submission\/","title":{"rendered":"Gravity Perks Preview Submission 1.3.24"},"content":{"rendered":"<h3>Gravity Perks Preview Submission Caracteristicas<\/h3>\n<p>La presentaci\u00f3n de la vista previa de Gravity Perks es una soluci\u00f3n de software incre\u00edblemente innovadora e innovadora que se ha creado meticulosamente para revolucionar la forma en que maneja las presentaciones en su sitio web. Con su gran parte de las caracter\u00edsticas avanzadas y de vanguardia, esta notable herramienta le brinda la invaluable oportunidad de obtener una vista previa meticulosamente de presentaci\u00f3n antes de que se publiquen oficialmente, asegurando as\u00ed que su contenido estimado permanezca libre de errores e impecablemente formateado. Al aprovechar el inmenso poder y la funcionalidad de este producto fenomenal, podr\u00e1 personalizar sin esfuerzo y sin problemas sus formularios de env\u00edo, incorporar la l\u00f3gica condicional en su sitio web y establecer notificaciones r\u00e1pidas y eficientes para racionalizar y expedir sustancialmente todo el proceso de presentaci\u00f3n. Las magn\u00edficas ventajas de gravedad de la gravedad previa la presentaci\u00f3n le brinda inequ\u00edvocamente el incre\u00edble lujo de eliminar por completo la tarea ardua y lenta de revisar y aprobar manualmente cada presentaci\u00f3n individual, que finalmente culminar\u00e1 en una medida excepcional de ahorro de tiempo que aumentar\u00e1 inequ\u00edvocamente su productividad. Independientemente de si est\u00e1 operando un blog cautivador y atractivo, una tienda de comercio electr\u00f3nico bulliciosa y din\u00e1mica, o de hecho cualquier otro tipo de esfuerzo comercial, es indudable que este producto impresionante sin duda lo capacite para mejorar significativamente su presencia en l\u00ednea, Eleve la experiencia general del usuario y, en \u00faltima instancia, optimice las tasas de conversi\u00f3n de su estimada empresa.<\/p>\n<ul>\n<li>Proporciona una manera r\u00e1pida y f\u00e1cil para que los usuarios obtengan una vista previa de sus env\u00edos de formularios antes de enviarlos.<\/li>\n<li>Permite a los usuarios ver exactamente c\u00f3mo se ver\u00e1 su env\u00edo y qu\u00e9 informaci\u00f3n han incluido.<\/li>\n<li>Incluye configuraciones de vista previa personalizable para que coincidan con las preferencias o la marca del usuario.<\/li>\n<li>Evita los errores o la falta de informaci\u00f3n al proporcionar la oportunidad de revisar y editar antes de enviar.<\/li>\n<li>Se integra perfectamente con los formularios de gravedad para garantizar una experiencia de usuario fluida.<\/li>\n<\/ul>\n","protected":false},"excerpt":{"rendered":"<p>El mecanismo extraordinario e inmensamente eficaz conocido como ventajas de gravedad de la presentaci\u00f3n de la vista previa sirve como un instrumento invaluable para las personas que buscan aprovechar la maravillosa oportunidad de obtener una vista previa de sus presentaciones de formularios antes de finalizarlos y presentarlas oficialmente. A trav\u00e9s de la utilizaci\u00f3n de este complemento, a los usuarios se les otorga la notable capacidad de examinar y analizar meticulosamente sus datos de entrada, garantizando as\u00ed la m\u00e1xima precisi\u00f3n y precisi\u00f3n antes de comprometerse en la presentaci\u00f3n de su forma meticulosamente elaborada. La profunda importancia de esta notable herramienta se vuelve particularmente conspicua e innegable cuando se enfrenta al desalentador desaf\u00edo de formas o escenarios complejos que exigen una diligencia y atenci\u00f3n incomparables a los detalles. El resultado final de emplear este complemento incomparable se manifiesta sin esfuerzo en la forma de una presentaci\u00f3n de forma perfecta y meticulosamente preparada, que genera una profunda sensaci\u00f3n de eficiencia que ahorra tiempo y cultiva indudablemente una experiencia de usuario extremadamente gratificante y encantadora.<\/p>\n","protected":false},"featured_media":166361,"comment_status":"open","ping_status":"open","template":"","meta":[],"product_brand":[2471],"product_cat":[1214,1206,1211],"product_tag":[2114],"class_list":{"0":"post-119932","1":"product","2":"type-product","3":"status-publish","4":"has-post-thumbnail","6":"product_brand-gravity-wiz","7":"product_cat-personalizacion","8":"product_cat-plugins","9":"product_cat-wordpress-plugins","10":"product_tag-gravity-wiz","11":"member-discount","12":"discount-restricted","14":"first","15":"instock","16":"sale","17":"downloadable","18":"virtual","19":"sold-individually","20":"purchasable","21":"product-type-simple"},"_links":{"self":[{"href":"https:\/\/gpl-love.com\/es\/wp-json\/wp\/v2\/product\/119932","targetHints":{"allow":["GET"]}}],"collection":[{"href":"https:\/\/gpl-love.com\/es\/wp-json\/wp\/v2\/product"}],"about":[{"href":"https:\/\/gpl-love.com\/es\/wp-json\/wp\/v2\/types\/product"}],"replies":[{"embeddable":true,"href":"https:\/\/gpl-love.com\/es\/wp-json\/wp\/v2\/comments?post=119932"}],"wp:featuredmedia":[{"embeddable":true,"href":"https:\/\/gpl-love.com\/es\/wp-json\/wp\/v2\/media\/166361"}],"wp:attachment":[{"href":"https:\/\/gpl-love.com\/es\/wp-json\/wp\/v2\/media?parent=119932"}],"wp:term":[{"taxonomy":"product_brand","embeddable":true,"href":"https:\/\/gpl-love.com\/es\/wp-json\/wp\/v2\/product_brand?post=119932"},{"taxonomy":"product_cat","embeddable":true,"href":"https:\/\/gpl-love.com\/es\/wp-json\/wp\/v2\/product_cat?post=119932"},{"taxonomy":"product_tag","embeddable":true,"href":"https:\/\/gpl-love.com\/es\/wp-json\/wp\/v2\/product_tag?post=119932"}],"curies":[{"name":"wp","href":"https:\/\/api.w.org\/{rel}","templated":true}]}}