{"id":119931,"date":"2026-03-26T00:00:00","date_gmt":"2026-03-26T05:00:00","guid":{"rendered":"https:\/\/gpl-love.com\/es\/?post_type=product&#038;p=119931"},"modified":"2026-03-26T17:15:41","modified_gmt":"2026-03-26T22:15:41","slug":"gravity-perks-copy-cat","status":"publish","type":"product","link":"https:\/\/gpl-love.com\/es\/producto\/gravity-perks-copy-cat\/","title":{"rendered":"Gravity Perks Copy Cat 1.4.96"},"content":{"rendered":"<h3>Gravity Perks Copy Cat Caracteristicas<\/h3>\n<p>Gravity Perks Copy Cat es un complemento de WordPress altamente potente e influyente que le otorga la capacidad perfecta para duplicar y copiar sin esfuerzo cualquier forma o campo que se haya creado utilizando formularios de gravedad. Este notable complemento proporciona una gran cantidad de opciones de copia, que abarca la capacidad de copiar un formulario con o sin entradas, copiar campos espec\u00edficos e incluso copiar la configuraci\u00f3n del formulario. Con la incre\u00edble funcionalidad de Gravity Perks Copy Copy, puede disminuir significativamente el gasto de tiempo y esfuerzo mediante la replicaci\u00f3n r\u00e1pida de formularios y campos, reduciendo as\u00ed la necesidad de entrada de datos manuales. Este complemento excepcional es impecablemente adecuado para las personas que frecuentemente generan formas similares, como las utilizadas para el registro de eventos o los fines de la orden del producto. Adem\u00e1s, cuenta con un proceso sencillo de instalaci\u00f3n y utilizaci\u00f3n, lo que lo convierte en una adici\u00f3n invaluable al arsenal de cualquier usuario de formularios de gravedad.<\/p>\n<ul>\n<li>Una herramienta poderosa que le permite copiar valores entre los campos de formularios de gravedad con facilidad<\/li>\n<li>No m\u00e1s entrada manual de datos, ahorre tiempo y evite errores al automatizar el proceso.<\/li>\n<li>Admite la copia de datos entre campos dentro de la misma forma o en diferentes formas<\/li>\n<li>Las opciones de mapeo personalizables le permiten controlar exactamente qu\u00e9 campos se copian y c\u00f3mo se asignan<\/li>\n<li>Configurar reglas para crear copia condicional, lo que le permite copiar valores solo en condiciones espec\u00edficas<\/li>\n<li>Extendible con c\u00f3digo personalizado si necesita agregar una funcionalidad m\u00e1s compleja<\/li>\n<li>Compatible con todos los tipos de campo de formularios de gravedad, incluidos complementos populares, como encuestas, cuestionarios y encuestas<\/li>\n<li>La interfaz de usuario intuitiva facilita que incluso los usuarios no t\u00e9cnicos se configuren y usen de manera efectiva<\/li>\n<li>Regularmente actualizado y compatible con Gravity Wiz, el proveedor l\u00edder de gravedad forma complementos<\/li>\n<li>Aumente su productividad y agilice sus flujos de trabajo con las ventajas de gravedad Copie Cat Add-On.<\/li>\n<\/ul>\n","protected":false},"excerpt":{"rendered":"<p>Gravity Perks Copy Cat es un complemento incre\u00edblemente vers\u00e1til y notablemente poderoso que le otorga la magn\u00edfica capacidad de copiar formas de gravedad sin esfuerzo de un sitio de WordPress a otro. Esta herramienta extraordinaria es el ep\u00edtome de la conveniencia y la eficiencia, ya que le permite duplicar formularios con un solo pu\u00f1ado de clics. Ya sea que est\u00e9 en el proceso de migrar su sitio web, replicar formularios para varios clientes o reconstruir plantillas, tenga la seguridad de que Gravity Perks Copy Cat ha respaldado. Con su interfaz excepcionalmente intuitiva y sus caracter\u00edsticas impresionantemente f\u00e1ciles de usar, la administraci\u00f3n de sus formularios de gravedad nunca ha sido m\u00e1s fluida y sin problemas. No pierda el tiempo y se embarque en su viaje con este complemento innovador hoy, ya que le permite racionalizar su flujo de trabajo sin esfuerzo con total facilidad y gracia.<\/p>\n","protected":false},"featured_media":166346,"comment_status":"open","ping_status":"open","template":"","meta":[],"product_brand":[2471],"product_cat":[1214,1206,1211],"product_tag":[2114],"class_list":{"0":"post-119931","1":"product","2":"type-product","3":"status-publish","4":"has-post-thumbnail","6":"product_brand-gravity-wiz","7":"product_cat-personalizacion","8":"product_cat-plugins","9":"product_cat-wordpress-plugins","10":"product_tag-gravity-wiz","11":"member-discount","12":"discount-restricted","14":"first","15":"instock","16":"sale","17":"downloadable","18":"virtual","19":"sold-individually","20":"purchasable","21":"product-type-simple"},"_links":{"self":[{"href":"https:\/\/gpl-love.com\/es\/wp-json\/wp\/v2\/product\/119931","targetHints":{"allow":["GET"]}}],"collection":[{"href":"https:\/\/gpl-love.com\/es\/wp-json\/wp\/v2\/product"}],"about":[{"href":"https:\/\/gpl-love.com\/es\/wp-json\/wp\/v2\/types\/product"}],"replies":[{"embeddable":true,"href":"https:\/\/gpl-love.com\/es\/wp-json\/wp\/v2\/comments?post=119931"}],"wp:featuredmedia":[{"embeddable":true,"href":"https:\/\/gpl-love.com\/es\/wp-json\/wp\/v2\/media\/166346"}],"wp:attachment":[{"href":"https:\/\/gpl-love.com\/es\/wp-json\/wp\/v2\/media?parent=119931"}],"wp:term":[{"taxonomy":"product_brand","embeddable":true,"href":"https:\/\/gpl-love.com\/es\/wp-json\/wp\/v2\/product_brand?post=119931"},{"taxonomy":"product_cat","embeddable":true,"href":"https:\/\/gpl-love.com\/es\/wp-json\/wp\/v2\/product_cat?post=119931"},{"taxonomy":"product_tag","embeddable":true,"href":"https:\/\/gpl-love.com\/es\/wp-json\/wp\/v2\/product_tag?post=119931"}],"curies":[{"name":"wp","href":"https:\/\/api.w.org\/{rel}","templated":true}]}}