{"id":119900,"date":"2026-01-06T00:00:00","date_gmt":"2026-01-06T05:00:00","guid":{"rendered":"https:\/\/gpl-love.com\/es\/?post_type=product&#038;p=119900"},"modified":"2026-04-10T11:18:50","modified_gmt":"2026-04-10T16:18:50","slug":"newsletter-geolocation","status":"publish","type":"product","link":"https:\/\/gpl-love.com\/es\/producto\/newsletter-geolocation\/","title":{"rendered":"Newsletter Geolocation 1.3.4"},"content":{"rendered":"<h3>Newsletter Geolocation Caracteristicas<\/h3>\n<p>La herramienta de geolocalizaci\u00f3n del bolet\u00edn es una herramienta incre\u00edblemente robusta y sofisticada que se ha desarrollado espec\u00edficamente para ayudar a las empresas y organizaciones a obtener una comprensi\u00f3n m\u00e1s integral de su audiencia. Al proporcionar datos basados \u200b\u200ben la ubicaci\u00f3n en los suscriptores de boletines, esta herramienta permite a las empresas la capacidad de rastrear las ubicaciones geogr\u00e1ficas exactas de sus suscriptores. Esta valiosa informaci\u00f3n permite a las empresas personalizar y adaptar sus mensajes y contenido para satisfacer espec\u00edficamente las necesidades e intereses \u00fanicos de sus suscriptores. En consecuencia, este enfoque personalizado para la comunicaci\u00f3n y el contenido puede mejorar significativamente las tasas de participaci\u00f3n, aumentar las conversiones y, en \u00faltima instancia, impulsar el crecimiento general del negocio. Adem\u00e1s, la herramienta de geolocalizaci\u00f3n del bolet\u00edn tambi\u00e9n proporciona a las organizaciones una idea invaluable sobre la composici\u00f3n y las caracter\u00edsticas de su base de suscriptores. Armadas con estos datos, las empresas pueden tomar con confianza decisiones basadas en datos con respecto a sus estrategias de marketing y comunicaci\u00f3n. Independientemente del tama\u00f1o o la industria de una organizaci\u00f3n, la herramienta de geolocalizaci\u00f3n del bolet\u00edn es un recurso indispensable para cualquier entidad que aspira a mantener una ventaja competitiva y fomentar relaciones duraderas con sus suscriptores.<\/p>\n<ul>\n<li>Identificar con precisi\u00f3n la ubicaci\u00f3n de los suscriptores de bolet\u00edn en funci\u00f3n de las direcciones IP<\/li>\n<li>Proporcionar informaci\u00f3n sobre la distribuci\u00f3n de suscriptores en diferentes regiones, pa\u00edses o incluso ciudades<\/li>\n<li>Crear campa\u00f1as de marketing espec\u00edficas basadas en datos de geolocalizaci\u00f3n para aumentar las tasas de participaci\u00f3n y conversi\u00f3n<\/li>\n<li>Garantizar el cumplimiento de las regulaciones o restricciones locales, como GDPR o la Ley de SPAM de EE. UU.<\/li>\n<li>Mejore la capacidad de entrega del correo electr\u00f3nico mediante el uso de la geolocalizaci\u00f3n para segmentar listas de correo electr\u00f3nico y personalizar el contenido a las preferencias regionales<\/li>\n<li>Monitorear los cambios en la ubicaci\u00f3n del suscriptor a lo largo del tiempo para adaptar las estrategias de marketing en consecuencia<\/li>\n<li>Integre los datos de geolocalizaci\u00f3n con otras herramientas de an\u00e1lisis para comprender mejor a su audiencia y su comportamiento.<\/li>\n<\/ul>\n","protected":false},"excerpt":{"rendered":"<p>La herramienta de geolocalizaci\u00f3n del bolet\u00edn ha sido dise\u00f1ada intrincadamente para amplificar los boletines que env\u00eda a trav\u00e9s de la integraci\u00f3n perfecta de la informaci\u00f3n basada en la ubicaci\u00f3n, lo que le permite dirigirse de manera efectiva y atender a grupos espec\u00edficos de suscriptores. Al aprovechar el poder de esta herramienta, obtiene la capacidad de personalizar su contenido y promociones en funci\u00f3n de la ubicaci\u00f3n geogr\u00e1fica de cada suscriptor individual, fomentando as\u00ed una mayor participaci\u00f3n y reforzando las tasas de conversi\u00f3n a niveles sin precedentes. Maximice el potencial de sus boletines y se embarte en el viaje de utilizar la herramienta de geolocalizaci\u00f3n del bolet\u00edn a partir de hoy.<\/p>\n","protected":false},"featured_media":166968,"comment_status":"open","ping_status":"open","template":"","meta":[],"product_brand":[2506],"product_cat":[1214,1206,1211],"product_tag":[2211],"class_list":{"0":"post-119900","1":"product","2":"type-product","3":"status-publish","4":"has-post-thumbnail","6":"product_brand-newsletter","7":"product_cat-personalizacion","8":"product_cat-plugins","9":"product_cat-wordpress-plugins","10":"product_tag-newsletter","11":"member-discount","12":"discount-restricted","14":"first","15":"instock","16":"sale","17":"downloadable","18":"virtual","19":"sold-individually","20":"purchasable","21":"product-type-simple"},"_links":{"self":[{"href":"https:\/\/gpl-love.com\/es\/wp-json\/wp\/v2\/product\/119900","targetHints":{"allow":["GET"]}}],"collection":[{"href":"https:\/\/gpl-love.com\/es\/wp-json\/wp\/v2\/product"}],"about":[{"href":"https:\/\/gpl-love.com\/es\/wp-json\/wp\/v2\/types\/product"}],"replies":[{"embeddable":true,"href":"https:\/\/gpl-love.com\/es\/wp-json\/wp\/v2\/comments?post=119900"}],"wp:featuredmedia":[{"embeddable":true,"href":"https:\/\/gpl-love.com\/es\/wp-json\/wp\/v2\/media\/166968"}],"wp:attachment":[{"href":"https:\/\/gpl-love.com\/es\/wp-json\/wp\/v2\/media?parent=119900"}],"wp:term":[{"taxonomy":"product_brand","embeddable":true,"href":"https:\/\/gpl-love.com\/es\/wp-json\/wp\/v2\/product_brand?post=119900"},{"taxonomy":"product_cat","embeddable":true,"href":"https:\/\/gpl-love.com\/es\/wp-json\/wp\/v2\/product_cat?post=119900"},{"taxonomy":"product_tag","embeddable":true,"href":"https:\/\/gpl-love.com\/es\/wp-json\/wp\/v2\/product_tag?post=119900"}],"curies":[{"name":"wp","href":"https:\/\/api.w.org\/{rel}","templated":true}]}}