{"id":119898,"date":"2025-10-20T00:00:00","date_gmt":"2025-10-20T05:00:00","guid":{"rendered":"https:\/\/gpl-love.com\/es\/?post_type=product&#038;p=119898"},"modified":"2026-03-09T07:55:11","modified_gmt":"2026-03-09T12:55:11","slug":"newsletter-google-analytics","status":"publish","type":"product","link":"https:\/\/gpl-love.com\/es\/producto\/newsletter-google-analytics\/","title":{"rendered":"Newsletter Google Analytics 1.3.1"},"content":{"rendered":"<h3>Newsletter Google Analytics Caracteristicas<\/h3>\n<p>La herramienta Bolet\u00edn de Google Analytics ha sido dise\u00f1ada meticulosamente para ayudar a las empresas y organizaciones a adquirir ideas invaluables relacionadas con sus campa\u00f1as de marketing por correo electr\u00f3nico. Al emplear esta notable herramienta, los usuarios est\u00e1n facultados para monitorear y evaluar meticulosamente las m\u00e9tricas cr\u00edticas, como las tasas de apertura, las tasas de clics y la participaci\u00f3n del usuario. La importancia de estos datos no puede ser exagerada, ya que permite a las empresas adquirir una comprensi\u00f3n m\u00e1s profunda del comportamiento y las preferencias del cliente, facilitando as\u00ed la optimizaci\u00f3n de las pr\u00f3ximas campa\u00f1as de correo electr\u00f3nico para el m\u00e1ximo impacto. Gracias a sus paneles de uso de usuarios e informes personalizables, la herramienta de an\u00e1lisis de Google Newsletter facilita convenientemente el seguimiento y el an\u00e1lisis de los esfuerzos de marketing por correo electr\u00f3nico. Independientemente de si el objetivo principal de uno es mejorar la participaci\u00f3n del cliente, impulsar las conversiones o aumentar los ingresos, esta herramienta ejemplar proporciona sin esfuerzo las ideas y datos indispensables necesarios para tomar decisiones bien informadas y lograr los objetivos de uno efectivamente.<\/p>\n<ul>\n<li>Seguimiento en tiempo real del comportamiento del suscriptor de bolet\u00edn<\/li>\n<li>An\u00e1lisis exhaustivo de las tasas de abrir y hacer clics<\/li>\n<li>Desglose detallado de la demograf\u00eda de suscriptores<\/li>\n<li>Integraci\u00f3n perfecta con Google Analytics<\/li>\n<li>Informes automatizados y tablero personalizable<\/li>\n<li>Ideas claras y procesables para optimizar futuras campa\u00f1as de bolet\u00edn<\/li>\n<li>Interfaz f\u00e1cil de usar para una f\u00e1cil navegaci\u00f3n e informaci\u00f3n r\u00e1pida<\/li>\n<li>Proporcionar m\u00e9tricas para ayudar a las empresas a ajustar y apuntar a su audiencia para obtener mejores respuestas<\/li>\n<li>Capacidad para rastrear y analizar diferentes segmentos de participaci\u00f3n de suscriptores<\/li>\n<li>Ayudar a las empresas a comprender c\u00f3mo se adapta su bolet\u00edn con su estrategia de marketing general.<\/li>\n<\/ul>\n","protected":false},"excerpt":{"rendered":"<p>Desbloquee todo el potencial de su an\u00e1lisis de bolet\u00edn aprovechando la integraci\u00f3n perfecta de la funci\u00f3n de Google Analytics de Google Analytics de entrada de entrada. Esta herramienta robusta y sofisticada va m\u00e1s all\u00e1 de suministro de ideas invaluables e integrales sobre sus suscriptores, que abarca m\u00e9tricas fundamentales, como tarifas abiertas y de clic, tasas de rebote y una variedad de otros puntos de datos indispensables, todas convenientemente agregadas dentro de un Panel de control navegable f\u00e1cil de usar y sin esfuerzo. Con las capacidades incomparables de la entrada a su disposici\u00f3n, puede ajustar meticulosamente y optimizar la estrategia de su bolet\u00edn, dirigi\u00e9ndola hacia un \u00e9xito sin precedentes y obteniendo resultados sin precedentes a trav\u00e9s de un proceso de toma de decisiones astuto y basado en datos. No pierda el tiempo y se embarque en un viaje transformador hoy al experimentar las capacidades incomparables del bolet\u00edn de Google Analytics, y presenciar de primera mano la notable diferencia que puede hacer para su estimado bolet\u00edn.<\/p>\n","protected":false},"featured_media":166969,"comment_status":"open","ping_status":"open","template":"","meta":[],"product_brand":[2506],"product_cat":[1214,1206,1211],"product_tag":[2211],"class_list":{"0":"post-119898","1":"product","2":"type-product","3":"status-publish","4":"has-post-thumbnail","6":"product_brand-newsletter","7":"product_cat-personalizacion","8":"product_cat-plugins","9":"product_cat-wordpress-plugins","10":"product_tag-newsletter","11":"member-discount","12":"discount-restricted","14":"first","15":"instock","16":"sale","17":"downloadable","18":"virtual","19":"sold-individually","20":"purchasable","21":"product-type-simple"},"_links":{"self":[{"href":"https:\/\/gpl-love.com\/es\/wp-json\/wp\/v2\/product\/119898","targetHints":{"allow":["GET"]}}],"collection":[{"href":"https:\/\/gpl-love.com\/es\/wp-json\/wp\/v2\/product"}],"about":[{"href":"https:\/\/gpl-love.com\/es\/wp-json\/wp\/v2\/types\/product"}],"replies":[{"embeddable":true,"href":"https:\/\/gpl-love.com\/es\/wp-json\/wp\/v2\/comments?post=119898"}],"wp:featuredmedia":[{"embeddable":true,"href":"https:\/\/gpl-love.com\/es\/wp-json\/wp\/v2\/media\/166969"}],"wp:attachment":[{"href":"https:\/\/gpl-love.com\/es\/wp-json\/wp\/v2\/media?parent=119898"}],"wp:term":[{"taxonomy":"product_brand","embeddable":true,"href":"https:\/\/gpl-love.com\/es\/wp-json\/wp\/v2\/product_brand?post=119898"},{"taxonomy":"product_cat","embeddable":true,"href":"https:\/\/gpl-love.com\/es\/wp-json\/wp\/v2\/product_cat?post=119898"},{"taxonomy":"product_tag","embeddable":true,"href":"https:\/\/gpl-love.com\/es\/wp-json\/wp\/v2\/product_tag?post=119898"}],"curies":[{"name":"wp","href":"https:\/\/api.w.org\/{rel}","templated":true}]}}