{"id":119896,"date":"2025-12-23T00:00:00","date_gmt":"2025-12-23T05:00:00","guid":{"rendered":"https:\/\/gpl-love.com\/es\/?post_type=product&#038;p=119896"},"modified":"2026-03-09T07:55:22","modified_gmt":"2026-03-09T12:55:22","slug":"newsletter-woocommerce","status":"publish","type":"product","link":"https:\/\/gpl-love.com\/es\/producto\/newsletter-woocommerce\/","title":{"rendered":"Newsletter WooCommerce 2.0.1"},"content":{"rendered":"<h3>Newsletter WooCommerce Caracteristicas<\/h3>\n<p>El complemento de WooCommerce del bolet\u00edn surge como un recurso irremplazable y precioso para las empresas que aspiran a optimizar sus esfuerzos de marketing. Armado con sus formidables capacidades, este complemento permite a los usuarios generar y supervisar las campa\u00f1as de marketing por correo electr\u00f3nico directamente desde su tienda WooCommerce. Con una interfaz f\u00e1cil de usar repleta de plantillas personalizables, las empresas pueden producir ampliamente boletines cautivadores que se adaptan escrupulosamente a su marca y mensaje \u00fanicos. Adem\u00e1s, este complemento est\u00e1 equipado con caracter\u00edsticas sofisticadas de informes y an\u00e1lisis, lo que permite a los usuarios monitorear meticulosamente el triunfo de sus campa\u00f1as y tomar decisiones ilustradas relacionadas con futuras iniciativas de marketing. No importa si usted es propietario de una empresa diminuta o un propietario de un establecimiento colosal de comercio electr\u00f3nico, ya que el bolet\u00edn WooCommerce Plugin es un componente indispensable de cualquier estrategia de marketing triunfante.<\/p>\n<ul>\n<li>Alegar su proceso de creaci\u00f3n de su bolet\u00edn integr\u00e1ndolo con WooCommerce<\/li>\n<li>Fusionar sin problemas los datos del cliente de su tienda en l\u00ednea en sus boletines<\/li>\n<li>Use plantillas de bolet\u00edn previas a la construcci\u00f3n o dise\u00f1e sus propios boletines \u00fanicos<\/li>\n<li>Dirija los segmentos de clientes espec\u00edficos con contenido personalizado<\/li>\n<li>Automatice el proceso de env\u00edo de su bolet\u00edn para ahorrar tiempo y aumentar la participaci\u00f3n del cliente<\/li>\n<li>Aumentar las ventas y la retenci\u00f3n de los clientes manteniendo a los clientes informados sobre nuevos productos o promociones<\/li>\n<li>Rastrear f\u00e1cilmente el rendimiento del bolet\u00edn con an\u00e1lisis incorporados y caracter\u00edsticas de informes<\/li>\n<li>Comience r\u00e1pidamente con una interfaz simple y f\u00e1cil de usar.<\/li>\n<\/ul>\n","protected":false},"excerpt":{"rendered":"<p>El complemento de WooCommerce del bolet\u00edn, que es una herramienta de marketing excepcional para su tienda en l\u00ednea, ofrece una gran cantidad de caracter\u00edsticas potentes. Este complemento le permite adquirir sin esfuerzo direcciones de correo electr\u00f3nico de sus valiosos clientes y suscriptores, lo que posteriormente le permite enviarles boletines personalizados y ofertas promocionales irresistibles. Adem\u00e1s, tiene la libertad de dise\u00f1ar plantillas de correo electr\u00f3nico personalizadas que se alineen perfectamente con la identidad de su marca, mejorando as\u00ed el reconocimiento de su marca. Adem\u00e1s, puede monitorear y evaluar de manera efectiva la efectividad de sus campa\u00f1as de marketing a trav\u00e9s de an\u00e1lisis integrales proporcionados por el complemento. Ya sea que su objetivo principal es aumentar las ventas, fomentar la participaci\u00f3n significativa del cliente o establecer una fuerte presencia de marca, el complemento de WooCommerce del bolet\u00edn es la soluci\u00f3n definitiva que atiende a todos sus requisitos y garantiza su \u00e9xito.<\/p>\n","protected":false},"featured_media":166978,"comment_status":"open","ping_status":"open","template":"","meta":[],"product_brand":[2506],"product_cat":[1207,1248,1206],"product_tag":[2211],"class_list":{"0":"post-119896","1":"product","2":"type-product","3":"status-publish","4":"has-post-thumbnail","6":"product_brand-newsletter","7":"product_cat-comercio-electronico-plugins","8":"product_cat-personalizacion-comercio-electronico-plugins","9":"product_cat-plugins","10":"product_tag-newsletter","11":"member-discount","12":"discount-restricted","14":"first","15":"instock","16":"sale","17":"downloadable","18":"virtual","19":"sold-individually","20":"purchasable","21":"product-type-simple"},"_links":{"self":[{"href":"https:\/\/gpl-love.com\/es\/wp-json\/wp\/v2\/product\/119896","targetHints":{"allow":["GET"]}}],"collection":[{"href":"https:\/\/gpl-love.com\/es\/wp-json\/wp\/v2\/product"}],"about":[{"href":"https:\/\/gpl-love.com\/es\/wp-json\/wp\/v2\/types\/product"}],"replies":[{"embeddable":true,"href":"https:\/\/gpl-love.com\/es\/wp-json\/wp\/v2\/comments?post=119896"}],"wp:featuredmedia":[{"embeddable":true,"href":"https:\/\/gpl-love.com\/es\/wp-json\/wp\/v2\/media\/166978"}],"wp:attachment":[{"href":"https:\/\/gpl-love.com\/es\/wp-json\/wp\/v2\/media?parent=119896"}],"wp:term":[{"taxonomy":"product_brand","embeddable":true,"href":"https:\/\/gpl-love.com\/es\/wp-json\/wp\/v2\/product_brand?post=119896"},{"taxonomy":"product_cat","embeddable":true,"href":"https:\/\/gpl-love.com\/es\/wp-json\/wp\/v2\/product_cat?post=119896"},{"taxonomy":"product_tag","embeddable":true,"href":"https:\/\/gpl-love.com\/es\/wp-json\/wp\/v2\/product_tag?post=119896"}],"curies":[{"name":"wp","href":"https:\/\/api.w.org\/{rel}","templated":true}]}}