{"id":119894,"date":"2026-03-06T00:00:00","date_gmt":"2026-03-06T05:00:00","guid":{"rendered":"https:\/\/gpl-love.com\/es\/?post_type=product&#038;p=119894"},"modified":"2026-04-10T11:18:49","modified_gmt":"2026-04-10T16:18:49","slug":"newsletter-extended-composer-blocks","status":"publish","type":"product","link":"https:\/\/gpl-love.com\/es\/producto\/newsletter-extended-composer-blocks\/","title":{"rendered":"Newsletter Extended Composer Blocks 1.7.1"},"content":{"rendered":"<h3>Newsletter Extended Composer Blocks Caracteristicas<\/h3>\n<p>El bolet\u00edn extendi\u00f3 los bloques de compositor, que es una herramienta robusta y formidable, otorga a los usuarios la capacidad de generar boletines personalizados sin esfuerzo. Este notable producto facilita la incorporaci\u00f3n perfecta de diversos formatos de contenido, como texto, im\u00e1genes, videos y otros elementos en los boletines. En particular, estos bloques poseen un grado excepcional de adaptabilidad, lo que permite a los usuarios adaptar sin esfuerzo el tama\u00f1o, el color y el estilo de cada bloque de acuerdo con sus requisitos de dise\u00f1o precisos. Adem\u00e1s, vale la pena destacar que estos bloques han sido ingeniosamente elaborados para garantizar una capacidad de respuesta m\u00f3vil \u00f3ptima, garantizando que el bolet\u00edn mantenga su esplendor visual en todos los dispositivos. A la luz de estas caracter\u00edsticas excepcionales, se hace evidente que los bloques de compositor extendidos del bolet\u00edn es un recurso indispensable para las personas que buscan crear boletines de manera amplia y eficiente que exuden un aura profesional.<\/p>\n<ul>\n<li>Los bloques de compositor extendidos del bolet\u00edn permiten a los usuarios crear f\u00e1cilmente boletines de correo electr\u00f3nico personalizados utilizando varios bloques y plantillas.<\/li>\n<li>Con este producto, los usuarios pueden agregar texto, im\u00e1genes, botones, enlaces de redes sociales y m\u00e1s para crear un bolet\u00edn visualmente atractivo y atractivo.<\/li>\n<li>Los bloques del compositor incluyen una interfaz de arrastrar y soltar, lo que facilita a los usuarios organizar bloques de contenido en cualquier orden que elijan.<\/li>\n<li>Este producto admite todas las principales plataformas de correo electr\u00f3nico, asegurando la compatibilidad y la facilidad de uso para todos los usuarios.<\/li>\n<li>Los usuarios pueden guardar y reutilizar plantillas personalizadas, creando un proceso simplificado para futuros boletines.<\/li>\n<li>Los bloques de compositor tambi\u00e9n vienen con plantillas predise\u00f1adas, que ofrecen inspiraci\u00f3n y un punto de partida para aquellos nuevos en el dise\u00f1o del bolet\u00edn.<\/li>\n<li>Los usuarios avanzados pueden editar HTML y CSS dentro del producto para opciones de personalizaci\u00f3n adicionales.<\/li>\n<li>El bolet\u00edn de compositores extendidos es una herramienta asequible y poderosa para empresas, blogueros e individuos que buscan mejorar su estrategia de marketing por correo electr\u00f3nico.<\/li>\n<\/ul>\n","protected":false},"excerpt":{"rendered":"<p>El Newsletter Extended Composer Blocks es una herramienta incre\u00edblemente robusta y potente que se ha creado espec\u00edficamente con el prop\u00f3sito de permitir a los usuarios crear boletines cautivadores y convincentes. De naturaleza notablemente intuitiva, esta herramienta cuenta con una extensa gama de bloques personalizables, otorgando as\u00ed a los usuarios a la dominaci\u00f3n completa sobre la est\u00e9tica visual y el ambiente general de sus boletines. La gran cantidad de caracter\u00edsticas ofrecidas por esta herramienta es realmente sorprendente, desde la capacidad de incorporar perfectamente im\u00e1genes sorprendentes y contenido textual evocador hasta la creaci\u00f3n de elementos altamente interactivos que infunden su bolet\u00edn sin paras con un nivel incomparable de compromiso. Es sin duda que esta herramienta tiene la capacidad de transformar su bolet\u00edn de un mero medio de comunicaci\u00f3n en una experiencia verdaderamente inmersiva y fascinante que cautiva y atrae la atenci\u00f3n de su p\u00fablico objetivo deseado. Independientemente de si se identifica como vendedor, creador de contenido o incluso propietario de un negocio, el bolet\u00edn extendido compositor promete elevar su bolet\u00edn a nuevas alturas de excelencia y sofisticaci\u00f3n.<\/p>\n","protected":false},"featured_media":166967,"comment_status":"open","ping_status":"open","template":"","meta":[],"product_brand":[2506],"product_cat":[1214,1206,1211],"product_tag":[2211],"class_list":{"0":"post-119894","1":"product","2":"type-product","3":"status-publish","4":"has-post-thumbnail","6":"product_brand-newsletter","7":"product_cat-personalizacion","8":"product_cat-plugins","9":"product_cat-wordpress-plugins","10":"product_tag-newsletter","11":"member-discount","12":"discount-restricted","14":"first","15":"instock","16":"sale","17":"downloadable","18":"virtual","19":"sold-individually","20":"purchasable","21":"product-type-simple"},"_links":{"self":[{"href":"https:\/\/gpl-love.com\/es\/wp-json\/wp\/v2\/product\/119894","targetHints":{"allow":["GET"]}}],"collection":[{"href":"https:\/\/gpl-love.com\/es\/wp-json\/wp\/v2\/product"}],"about":[{"href":"https:\/\/gpl-love.com\/es\/wp-json\/wp\/v2\/types\/product"}],"replies":[{"embeddable":true,"href":"https:\/\/gpl-love.com\/es\/wp-json\/wp\/v2\/comments?post=119894"}],"wp:featuredmedia":[{"embeddable":true,"href":"https:\/\/gpl-love.com\/es\/wp-json\/wp\/v2\/media\/166967"}],"wp:attachment":[{"href":"https:\/\/gpl-love.com\/es\/wp-json\/wp\/v2\/media?parent=119894"}],"wp:term":[{"taxonomy":"product_brand","embeddable":true,"href":"https:\/\/gpl-love.com\/es\/wp-json\/wp\/v2\/product_brand?post=119894"},{"taxonomy":"product_cat","embeddable":true,"href":"https:\/\/gpl-love.com\/es\/wp-json\/wp\/v2\/product_cat?post=119894"},{"taxonomy":"product_tag","embeddable":true,"href":"https:\/\/gpl-love.com\/es\/wp-json\/wp\/v2\/product_tag?post=119894"}],"curies":[{"name":"wp","href":"https:\/\/api.w.org\/{rel}","templated":true}]}}