{"id":119892,"date":"2026-02-14T00:00:00","date_gmt":"2026-02-14T05:00:00","guid":{"rendered":"https:\/\/gpl-love.com\/es\/?post_type=product&#038;p=119892"},"modified":"2026-04-10T11:18:44","modified_gmt":"2026-04-10T16:18:44","slug":"newsletter-amazon-ses","status":"publish","type":"product","link":"https:\/\/gpl-love.com\/es\/producto\/newsletter-amazon-ses\/","title":{"rendered":"Newsletter Amazon SES 1.6.4"},"content":{"rendered":"<h3>Newsletter Amazon SES Caracteristicas<\/h3>\n<p>El bolet\u00edn Amazon SES es una herramienta incre\u00edblemente robusta e influyente que satisface las necesidades de las empresas y organizaciones que tienen el requisito de enviar grandes cantidades de boletines electr\u00f3nicos a sus suscriptores. Al aprovechar este servicio, los usuarios pueden generar y distribuir boletines sin esfuerzo a trav\u00e9s de una interfaz que es incre\u00edblemente f\u00e1cil de usar, todo mientras obtiene los beneficios de la infraestructura de entrega de correo electr\u00f3nico altamente influyente de Amazon que garantiza que los mensajes lleguen con \u00e9xito a sus destinos previstos. Adem\u00e1s, este servicio otorga a los usuarios acceso a una gran cantidad de funcionalidades avanzadas, como seguimiento personalizado y an\u00e1lisis, filtrado de spam y manejo de rebote, otorgando as\u00ed a los usuarios un nivel de control incomparable sobre sus campa\u00f1as de correo electr\u00f3nico. Independientemente de si es una empresa a peque\u00f1a escala o una corporaci\u00f3n masiva, el bolet\u00edn Amazon SES es una herramienta indispensable que le permitir\u00e1 fomentar sin esfuerzo y mantener conexiones potentes y robustas con su estimada base de clientes y suscriptores valiosos.<\/p>\n<ul>\n<li>Env\u00eda boletines a sus suscriptores usando Amazon SES.<\/li>\n<li>Proporciona una interfaz f\u00e1cil de usar para crear y enviar boletines f\u00e1cilmente.<\/li>\n<li>Ofrece plantillas personalizables para sus boletines.<\/li>\n<li>Maneja autom\u00e1ticamente correos electr\u00f3nicos, rebotes y quejas no entregables.<\/li>\n<li>Rastrea e informa estad\u00edsticas de correo electr\u00f3nico, como tarifas de apertura y tarifas de clics.<\/li>\n<li>Se integra con servicios externos como WordPress y MailChimp.<\/li>\n<li>Admite enviar correos electr\u00f3nicos a granel o a segmentos espec\u00edficos de su lista de suscriptores.<\/li>\n<li>Ofrece caracter\u00edsticas avanzadas como pruebas y personalizaci\u00f3n A\/B.<\/li>\n<li>Asegura una alta capacidad de entrega con las caracter\u00edsticas de reputaci\u00f3n y capacidad de entrega de Amazon SES.<\/li>\n<\/ul>\n","protected":false},"excerpt":{"rendered":"<p>Nuestro bolet\u00edn de entrada, Amazon SES, sirve como la mejor soluci\u00f3n de marketing por correo electr\u00f3nico que atiende a empresas de varios tama\u00f1os. Cuenta con capacidades de env\u00edo de correo electr\u00f3nico incre\u00edblemente robustas y una variedad de caracter\u00edsticas completas de informes, lo que le permite construir y manejar campa\u00f1as de correo electr\u00f3nico impactantes que cautivan efectivamente a sus suscriptores, lo que finalmente resulta en conversiones mejoradas. Adem\u00e1s, la inclusi\u00f3n de nuestras plantillas personalizables y opciones de contenido din\u00e1mico garantiza la creaci\u00f3n perfecta de boletines visualmente atractivos y personalizados, que incorpora armoniosamente la propuesta de valor distintivo de su marca. Por lo tanto, si aspira a elevar sus esfuerzos de marketing por correo electr\u00f3nico, le imploramos que explore r\u00e1pidamente el potencial de nuestro bolet\u00edn incomparable, Amazon SES.<\/p>\n","protected":false},"featured_media":166961,"comment_status":"open","ping_status":"open","template":"","meta":[],"product_brand":[2506],"product_cat":[1214,1206,1211],"product_tag":[2211],"class_list":{"0":"post-119892","1":"product","2":"type-product","3":"status-publish","4":"has-post-thumbnail","6":"product_brand-newsletter","7":"product_cat-personalizacion","8":"product_cat-plugins","9":"product_cat-wordpress-plugins","10":"product_tag-newsletter","11":"member-discount","12":"discount-restricted","14":"first","15":"instock","16":"sale","17":"downloadable","18":"virtual","19":"sold-individually","20":"purchasable","21":"product-type-simple"},"_links":{"self":[{"href":"https:\/\/gpl-love.com\/es\/wp-json\/wp\/v2\/product\/119892","targetHints":{"allow":["GET"]}}],"collection":[{"href":"https:\/\/gpl-love.com\/es\/wp-json\/wp\/v2\/product"}],"about":[{"href":"https:\/\/gpl-love.com\/es\/wp-json\/wp\/v2\/types\/product"}],"replies":[{"embeddable":true,"href":"https:\/\/gpl-love.com\/es\/wp-json\/wp\/v2\/comments?post=119892"}],"wp:featuredmedia":[{"embeddable":true,"href":"https:\/\/gpl-love.com\/es\/wp-json\/wp\/v2\/media\/166961"}],"wp:attachment":[{"href":"https:\/\/gpl-love.com\/es\/wp-json\/wp\/v2\/media?parent=119892"}],"wp:term":[{"taxonomy":"product_brand","embeddable":true,"href":"https:\/\/gpl-love.com\/es\/wp-json\/wp\/v2\/product_brand?post=119892"},{"taxonomy":"product_cat","embeddable":true,"href":"https:\/\/gpl-love.com\/es\/wp-json\/wp\/v2\/product_cat?post=119892"},{"taxonomy":"product_tag","embeddable":true,"href":"https:\/\/gpl-love.com\/es\/wp-json\/wp\/v2\/product_tag?post=119892"}],"curies":[{"name":"wp","href":"https:\/\/api.w.org\/{rel}","templated":true}]}}