{"id":119890,"date":"2026-04-22T00:00:00","date_gmt":"2026-04-22T05:00:00","guid":{"rendered":"https:\/\/gpl-love.com\/es\/?post_type=product&#038;p=119890"},"modified":"2026-04-22T17:15:54","modified_gmt":"2026-04-22T22:15:54","slug":"newsletter-contact-form","status":"publish","type":"product","link":"https:\/\/gpl-love.com\/es\/producto\/newsletter-contact-form\/","title":{"rendered":"Newsletter Contact Form 7 4.5.2"},"content":{"rendered":"<h3>Newsletter Contact Form 7 Caracteristicas<\/h3>\n<p>El Contacto de Bolet\u00edn del Formulario 7 es un instrumento incre\u00edblemente robusto y eficiente que ha sido meticulosamente dise\u00f1ado para facilitar la colecci\u00f3n sin esfuerzo y la gesti\u00f3n eficiente de las suscripciones de los boletines, directamente de los visitantes de su sitio web. Este complemento fenomenal le permite la capacidad de fabricar formularios personalizados y adaptables que permitan a los usuarios inscribirse sin problemas para su bolet\u00edn, lo que le proporciona un activo extremadamente valioso en el \u00e1mbito del marketing. El proceso de instalaci\u00f3n y configuraci\u00f3n para este complemento es muy f\u00e1cil, y se integra perfectamente en su sitio de WordPress preexistente, asegurando una experiencia armoniosa y cohesiva tanto para usted como para sus usuarios. Con su interfaz notablemente f\u00e1cil de usar, puede fabricar campos a medida sin esfuerzo, gobernar astutamente a sus suscriptores y difundir sin esfuerzo actualizaciones de correo electr\u00f3nico informativas y atractivas. Si se encuentra anhelando expandir la amplitud y profundidad de su lista de correo electr\u00f3nico, as\u00ed como mejorar y fortalecer el nivel de compromiso con su audiencia, entonces la herramienta indispensable a considerar no es otra que el Formulario de contacto del bolet\u00edn 7.<\/p>\n<ul>\n<li>Permite a los usuarios registrarse f\u00e1cilmente para un bolet\u00edn<\/li>\n<li>Permite a los propietarios de sitios web recopilar y almacenar informaci\u00f3n de contacto<\/li>\n<li>Se integra con el Formulario de contacto 7, un complemento de creaci\u00f3n de formulario popular para WordPress<\/li>\n<li>Campos de formulario personalizables para recopilar tipos espec\u00edficos de datos<\/li>\n<li>Opci\u00f3n para habilitar la doble opci\u00f3n para la confirmaci\u00f3n del correo electr\u00f3nico<\/li>\n<li>Exportar f\u00e1cilmente los datos a servicios populares de marketing por correo electr\u00f3nico como MailChimp o Constant Contact<\/li>\n<li>Proporciona a los propietarios de sitios web una forma compatible con GDPR para recopilar y almacenar el consentimiento para las comunicaciones de marketing de opci\u00f3n<\/li>\n<li>Asigna IDS \u00fanicas a cada env\u00edo de formulario para un f\u00e1cil seguimiento y an\u00e1lisis de datos<\/li>\n<li>Captcha y protecci\u00f3n de spam incorporados para prevenir presentaciones no deseadas<\/li>\n<li>Interfaz f\u00e1cil de usar con opciones sencillas de configuraci\u00f3n e integraci\u00f3n<\/li>\n<\/ul>\n","protected":false},"excerpt":{"rendered":"<p>El bolet\u00edn de contacto Forma 7 es un complemento incre\u00edblemente vers\u00e1til y f\u00e1cil de usar que ofrece una multitud de caracter\u00edsticas, lo que permite a los usuarios crear y manejar sin esfuerzo formularios de suscripci\u00f3n personalizados en su sitio de WordPress. Al utilizar esta incre\u00edble herramienta, las personas pueden recopilar informaci\u00f3n de suscriptores invaluable, ejecutar campa\u00f1as de correo electr\u00f3nico altamente espec\u00edficas y mantener una comunicaci\u00f3n constante con su audiencia. Independientemente de si se identifica como blogger, vendedor o propietario de negocios, la funcionalidad y conveniencia adicionales que proporciona el Formulario de contacto del bolet\u00edn 7 puede ser sin duda ser ventajoso para usted. No pierda el tiempo y tome la decisi\u00f3n de instalar este complemento notable hoy, \u00a1sumergi\u00e9ndose en un nuevo reino de participaci\u00f3n del lector!<\/p>\n","protected":false},"featured_media":166965,"comment_status":"open","ping_status":"open","template":"","meta":[],"product_brand":[2506],"product_cat":[1214,1206,1211],"product_tag":[2211],"class_list":{"0":"post-119890","1":"product","2":"type-product","3":"status-publish","4":"has-post-thumbnail","6":"product_brand-newsletter","7":"product_cat-personalizacion","8":"product_cat-plugins","9":"product_cat-wordpress-plugins","10":"product_tag-newsletter","11":"member-discount","12":"discount-restricted","14":"first","15":"instock","16":"sale","17":"downloadable","18":"virtual","19":"sold-individually","20":"purchasable","21":"product-type-simple"},"_links":{"self":[{"href":"https:\/\/gpl-love.com\/es\/wp-json\/wp\/v2\/product\/119890","targetHints":{"allow":["GET"]}}],"collection":[{"href":"https:\/\/gpl-love.com\/es\/wp-json\/wp\/v2\/product"}],"about":[{"href":"https:\/\/gpl-love.com\/es\/wp-json\/wp\/v2\/types\/product"}],"replies":[{"embeddable":true,"href":"https:\/\/gpl-love.com\/es\/wp-json\/wp\/v2\/comments?post=119890"}],"wp:featuredmedia":[{"embeddable":true,"href":"https:\/\/gpl-love.com\/es\/wp-json\/wp\/v2\/media\/166965"}],"wp:attachment":[{"href":"https:\/\/gpl-love.com\/es\/wp-json\/wp\/v2\/media?parent=119890"}],"wp:term":[{"taxonomy":"product_brand","embeddable":true,"href":"https:\/\/gpl-love.com\/es\/wp-json\/wp\/v2\/product_brand?post=119890"},{"taxonomy":"product_cat","embeddable":true,"href":"https:\/\/gpl-love.com\/es\/wp-json\/wp\/v2\/product_cat?post=119890"},{"taxonomy":"product_tag","embeddable":true,"href":"https:\/\/gpl-love.com\/es\/wp-json\/wp\/v2\/product_tag?post=119890"}],"curies":[{"name":"wp","href":"https:\/\/api.w.org\/{rel}","templated":true}]}}