{"id":119888,"date":"2026-04-16T00:00:00","date_gmt":"2026-04-16T05:00:00","guid":{"rendered":"https:\/\/gpl-love.com\/es\/?post_type=product&#038;p=119888"},"modified":"2026-04-16T17:16:11","modified_gmt":"2026-04-16T22:16:11","slug":"newsletter-api","status":"publish","type":"product","link":"https:\/\/gpl-love.com\/es\/producto\/newsletter-api\/","title":{"rendered":"Newsletter API 2.5.5"},"content":{"rendered":"<h3>Newsletter API Caracteristicas<\/h3>\n<p>La API del bolet\u00edn se presenta como una herramienta incre\u00edblemente poderosa, dise\u00f1ada espec\u00edficamente para atender a los desarrolladores que buscan un medio perfecto y sin esfuerzo para crear y administrar boletines. Sin embargo, su funcionalidad se extiende mucho m\u00e1s all\u00e1 de la mera creaci\u00f3n y gesti\u00f3n de los boletines informativos, ya que permite a los usuarios la capacidad de generar y mantener plantillas personalizadas, importar y exportar listas de suscriptores, e incluso automatizar la entrega de boletines. Adem\u00e1s, cuenta con un conjunto de caracter\u00edsticas avanzadas de seguimiento e informes, lo que permite a los usuarios monitorear de cerca el compromiso de los suscriptores y, por lo tanto, permitirles evaluar de manera efectiva la eficacia de sus campa\u00f1as. A la luz de estas impresionantes capacidades, queda muy claro que la API del bolet\u00edn sirve como un activo indispensable para las empresas con el objetivo de optimizar y optimizar su proceso de creaci\u00f3n de boletines, mejorar la participaci\u00f3n de suscriptores y obtener resultados superiores de sus esfuerzos de marketing por correo electr\u00f3nico. Dada su interfaz notablemente intuitiva y su amplia gama de caracter\u00edsticas s\u00f3lidas, se hace evidente que la API del bolet\u00edn es una necesidad absoluta para cualquier negocio comprometido a impulsar sus esfuerzos de marketing por correo electr\u00f3nico al pr\u00f3ximo escal\u00f3n.<\/p>\n<ul>\n<li>Integraci\u00f3n f\u00e1cil con los boletines existentes<\/li>\n<li>Compatible con los principales proveedores de servicios de correo electr\u00f3nico<\/li>\n<li>Interfaz f\u00e1cil de usar para la gesti\u00f3n sin esfuerzo de los datos del bolet\u00edn<\/li>\n<li>Las actualizaciones de datos confiables garantizan la precisi\u00f3n en tiempo real<\/li>\n<li>An\u00e1lisis avanzado que permite la toma de decisiones basada en datos<\/li>\n<li>Medidas de seguridad s\u00f3lidas que garantizan la privacidad y protecci\u00f3n de los datos<\/li>\n<\/ul>\n","protected":false},"excerpt":{"rendered":"<p>La API del bolet\u00edn, que cuenta con una potencia considerable, sirve como un recurso invaluable para las empresas que buscan mejorar la eficiencia de sus esfuerzos de comunicaci\u00f3n con el cliente. Esta notable API se integra sin problemas con su sistema preexistente, lo que le brinda el lujo de recibir boletines personalizados que se adaptan meticulosamente para satisfacer sus requisitos \u00fanicos. Al capitalizar su notable capacidad para enviar correos electr\u00f3nicos dirigidos con precisi\u00f3n que dependen de las preferencias individuales del cliente y los patrones de comportamiento, puede aumentar la participaci\u00f3n del cliente y al mismo tiempo facilita la optimizaci\u00f3n de la tasa de conversi\u00f3n. Adem\u00e1s, vale la pena se\u00f1alar que la API del bolet\u00edn se caracteriza por su naturaleza f\u00e1cil de usar y su navegabilidad sin esfuerzo, lo que lo convierte en una soluci\u00f3n ideal para las empresas de todas las magnitudes, independientemente de la estatura.<\/p>\n","protected":false},"featured_media":166962,"comment_status":"open","ping_status":"open","template":"","meta":[],"product_brand":[2506],"product_cat":[1214,1206,1211],"product_tag":[2211],"class_list":{"0":"post-119888","1":"product","2":"type-product","3":"status-publish","4":"has-post-thumbnail","6":"product_brand-newsletter","7":"product_cat-personalizacion","8":"product_cat-plugins","9":"product_cat-wordpress-plugins","10":"product_tag-newsletter","11":"member-discount","12":"discount-restricted","14":"first","15":"instock","16":"sale","17":"downloadable","18":"virtual","19":"sold-individually","20":"purchasable","21":"product-type-simple"},"_links":{"self":[{"href":"https:\/\/gpl-love.com\/es\/wp-json\/wp\/v2\/product\/119888","targetHints":{"allow":["GET"]}}],"collection":[{"href":"https:\/\/gpl-love.com\/es\/wp-json\/wp\/v2\/product"}],"about":[{"href":"https:\/\/gpl-love.com\/es\/wp-json\/wp\/v2\/types\/product"}],"replies":[{"embeddable":true,"href":"https:\/\/gpl-love.com\/es\/wp-json\/wp\/v2\/comments?post=119888"}],"wp:featuredmedia":[{"embeddable":true,"href":"https:\/\/gpl-love.com\/es\/wp-json\/wp\/v2\/media\/166962"}],"wp:attachment":[{"href":"https:\/\/gpl-love.com\/es\/wp-json\/wp\/v2\/media?parent=119888"}],"wp:term":[{"taxonomy":"product_brand","embeddable":true,"href":"https:\/\/gpl-love.com\/es\/wp-json\/wp\/v2\/product_brand?post=119888"},{"taxonomy":"product_cat","embeddable":true,"href":"https:\/\/gpl-love.com\/es\/wp-json\/wp\/v2\/product_cat?post=119888"},{"taxonomy":"product_tag","embeddable":true,"href":"https:\/\/gpl-love.com\/es\/wp-json\/wp\/v2\/product_tag?post=119888"}],"curies":[{"name":"wp","href":"https:\/\/api.w.org\/{rel}","templated":true}]}}