{"id":119886,"date":"2025-03-02T00:00:00","date_gmt":"2025-03-02T05:00:00","guid":{"rendered":"https:\/\/gpl-love.com\/es\/?post_type=product&#038;p=119886"},"modified":"2026-04-10T11:18:51","modified_gmt":"2026-04-10T16:18:51","slug":"newsletter-import","status":"publish","type":"product","link":"https:\/\/gpl-love.com\/es\/producto\/newsletter-import\/","title":{"rendered":"Newsletter Import 1.5.9"},"content":{"rendered":"<h3>Newsletter Import Caracteristicas<\/h3>\n<p>El producto de software conocido como Importaci\u00f3n de Newsletter ha sido dise\u00f1ado meticulosamente para satisfacer las necesidades de las empresas que buscan un m\u00e9todo sin problemas y sin problemas para importar el contenido de su bolet\u00edn de correo electr\u00f3nico en un sistema de lista de correo. Esta oferta particular es particularmente adecuada para las empresas que tienen un programa de distribuci\u00f3n de boletines consistente y frecuente y requieren un enfoque simplificado y confiable para administrar efectivamente sus extensas listas de correo. Al aprovechar las poderosas capacidades de la importaci\u00f3n del bolet\u00edn, las empresas pueden importar sin esfuerzo su contenido de bolet\u00edn con solo unos pocos clics, lo que posteriormente les permite ahorrar tiempo valioso y asignar recursos de manera m\u00e1s eficiente. Adem\u00e1s, esta notable soluci\u00f3n se ha creado cuidadosamente para poseer una interfaz f\u00e1cil de usar y una funcionalidad intuitiva, lo que la hace accesible y comprensible para las personas de diferentes competencias t\u00e9cnicas. En general, si actualmente est\u00e1 buscando un medio sencillo y altamente eficiente para supervisar su lista de correo de bolet\u00edn, la importaci\u00f3n del bolet\u00edn emerge como la opci\u00f3n por excelencia para usted.<\/p>\n<ul>\n<li>Importaciones de importaci\u00f3n sin esfuerzo de varias fuentes<\/li>\n<li>Ahorre tiempo evitando la entrada de datos manuales<\/li>\n<li>Transfiera con precisi\u00f3n los datos sin errores o p\u00e9rdida de datos<\/li>\n<li>Mejore sus esfuerzos de marketing por correo electr\u00f3nico con una gama m\u00e1s amplia de fuentes de contenido<\/li>\n<li>Agilice su flujo de trabajo con actualizaciones autom\u00e1ticas y sincronizaci\u00f3n<\/li>\n<li>Organizar y administrar f\u00e1cilmente sus boletines con nuestra interfaz intuitiva<\/li>\n<li>Disfrute de una integraci\u00f3n perfecta con su plataforma de marketing por correo electr\u00f3nico existente<\/li>\n<li>Mejorar la efectividad de sus campa\u00f1as de correo electr\u00f3nico con contenido m\u00e1s dirigido y personalizado<\/li>\n<li>Acceda a valiosos conocimientos y an\u00e1lisis para optimizar su estrategia de marketing por correo electr\u00f3nico<\/li>\n<li>Aumente su ROI y haga crecer su base de suscriptores con un marketing por correo electr\u00f3nico m\u00e1s efectivo.<\/li>\n<\/ul>\n","protected":false},"excerpt":{"rendered":"<p>Nuestra herramienta de importaci\u00f3n del bolet\u00edn proporciona una soluci\u00f3n perfecta y f\u00e1cil de usar para importar y administrar efectivamente su lista de suscriptores de correo electr\u00f3nico. Al utilizar esta herramienta avanzada, puede agregar sin esfuerzo nuevos suscriptores a su lista al tiempo que garantiza su precisi\u00f3n y relevancia continua. \u00a1El proceso de importaci\u00f3n de su lista de boletines nunca ha sido m\u00e1s simplificado y conveniente de lo que es ahora!<\/p>\n","protected":false},"featured_media":166970,"comment_status":"open","ping_status":"open","template":"","meta":[],"product_brand":[2506],"product_cat":[1214,1206,1211],"product_tag":[2211],"class_list":{"0":"post-119886","1":"product","2":"type-product","3":"status-publish","4":"has-post-thumbnail","6":"product_brand-newsletter","7":"product_cat-personalizacion","8":"product_cat-plugins","9":"product_cat-wordpress-plugins","10":"product_tag-newsletter","11":"member-discount","12":"discount-restricted","14":"first","15":"instock","16":"sale","17":"downloadable","18":"virtual","19":"sold-individually","20":"purchasable","21":"product-type-simple"},"_links":{"self":[{"href":"https:\/\/gpl-love.com\/es\/wp-json\/wp\/v2\/product\/119886","targetHints":{"allow":["GET"]}}],"collection":[{"href":"https:\/\/gpl-love.com\/es\/wp-json\/wp\/v2\/product"}],"about":[{"href":"https:\/\/gpl-love.com\/es\/wp-json\/wp\/v2\/types\/product"}],"replies":[{"embeddable":true,"href":"https:\/\/gpl-love.com\/es\/wp-json\/wp\/v2\/comments?post=119886"}],"wp:featuredmedia":[{"embeddable":true,"href":"https:\/\/gpl-love.com\/es\/wp-json\/wp\/v2\/media\/166970"}],"wp:attachment":[{"href":"https:\/\/gpl-love.com\/es\/wp-json\/wp\/v2\/media?parent=119886"}],"wp:term":[{"taxonomy":"product_brand","embeddable":true,"href":"https:\/\/gpl-love.com\/es\/wp-json\/wp\/v2\/product_brand?post=119886"},{"taxonomy":"product_cat","embeddable":true,"href":"https:\/\/gpl-love.com\/es\/wp-json\/wp\/v2\/product_cat?post=119886"},{"taxonomy":"product_tag","embeddable":true,"href":"https:\/\/gpl-love.com\/es\/wp-json\/wp\/v2\/product_tag?post=119886"}],"curies":[{"name":"wp","href":"https:\/\/api.w.org\/{rel}","templated":true}]}}