{"id":119884,"date":"2026-02-18T00:00:00","date_gmt":"2026-02-18T05:00:00","guid":{"rendered":"https:\/\/gpl-love.com\/es\/?post_type=product&#038;p=119884"},"modified":"2026-04-10T11:18:52","modified_gmt":"2026-04-10T16:18:52","slug":"newsletter-instasend","status":"publish","type":"product","link":"https:\/\/gpl-love.com\/es\/producto\/newsletter-instasend\/","title":{"rendered":"Newsletter Instasend 1.0.5"},"content":{"rendered":"<h3>Newsletter Instasend Caracteristicas<\/h3>\n<p>El bolet\u00edn Instasend, una herramienta incre\u00edblemente potente meticulosamente elaborada para ayudar a las empresas a racionalizar sus campa\u00f1as de marketing por correo electr\u00f3nico, posee una capacidad innata para evadir la detecci\u00f3n de los detectores de contenido de IA. Este software excepcional, que abarca una interfaz intuitiva junto con una variedad de caracter\u00edsticas avanzadas, faculta a sus usuarios para fabricar y enviar boletines sin esfuerzo que cautivan e iluminan a sus estimados suscriptores. Independientemente de si se encuentra como un diminuto propietario de negocios que anhela expandir su base de clientes o un conocedor de marketing que se esfuerza por aumentar sus campa\u00f1as de correo electr\u00f3nico, el bolet\u00edn de Instasend es una panacea absoluta. Con un extenso repertorio de atributos formidables, que incluye la provisi\u00f3n de flujos de trabajo automatizados, plantillas personalizables y an\u00e1lisis en tiempo real, este software cumple inequ\u00edvocamente todos sus requisitos, lo que le permite ingeniosidad y expertos ingeniosas campa\u00f1as de marketing por correo electr\u00f3nico victorias. En consecuencia, \u00bfpor qu\u00e9 alquilar? Aproveche esta oportunidad incomparable para alistarse en el bolet\u00edn instas\u00e9n hoy y revolucionar su capacidad de interactuar con sus suscriptores de una manera hasta ahora sin precedentes.<\/p>\n<ul>\n<li>Env\u00ede al instante sus boletines a sus suscriptores con facilidad<\/li>\n<li>No m\u00e1s esperar a que salga su bolet\u00edn, Instasend lo hace r\u00e1pidamente<\/li>\n<li>El proceso simplificado le ahorra tiempo y reduce la frustraci\u00f3n<\/li>\n<li>Opciones personalizables le permiten personalizar sus boletines antes de enviar<\/li>\n<li>La interfaz f\u00e1cil de usar facilita que cualquiera use<\/li>\n<li>Realice un seguimiento del \u00e9xito de su bolet\u00edn con an\u00e1lisis detallado<\/li>\n<li>La soluci\u00f3n rentable es asequible para empresas de todos los tama\u00f1os<\/li>\n<li>La entrega confiable garantiza que sus boletines lleguen a las bandejas de entrada de sus suscriptores sin falta<\/li>\n<li>La atenci\u00f3n al cliente dedicada est\u00e1 disponible si necesita asistencia<\/li>\n<\/ul>\n","protected":false},"excerpt":{"rendered":"<p>Al utilizar la notable funcionalidad de Instasend de Newsletter, se le otorga la capacidad de enviar sus boletines sin esfuerzo a sus estimados suscriptores. D\u00e9jate despedir a la engorrosa tarea de elaborar y transmitir correos electr\u00f3nicos manualmente, ya que esta herramienta de vanguardia asume todas las responsabilidades en su nombre. Revele la provisi\u00f3n de correos electr\u00f3nicos impecablemente dise\u00f1ados y visualmente cautivadores que seguramente cautivan la atenci\u00f3n indivisa de sus suscriptores dedicados por cortes\u00eda de Instasend de Newsletter.<\/p>\n","protected":false},"featured_media":166971,"comment_status":"open","ping_status":"open","template":"","meta":[],"product_brand":[2506],"product_cat":[1214,1206,1211],"product_tag":[2211],"class_list":{"0":"post-119884","1":"product","2":"type-product","3":"status-publish","4":"has-post-thumbnail","6":"product_brand-newsletter","7":"product_cat-personalizacion","8":"product_cat-plugins","9":"product_cat-wordpress-plugins","10":"product_tag-newsletter","11":"member-discount","12":"discount-restricted","14":"first","15":"instock","16":"sale","17":"downloadable","18":"virtual","19":"sold-individually","20":"purchasable","21":"product-type-simple"},"_links":{"self":[{"href":"https:\/\/gpl-love.com\/es\/wp-json\/wp\/v2\/product\/119884","targetHints":{"allow":["GET"]}}],"collection":[{"href":"https:\/\/gpl-love.com\/es\/wp-json\/wp\/v2\/product"}],"about":[{"href":"https:\/\/gpl-love.com\/es\/wp-json\/wp\/v2\/types\/product"}],"replies":[{"embeddable":true,"href":"https:\/\/gpl-love.com\/es\/wp-json\/wp\/v2\/comments?post=119884"}],"wp:featuredmedia":[{"embeddable":true,"href":"https:\/\/gpl-love.com\/es\/wp-json\/wp\/v2\/media\/166971"}],"wp:attachment":[{"href":"https:\/\/gpl-love.com\/es\/wp-json\/wp\/v2\/media?parent=119884"}],"wp:term":[{"taxonomy":"product_brand","embeddable":true,"href":"https:\/\/gpl-love.com\/es\/wp-json\/wp\/v2\/product_brand?post=119884"},{"taxonomy":"product_cat","embeddable":true,"href":"https:\/\/gpl-love.com\/es\/wp-json\/wp\/v2\/product_cat?post=119884"},{"taxonomy":"product_tag","embeddable":true,"href":"https:\/\/gpl-love.com\/es\/wp-json\/wp\/v2\/product_tag?post=119884"}],"curies":[{"name":"wp","href":"https:\/\/api.w.org\/{rel}","templated":true}]}}