{"id":119882,"date":"2026-03-06T00:00:00","date_gmt":"2026-03-06T05:00:00","guid":{"rendered":"https:\/\/gpl-love.com\/es\/?post_type=product&#038;p=119882"},"modified":"2026-04-10T11:18:46","modified_gmt":"2026-04-10T16:18:46","slug":"newsletter-archive","status":"publish","type":"product","link":"https:\/\/gpl-love.com\/es\/producto\/newsletter-archive\/","title":{"rendered":"Newsletter Archive 4.2.2"},"content":{"rendered":"<h3>Newsletter Archive Caracteristicas<\/h3>\n<p>El archivo del bolet\u00edn, una herramienta incre\u00edblemente completa, ofrece a los usuarios la capacidad perfecta de navegar sin esfuerzo a trav\u00e9s de una amplia gama de boletines anteriores. A trav\u00e9s de una utilizaci\u00f3n directa de una palabra clave especificada, un rango de fechas designado o incluso un tema particular de inter\u00e9s, los usuarios pueden obtener r\u00e1pidamente su bolet\u00edn deseado del extenso archivo. \u00bfEl resultado? Una exposici\u00f3n impecablemente organizada de boletines hist\u00f3ricos, lo que hace que un esfuerzo sin esfuerzo para los usuarios haga referencia y examine sin esfuerzo a trav\u00e9s del contenido anterior, asegurando as\u00ed su conciencia e inmersi\u00f3n continua en los eventos actuales. Al abarcar una amplia gama de usuarios, incluidas empresas, organizaciones e individuos por igual, esta herramienta invaluable demuestra ser un recurso indispensable para aquellos que buscan mantener un registro indeleble y bien documentado de sus esfuerzos comunicativos. En \u00faltima instancia, el archivo del bolet\u00edn sirve como una herramienta invaluable, simplificando eficazmente el proceso de b\u00fasqueda que de otro modo ser\u00eda de otro modo, al mismo tiempo, ofrece a los usuarios una v\u00eda muy conveniente para acceder a la perfecci\u00f3n y examinar los boletines anteriores con la mayor facilidad y eficiencia.<\/p>\n<ul>\n<li>Archivo integral de boletines anteriores accesibles en todo momento<\/li>\n<li>Funcionalidades f\u00e1ciles de navegaci\u00f3n y b\u00fasqueda para encontrar temas o ediciones espec\u00edficas<\/li>\n<li>Una forma conveniente para que los suscriptores se pongan al d\u00eda con cualquier contenido perdido<\/li>\n<li>Recursos valiosos para fines de investigaci\u00f3n y marketing<\/li>\n<li>Opciones de dise\u00f1o y dise\u00f1o personalizables para que coincidan con la imagen de marca<\/li>\n<li>Interfaz m\u00f3vil para acceso sobre el acceso<\/li>\n<li>Integraci\u00f3n con plataformas de marketing por correo electr\u00f3nico para la gesti\u00f3n perfecta de las campa\u00f1as de bolet\u00edn<\/li>\n<li>Opci\u00f3n para restringir el acceso a suscriptores o miembros de selecci\u00f3n por razones de privacidad<\/li>\n<li>Capacidad para rastrear y analizar el compromiso con boletines anteriores para informar estrategias de contenido futuras.<\/li>\n<\/ul>\n","protected":false},"excerpt":{"rendered":"<p>La provisi\u00f3n de una base de datos de b\u00fasqueda, repleta de una variedad de boletines anteriores en diversos formatos, ofrece a los usuarios un medio perfecto y sin esfuerzo para recuperar y referencias cruzadas de ediciones anteriores. El resultado deseado es un archivo que no solo es f\u00e1cil de usar sino tambi\u00e9n meticulosamente organizado, lo que lo hace f\u00e1cilmente accesible en un sitio web o plataforma designado. Este compendio de boletines, en efecto, asume la apariencia de un recurso invaluable para una variedad de entidades, incluidas empresas, instituciones o incluso personas que buscan relatar meticulosamente sus cr\u00f3nicas comunicativas y permanecer al tanto de ocurrencias anticuadas, progresiones e informes.<\/p>\n","protected":false},"featured_media":166963,"comment_status":"open","ping_status":"open","template":"","meta":[],"product_brand":[2506],"product_cat":[1214,1206,1211],"product_tag":[2211],"class_list":{"0":"post-119882","1":"product","2":"type-product","3":"status-publish","4":"has-post-thumbnail","6":"product_brand-newsletter","7":"product_cat-personalizacion","8":"product_cat-plugins","9":"product_cat-wordpress-plugins","10":"product_tag-newsletter","11":"member-discount","12":"discount-restricted","14":"first","15":"instock","16":"sale","17":"downloadable","18":"virtual","19":"sold-individually","20":"purchasable","21":"product-type-simple"},"_links":{"self":[{"href":"https:\/\/gpl-love.com\/es\/wp-json\/wp\/v2\/product\/119882","targetHints":{"allow":["GET"]}}],"collection":[{"href":"https:\/\/gpl-love.com\/es\/wp-json\/wp\/v2\/product"}],"about":[{"href":"https:\/\/gpl-love.com\/es\/wp-json\/wp\/v2\/types\/product"}],"replies":[{"embeddable":true,"href":"https:\/\/gpl-love.com\/es\/wp-json\/wp\/v2\/comments?post=119882"}],"wp:featuredmedia":[{"embeddable":true,"href":"https:\/\/gpl-love.com\/es\/wp-json\/wp\/v2\/media\/166963"}],"wp:attachment":[{"href":"https:\/\/gpl-love.com\/es\/wp-json\/wp\/v2\/media?parent=119882"}],"wp:term":[{"taxonomy":"product_brand","embeddable":true,"href":"https:\/\/gpl-love.com\/es\/wp-json\/wp\/v2\/product_brand?post=119882"},{"taxonomy":"product_cat","embeddable":true,"href":"https:\/\/gpl-love.com\/es\/wp-json\/wp\/v2\/product_cat?post=119882"},{"taxonomy":"product_tag","embeddable":true,"href":"https:\/\/gpl-love.com\/es\/wp-json\/wp\/v2\/product_tag?post=119882"}],"curies":[{"name":"wp","href":"https:\/\/api.w.org\/{rel}","templated":true}]}}