{"id":119880,"date":"2025-03-27T00:00:00","date_gmt":"2025-03-27T05:00:00","guid":{"rendered":"https:\/\/gpl-love.com\/es\/?post_type=product&#038;p=119880"},"modified":"2026-04-10T11:18:53","modified_gmt":"2026-04-10T16:18:53","slug":"newsletter-locked-content","status":"publish","type":"product","link":"https:\/\/gpl-love.com\/es\/producto\/newsletter-locked-content\/","title":{"rendered":"Newsletter Locked Content 1.2.1"},"content":{"rendered":"<h3>Newsletter Locked Content Caracteristicas<\/h3>\n<p>La caracter\u00edstica del contenido bloqueado del bolet\u00edn demuestra ser una herramienta altamente potente para empresas y organizaciones con el objetivo de amplificar la participaci\u00f3n y optimizar el valor de sus campa\u00f1as de marketing por correo electr\u00f3nico. Este atributo particular le permite fabricar contenido exquisito que permanezca exclusivamente accesible para los suscriptores que voluntariamente optan por recibir su bolet\u00edn. Al extender un valioso incentivo, tiene la oportunidad de fomentar la confianza y la devoci\u00f3n entre su audiencia y al mismo tiempo motivarlos a permanecer suscritos y difundir f\u00e1cilmente su contenido en sus redes personales. A trav\u00e9s de la utilizaci\u00f3n del contenido bloqueado del bolet\u00edn, tiene la capacidad de generar una mayor cantidad de clientes potenciales, aumentar las conversiones y, en \u00faltima instancia, impulsar la expansi\u00f3n de su negocio al equipar a sus suscriptores con recursos invaluables indispensables a su prosperidad.<\/p>\n<ul>\n<li>Contenido exclusivo solo para suscriptores<\/li>\n<li>Fomenta un mayor compromiso y lealtad de los suscriptores<\/li>\n<li>Ayuda a construir un sentido de comunidad entre los suscriptores<\/li>\n<li>Proporciona valor agregado a las suscripciones al bolet\u00edn<\/li>\n<li>Puede incluir una variedad de contenido, como art\u00edculos, videos y descargas.<\/li>\n<li>F\u00e1cil de implementar y administrar dentro de los sistemas de boletines existentes<\/li>\n<li>Se puede utilizar para promover ofertas o eventos especiales a los suscriptores<\/li>\n<li>Ayuda a establecer el bolet\u00edn como una fuente confiable de informaci\u00f3n y recursos.<\/li>\n<\/ul>\n","protected":false},"excerpt":{"rendered":"<p>Obtenga acceso a una gran cantidad de contenido exclusivo y muy solicitado ubicado dentro de un bolet\u00edn meticulosamente seleccionado, meticulosamente ensamblado para ser accesible \u00fanicamente por aquellos que poseen la escurridiza clave de una contrase\u00f1a o una suscripci\u00f3n. Sum\u00e9rjase en un mundo de conocimiento y mant\u00e9ngase informado sobre los \u00faltimos desarrollos innovadores y profundas ideas relacionadas con sus temas m\u00e1s preciados, todos meticulosamente salvaguardados por nuestra funci\u00f3n de bolet\u00edn bloqueado. Abstenerse de pasar por alto o descuidar informaci\u00f3n vital, potencialmente alteradora de la vida, y dar el paso afirmativo de registrarse hoy, renunciando a cualquier posibilidad de arrepentimiento.<\/p>\n","protected":false},"featured_media":166972,"comment_status":"open","ping_status":"open","template":"","meta":[],"product_brand":[2506],"product_cat":[1214,1206,1211],"product_tag":[2211],"class_list":{"0":"post-119880","1":"product","2":"type-product","3":"status-publish","4":"has-post-thumbnail","6":"product_brand-newsletter","7":"product_cat-personalizacion","8":"product_cat-plugins","9":"product_cat-wordpress-plugins","10":"product_tag-newsletter","11":"member-discount","12":"discount-restricted","14":"first","15":"instock","16":"sale","17":"downloadable","18":"virtual","19":"sold-individually","20":"purchasable","21":"product-type-simple"},"_links":{"self":[{"href":"https:\/\/gpl-love.com\/es\/wp-json\/wp\/v2\/product\/119880","targetHints":{"allow":["GET"]}}],"collection":[{"href":"https:\/\/gpl-love.com\/es\/wp-json\/wp\/v2\/product"}],"about":[{"href":"https:\/\/gpl-love.com\/es\/wp-json\/wp\/v2\/types\/product"}],"replies":[{"embeddable":true,"href":"https:\/\/gpl-love.com\/es\/wp-json\/wp\/v2\/comments?post=119880"}],"wp:featuredmedia":[{"embeddable":true,"href":"https:\/\/gpl-love.com\/es\/wp-json\/wp\/v2\/media\/166972"}],"wp:attachment":[{"href":"https:\/\/gpl-love.com\/es\/wp-json\/wp\/v2\/media?parent=119880"}],"wp:term":[{"taxonomy":"product_brand","embeddable":true,"href":"https:\/\/gpl-love.com\/es\/wp-json\/wp\/v2\/product_brand?post=119880"},{"taxonomy":"product_cat","embeddable":true,"href":"https:\/\/gpl-love.com\/es\/wp-json\/wp\/v2\/product_cat?post=119880"},{"taxonomy":"product_tag","embeddable":true,"href":"https:\/\/gpl-love.com\/es\/wp-json\/wp\/v2\/product_tag?post=119880"}],"curies":[{"name":"wp","href":"https:\/\/api.w.org\/{rel}","templated":true}]}}