{"id":119876,"date":"2025-04-17T00:00:00","date_gmt":"2025-04-17T05:00:00","guid":{"rendered":"https:\/\/gpl-love.com\/es\/?post_type=product&#038;p=119876"},"modified":"2026-03-09T07:45:57","modified_gmt":"2026-03-09T12:45:57","slug":"learndash-course-grid","status":"publish","type":"product","link":"https:\/\/gpl-love.com\/es\/producto\/learndash-course-grid\/","title":{"rendered":"LearnDash LMS Course Grid 2.0.11"},"content":{"rendered":"<h3>LearnDash LMS Course Grid Caracteristicas<\/h3>\n<p>La Grid del curso LearnDash LMS ofrece una soluci\u00f3n altamente efectiva y eficiente para mostrar de manera efectiva sus cursos en su plataforma LMS. Con este complemento, tiene la capacidad de crear sin esfuerzo una cuadr\u00edcula de curso totalmente personalizable, lo que permite a sus usuarios localizar r\u00e1pidamente el curso espec\u00edfico que buscan. En particular, la cuadr\u00edcula se puede organizar convenientemente de una multitud de maneras, que van desde la categorizaci\u00f3n hasta el etiquetado e incluso hasta el seguimiento del progreso del usuario. Adem\u00e1s, este complemento cuenta con una impresionante variedad de plantillas predise\u00f1adas para seleccionar, lo que le permite crear un cat\u00e1logo de cursos visualmente impresionante y profesional. Sin lugar a dudas, la cuadr\u00edcula del curso LearnDash LMS no solo representa una valiosa adici\u00f3n a cualquier plataforma LMS, sino que tambi\u00e9n sirve como una herramienta invaluable para aumentar la experiencia general del usuario para sus estimados alumnos.<\/p>\n<ul>\n<li>Proporciona un dise\u00f1o de cuadr\u00edcula de cursos visualmente atractivo para sus cursos de LearnDash<\/li>\n<li>Opciones de dise\u00f1o personalizables para que coincidan con la marca de su sitio web<\/li>\n<li>Permite una f\u00e1cil navegaci\u00f3n en curso y filtrado para los usuarios<\/li>\n<li>Puede mostrar descripciones de cursos, instructores e informaci\u00f3n de precios<\/li>\n<li>Compatible con las caracter\u00edsticas del progreso y el seguimiento del curso de LearnDash<\/li>\n<li>Dise\u00f1o receptivo para una visualizaci\u00f3n \u00f3ptima en dispositivos de escritorio y m\u00f3viles<\/li>\n<li>Instalaci\u00f3n e integraci\u00f3n f\u00e1cil con la plataforma LearnDash LMS<\/li>\n<li>Proporciona una interfaz f\u00e1cil de usar tanto para administradores como para usuarios<\/li>\n<li>Ayuda a aumentar las tasas de participaci\u00f3n y retenci\u00f3n del usuario con su dise\u00f1o intuitivo<\/li>\n<li>Ahorra tiempo y esfuerzo en la organizaci\u00f3n del curso y la navegaci\u00f3n para los administradores.<\/li>\n<\/ul>\n","protected":false},"excerpt":{"rendered":"<p>La cuadr\u00edcula del curso LearnDash LMS, un recurso incre\u00edblemente robusto, le brinda la oportunidad de presentar sus cursos en un dise\u00f1o de cuadr\u00edcula visualmente cautivador. Al utilizar este complemento extraordinario, tiene la capacidad de exhibir sin esfuerzo sus cursos, completos con im\u00e1genes cautivadoras, descripciones integrales y detalles intrincados del curso. Adem\u00e1s, el dise\u00f1o receptivo garantiza que su cuadr\u00edcula de cursos mantendr\u00e1 su apariencia atractiva en cualquier dispositivo, simplificando posteriormente el proceso de navegaci\u00f3n e inscripci\u00f3n para sus estudiantes. Si est\u00e1 buscando un enfoque pulido y contempor\u00e1neo para mostrar el cat\u00e1logo de su curso, no busque m\u00e1s que la cuadr\u00edcula del curso LearnDash LMS, ya que representa inequ\u00edvocamente la soluci\u00f3n ideal.<\/p>\n","protected":false},"featured_media":166575,"comment_status":"open","ping_status":"open","template":"","meta":[],"product_brand":[2483],"product_cat":[1214,1206,1211],"product_tag":[1320],"class_list":{"0":"post-119876","1":"product","2":"type-product","3":"status-publish","4":"has-post-thumbnail","6":"product_brand-learndash","7":"product_cat-personalizacion","8":"product_cat-plugins","9":"product_cat-wordpress-plugins","10":"product_tag-learndash","11":"member-discount","12":"discount-restricted","14":"first","15":"instock","16":"sale","17":"downloadable","18":"virtual","19":"sold-individually","20":"purchasable","21":"product-type-simple"},"_links":{"self":[{"href":"https:\/\/gpl-love.com\/es\/wp-json\/wp\/v2\/product\/119876","targetHints":{"allow":["GET"]}}],"collection":[{"href":"https:\/\/gpl-love.com\/es\/wp-json\/wp\/v2\/product"}],"about":[{"href":"https:\/\/gpl-love.com\/es\/wp-json\/wp\/v2\/types\/product"}],"replies":[{"embeddable":true,"href":"https:\/\/gpl-love.com\/es\/wp-json\/wp\/v2\/comments?post=119876"}],"wp:featuredmedia":[{"embeddable":true,"href":"https:\/\/gpl-love.com\/es\/wp-json\/wp\/v2\/media\/166575"}],"wp:attachment":[{"href":"https:\/\/gpl-love.com\/es\/wp-json\/wp\/v2\/media?parent=119876"}],"wp:term":[{"taxonomy":"product_brand","embeddable":true,"href":"https:\/\/gpl-love.com\/es\/wp-json\/wp\/v2\/product_brand?post=119876"},{"taxonomy":"product_cat","embeddable":true,"href":"https:\/\/gpl-love.com\/es\/wp-json\/wp\/v2\/product_cat?post=119876"},{"taxonomy":"product_tag","embeddable":true,"href":"https:\/\/gpl-love.com\/es\/wp-json\/wp\/v2\/product_tag?post=119876"}],"curies":[{"name":"wp","href":"https:\/\/api.w.org\/{rel}","templated":true}]}}