{"id":119874,"date":"2023-07-21T00:00:00","date_gmt":"2023-07-21T05:00:00","guid":{"rendered":"https:\/\/gpl-love.com\/es\/?post_type=product&#038;p=119874"},"modified":"2026-03-13T17:16:23","modified_gmt":"2026-03-13T22:16:23","slug":"baza-creative-multipurpose-wordpress-theme","status":"publish","type":"product","link":"https:\/\/gpl-love.com\/es\/producto\/baza-creative-multipurpose-wordpress-theme\/","title":{"rendered":"Baza Creative MultiPurpose WordPress Theme 1.26"},"content":{"rendered":"<h3>Baza Creative MultiPurpose WordPress Theme Caracteristicas<\/h3>\n<p>El tema creativo de WordPress multiprop\u00f3sito de Baza, un tema extremadamente vers\u00e1til y potente, posee la notable capacidad para atender a una gran cantidad de tipos de sitios web. Con un dise\u00f1o contempor\u00e1neo y ordenado, demuestra ser la elecci\u00f3n por excelencia para empresas, agencias, freelancers y profesionales ingeniosos que anhelan exhibir su trabajo y servicios. Adoptar la capacidad de respuesta completa, este tema exuda excelencia en todos los dispositivos, y abarca una variedad de opciones de personalizaci\u00f3n, que abarca colores y fuentes ilimitados, dise\u00f1os de la p\u00e1gina de inicio m\u00faltiples y una variedad de plantillas de p\u00e1gina. Adem\u00e1s, Baza hace alarde de un constructor de p\u00e1ginas impresionante que le permite fabricar p\u00e1ginas y dise\u00f1os personalizados sin problemas de codificaci\u00f3n. En particular, este tema personifica la simplicidad en t\u00e9rminos de instalaci\u00f3n y utilizaci\u00f3n, al tiempo que optimiza la velocidad y el SEO simult\u00e1neamente, garantizando la carga de la p\u00e1gina web r\u00e1pida y las clasificaciones de motores de b\u00fasqueda encomiables. Armado con un conjunto robusto de caracter\u00edsticas y una flexibilidad incomparable, el tema de WordPress multiprop\u00f3sito creativo de Baza sirve indudablemente como una opci\u00f3n impecable para las personas que aspiran a dise\u00f1ar una presencia en l\u00ednea sofisticada y cautivadora.<\/p>\n<ul>\n<li>Tema de WordPress totalmente personalizable y vers\u00e1til adecuado para una amplia gama de industrias y aplicaciones<\/li>\n<li>Viene con varias plantillas de demostraci\u00f3n previamente construidas para una configuraci\u00f3n r\u00e1pida y f\u00e1cil<\/li>\n<li>Incluye un poderoso constructor de p\u00e1ginas de arrastrar y soltar para la creaci\u00f3n y personalizaci\u00f3n de contenido sin esfuerzo<\/li>\n<li>Admite m\u00faltiples formatos de publicaci\u00f3n que incluyen audio, video, galer\u00eda y cita<\/li>\n<li>Men\u00fa mega incorporada y opciones de navegaci\u00f3n para una mejor experiencia de usuario y navegaci\u00f3n en el sitio web<\/li>\n<li>Dise\u00f1o totalmente receptivo que se adapta a todos los tama\u00f1os y dispositivos de pantalla, asegurando una experiencia de visualizaci\u00f3n \u00f3ptima para su audiencia<\/li>\n<li>Incluye complementos premium como Slider Revolution, Visual Composer y Contact Form 7, agregando caracter\u00edsticas y funciones vers\u00e1tiles a su sitio web<\/li>\n<li>Compatible con complementos populares de WordPress como WooCommerce, Yoast SEO y WPML, proporcionando a\u00fan m\u00e1s opciones de personalizaci\u00f3n y funcionalidad<\/li>\n<li>Soporte de por vida y actualizaciones regulares para garantizar un rendimiento \u00f3ptimo y una experiencia de usuario.<\/li>\n<\/ul>\n","protected":false},"excerpt":{"rendered":"<p>Experimente la versatilidad del tema de WordPress multiprop\u00f3sito creativo de Baza: una combinaci\u00f3n perfecta de dise\u00f1o y funcionalidad. Ya sea que sea un artista independiente, administre una agencia digital o administre un negocio corporativo, este tema est\u00e1 dise\u00f1ado para satisfacer todas sus necesidades. Baza ofrece un dise\u00f1o limpio, un dise\u00f1o receptivo y una interfaz f\u00e1cil de usar, lo que lo convierte en una opci\u00f3n ideal para cualquier sitio web.<\/p>\n<p>Construido en la \u00faltima tecnolog\u00eda de WordPress, Baza viene con un poderoso panel de administraci\u00f3n que proporciona un control total sobre la apariencia y las funciones de su sitio web. El tema es Optimizado de SEO, asegurando que su sitio obtenga una mejor visibilidad en los motores de b\u00fasqueda. Tambi\u00e9n presenta una importaci\u00f3n de demostraci\u00f3n de un solo clic para una f\u00e1cil configuraci\u00f3n y es compatible con complementos populares como WooCommerce y Elementor.<\/p>\n<p>El tema de Baza incorpora una variedad de p\u00e1ginas predeterminadas, dise\u00f1os personalizables y opciones de color ilimitadas para reflejar la identidad de su marca. Tambi\u00e9n admite contenido multimedia como videos e im\u00e1genes, lo que mejora su capacidad para involucrar a los usuarios.<\/p>\n<p>Con el tema de WordPress multiprop\u00f3sito creativo de Baza, obtienes soporte premium y actualizaciones regulares<\/p>\n","protected":false},"featured_media":165457,"comment_status":"open","ping_status":"open","template":"","meta":[],"product_brand":[2337],"product_cat":[1239,1237,1238],"product_tag":[1391],"class_list":{"0":"post-119874","1":"product","2":"type-product","3":"status-publish","4":"has-post-thumbnail","6":"product_brand-themeforest","7":"product_cat-de-multiples-fines","8":"product_cat-temas","9":"product_cat-wordpress-temas","10":"product_tag-themeforest","11":"member-discount","12":"discount-restricted","14":"first","15":"instock","16":"sale","17":"downloadable","18":"virtual","19":"sold-individually","20":"purchasable","21":"product-type-simple"},"_links":{"self":[{"href":"https:\/\/gpl-love.com\/es\/wp-json\/wp\/v2\/product\/119874","targetHints":{"allow":["GET"]}}],"collection":[{"href":"https:\/\/gpl-love.com\/es\/wp-json\/wp\/v2\/product"}],"about":[{"href":"https:\/\/gpl-love.com\/es\/wp-json\/wp\/v2\/types\/product"}],"replies":[{"embeddable":true,"href":"https:\/\/gpl-love.com\/es\/wp-json\/wp\/v2\/comments?post=119874"}],"wp:featuredmedia":[{"embeddable":true,"href":"https:\/\/gpl-love.com\/es\/wp-json\/wp\/v2\/media\/165457"}],"wp:attachment":[{"href":"https:\/\/gpl-love.com\/es\/wp-json\/wp\/v2\/media?parent=119874"}],"wp:term":[{"taxonomy":"product_brand","embeddable":true,"href":"https:\/\/gpl-love.com\/es\/wp-json\/wp\/v2\/product_brand?post=119874"},{"taxonomy":"product_cat","embeddable":true,"href":"https:\/\/gpl-love.com\/es\/wp-json\/wp\/v2\/product_cat?post=119874"},{"taxonomy":"product_tag","embeddable":true,"href":"https:\/\/gpl-love.com\/es\/wp-json\/wp\/v2\/product_tag?post=119874"}],"curies":[{"name":"wp","href":"https:\/\/api.w.org\/{rel}","templated":true}]}}