{"id":119872,"date":"2025-06-12T00:00:00","date_gmt":"2025-06-12T05:00:00","guid":{"rendered":"https:\/\/gpl-love.com\/es\/?post_type=product&#038;p=119872"},"modified":"2026-03-09T07:45:06","modified_gmt":"2026-03-09T12:45:06","slug":"kadence-conversions-popups","status":"publish","type":"product","link":"https:\/\/gpl-love.com\/es\/producto\/kadence-conversions-popups\/","title":{"rendered":"Kadence Conversions Popups 1.1.4"},"content":{"rendered":"<h3>Kadence Conversions Popups Caracteristicas<\/h3>\n<p>Las ventanas emergentes de Kadence Conversions cuenta con un conjunto formidable de funcionalidades que permite a los propietarios del sitio web para aumentar sus tasas de conversi\u00f3n mediante la creaci\u00f3n de ventanas emergentes cautivadoras y precisamente espec\u00edficas. Este complemento facilita a los usuarios para fabricar ventanas emergentes personalizadas sin esfuerzo que se pueden pedir sin esfuerzo en funci\u00f3n de distintas acciones o comportamientos del usuario, incluidos el intento de salida, el retraso de tiempo, la profundidad de desplazamiento y m\u00e1s. Estas ventanas emergentes pueden abarcar una amplia gama de contenido, abarcar, pero no limitado a ofertas especiales, formularios de suscripci\u00f3n, encuestas y m\u00e1s all\u00e1. Las ventanas emergentes de Kadence Conversions aumentan a\u00fan m\u00e1s su utilidad al endurar a los usuarios con opciones de orientaci\u00f3n avanzada, lo que permite la exhibici\u00f3n exclusiva de ventanas emergentes a audiencias espec\u00edficas, como visitantes novedosos o que regresan, e incluso personas que anteriormente se han involucrado con una p\u00e1gina o producto espec\u00edfico. Con su interfaz altamente intuitiva y su conjunto de caracter\u00edsticas robustas, la indispensabilidad de las ventanas emergentes de Kadence Conversions se hace evidente para cualquier individuo que busque aumentar las tasas de conversi\u00f3n de su sitio web.<\/p>\n<ul>\n<li>Las ventanas emergentes de alta calidad que ayudan a las empresas a aumentar las conversiones y las ventas<\/li>\n<li>Plantillas emergentes totalmente personalizables que se pueden adaptar a la marca y mensajes de mensajes de una empresa<\/li>\n<li>Una variedad de desencadenantes emergentes, que incluyen intenci\u00f3n de salida, retraso cronometrado, basado en desplazamiento y m\u00e1s<\/li>\n<li>Opciones de orientaci\u00f3n avanzada, como la orientaci\u00f3n a nivel de p\u00e1gina y la orientaci\u00f3n espec\u00edfica del dispositivo, para garantizar que las ventanas emergentes se muestren a la audiencia correcta en el momento correcto<\/li>\n<li>Capacidades de prueba A\/B para optimizar el rendimiento emergente y maximizar los resultados<\/li>\n<li>Rastrear y analizar f\u00e1cilmente el rendimiento emergente con an\u00e1lisis incorporados y caracter\u00edsticas de informes<\/li>\n<li>Se integra con herramientas de marketing populares como MailChimp, Hubspot y m\u00e1s para la generaci\u00f3n de leads sin interrupciones y la crianza de los clientes<\/li>\n<li>El dise\u00f1o receptivo asegura que las ventanas emergentes se vean muy bien en cualquier dispositivo, desde escritorio hasta m\u00f3vil<\/li>\n<li>El editor de arrastrar y soltar f\u00e1cil de usar permite a las empresas crear e implementar ventanas emergentes de manera r\u00e1pida y eficiente<\/li>\n<li>La atenci\u00f3n al cliente l\u00edder en la industria para ayudar a las empresas a aprovechar al m\u00e1ximo sus ventanas emergentes y aumentar las conversiones.<\/li>\n<\/ul>\n","protected":false},"excerpt":{"rendered":"<p>Las ventanas emergentes de Kadence Conversions, una herramienta altamente efectiva dise\u00f1ada meticulosamente para optimizar el potencial de generaci\u00f3n y conversi\u00f3n de leads de su sitio web, posee una destreza incomparable. A trav\u00e9s de su interfaz notablemente intuitiva y meticulosamente personalizable, est\u00e1 facultado para fabricar ventajas visualmente cautivadoras, deslizamientos y una variedad de opciones dise\u00f1adas para aprovechar la atenci\u00f3n de sus estimados visitantes y obligarlos a tomar medidas r\u00e1pidas. Con un extenso arsenal de caracter\u00edsticas vers\u00e1tiles, desde la creaci\u00f3n de listas de correo electr\u00f3nico hasta la promoci\u00f3n de atractivas ofertas especiales, Kadence Conversions Popups presenta un espectro expansivo de posibilidades para galvanizar y vigorizar los esfuerzos de marketing de su sitio web. Independientemente de si se identifica como un vendedor experimentado, un blogger prol\u00edfico o un propietario de un negocio visionario, esta herramienta indispensable es inequ\u00edvocamente indispensable para catapultar su presencia en l\u00ednea a alturas sin precedentes.<\/p>\n","protected":false},"featured_media":166540,"comment_status":"open","ping_status":"open","template":"","meta":[],"product_brand":[2364],"product_cat":[1214,1206,1211],"product_tag":[1804],"class_list":{"0":"post-119872","1":"product","2":"type-product","3":"status-publish","4":"has-post-thumbnail","6":"product_brand-kadence-wp","7":"product_cat-personalizacion","8":"product_cat-plugins","9":"product_cat-wordpress-plugins","10":"product_tag-kadence-wp","11":"member-discount","12":"discount-restricted","14":"first","15":"instock","16":"sale","17":"downloadable","18":"virtual","19":"sold-individually","20":"purchasable","21":"product-type-simple"},"_links":{"self":[{"href":"https:\/\/gpl-love.com\/es\/wp-json\/wp\/v2\/product\/119872","targetHints":{"allow":["GET"]}}],"collection":[{"href":"https:\/\/gpl-love.com\/es\/wp-json\/wp\/v2\/product"}],"about":[{"href":"https:\/\/gpl-love.com\/es\/wp-json\/wp\/v2\/types\/product"}],"replies":[{"embeddable":true,"href":"https:\/\/gpl-love.com\/es\/wp-json\/wp\/v2\/comments?post=119872"}],"wp:featuredmedia":[{"embeddable":true,"href":"https:\/\/gpl-love.com\/es\/wp-json\/wp\/v2\/media\/166540"}],"wp:attachment":[{"href":"https:\/\/gpl-love.com\/es\/wp-json\/wp\/v2\/media?parent=119872"}],"wp:term":[{"taxonomy":"product_brand","embeddable":true,"href":"https:\/\/gpl-love.com\/es\/wp-json\/wp\/v2\/product_brand?post=119872"},{"taxonomy":"product_cat","embeddable":true,"href":"https:\/\/gpl-love.com\/es\/wp-json\/wp\/v2\/product_cat?post=119872"},{"taxonomy":"product_tag","embeddable":true,"href":"https:\/\/gpl-love.com\/es\/wp-json\/wp\/v2\/product_tag?post=119872"}],"curies":[{"name":"wp","href":"https:\/\/api.w.org\/{rel}","templated":true}]}}