{"id":119859,"date":"2024-02-13T00:00:00","date_gmt":"2024-02-13T05:00:00","guid":{"rendered":"https:\/\/gpl-love.com\/es\/?post_type=product&#038;p=119859"},"modified":"2026-03-09T07:32:45","modified_gmt":"2026-03-09T12:32:45","slug":"envira-gallery-zoom-addon","status":"publish","type":"product","link":"https:\/\/gpl-love.com\/es\/producto\/envira-gallery-zoom-addon\/","title":{"rendered":"Envira Gallery Zoom Addon 1.4.1"},"content":{"rendered":"<h3>Envira Gallery Zoom Addon Caracteristicas<\/h3>\n<p>El complemento de la Galer\u00eda Envira es un complemento incre\u00edblemente potente que ha sido meticulosamente elaborado para elevar la funcionalidad general de su sitio web de WordPress. Su objetivo principal es aumentar sin problemas sus galer\u00edas de im\u00e1genes infundi\u00e9ndolas con la notable capacidad de zoom, permitiendo as\u00ed a sus estimados visitantes sumergirse en los intrincados matices y las complejidades exquisitas presentes dentro de sus im\u00e1genes resplandecientes de alta resoluci\u00f3n. Adem\u00e1s, este complemento ofrece un nivel de personalizaci\u00f3n inigualable, que le brinda la oportunidad sin precedentes de ajustar varios aspectos, como el nivel de zoom, las dimensiones de las ventanas de zoom e incluso la integraci\u00f3n de los botones de zoom personalizados. Sin lugar a dudas, el complemento de zoom de la galer\u00eda de la galer\u00eda Envira se erige como la elecci\u00f3n por excelencia para discernir empresas y creativos visionarios que anhelan fervientemente exhibir su excepcional mano de obra y destreza art\u00edstica de la manera m\u00e1s cautivadora concebible, lo que garantiza una experiencia de usuario inutilizable e insensible para todos los que atraviesan a trav\u00e9s de A lo largo de sus dominios virtuales.<\/p>\n<ul>\n<li>Mejora la experiencia del usuario al proporcionar la capacidad de acercarse y salir de las im\u00e1genes en las galer\u00edas Envira<\/li>\n<li>Integraci\u00f3n simple con el complemento de la galer\u00eda Envira<\/li>\n<li>Compatible con varios dispositivos y resoluciones de pantalla<\/li>\n<li>Apariencia de ventana de zoom elegante y personalizable<\/li>\n<li>Nivel de zoom ajustable para una experiencia de visualizaci\u00f3n \u00f3ptima<\/li>\n<li>Incluye la funci\u00f3n PAN para explorar im\u00e1genes de alta resoluci\u00f3n<\/li>\n<li>Admite gestos t\u00e1ctil y rueda del mouse para zoom<\/li>\n<li>Rendimiento de zoom r\u00e1pido y suave<\/li>\n<li>Proporciona flechas de navegaci\u00f3n para una f\u00e1cil navegaci\u00f3n a trav\u00e9s de im\u00e1genes<\/li>\n<\/ul>\n","protected":false},"excerpt":{"rendered":"<p>El complemento de la Galer\u00eda Envira es una herramienta incre\u00edblemente robusta y efectiva que ofrece a los usuarios la capacidad de mejorar sus galer\u00edas de fotos integrando perfectamente la funcionalidad de Zoom para sus im\u00e1genes. Este ingenioso complemento permite a las personas acercar sin esfuerzo en sus im\u00e1genes, lo que les permite examinar de cerca incluso los detalles m\u00e1s peque\u00f1os dentro de su arte. Independientemente de si se clasifica como artista, fot\u00f3grafo o blogger que muestra sus productos, este complemento excepcional sirve como la soluci\u00f3n definitiva para todas sus necesidades. No hay necesidad de retrasarse m\u00e1s: aprovecha la oportunidad de comprar el complemento de zoom de la galer\u00eda Envira hoy y presenciar de primera mano c\u00f3mo lleva su galer\u00eda de im\u00e1genes a nuevas alturas de excelencia.<\/p>\n","protected":false},"featured_media":166016,"comment_status":"open","ping_status":"open","template":"","meta":[],"product_brand":[2442],"product_cat":[1214,1206,1211],"product_tag":[2231],"class_list":{"0":"post-119859","1":"product","2":"type-product","3":"status-publish","4":"has-post-thumbnail","6":"product_brand-envira-gallery","7":"product_cat-personalizacion","8":"product_cat-plugins","9":"product_cat-wordpress-plugins","10":"product_tag-envira-gallery","11":"member-discount","12":"discount-restricted","14":"first","15":"instock","16":"sale","17":"downloadable","18":"virtual","19":"sold-individually","20":"purchasable","21":"product-type-simple"},"_links":{"self":[{"href":"https:\/\/gpl-love.com\/es\/wp-json\/wp\/v2\/product\/119859","targetHints":{"allow":["GET"]}}],"collection":[{"href":"https:\/\/gpl-love.com\/es\/wp-json\/wp\/v2\/product"}],"about":[{"href":"https:\/\/gpl-love.com\/es\/wp-json\/wp\/v2\/types\/product"}],"replies":[{"embeddable":true,"href":"https:\/\/gpl-love.com\/es\/wp-json\/wp\/v2\/comments?post=119859"}],"wp:featuredmedia":[{"embeddable":true,"href":"https:\/\/gpl-love.com\/es\/wp-json\/wp\/v2\/media\/166016"}],"wp:attachment":[{"href":"https:\/\/gpl-love.com\/es\/wp-json\/wp\/v2\/media?parent=119859"}],"wp:term":[{"taxonomy":"product_brand","embeddable":true,"href":"https:\/\/gpl-love.com\/es\/wp-json\/wp\/v2\/product_brand?post=119859"},{"taxonomy":"product_cat","embeddable":true,"href":"https:\/\/gpl-love.com\/es\/wp-json\/wp\/v2\/product_cat?post=119859"},{"taxonomy":"product_tag","embeddable":true,"href":"https:\/\/gpl-love.com\/es\/wp-json\/wp\/v2\/product_tag?post=119859"}],"curies":[{"name":"wp","href":"https:\/\/api.w.org\/{rel}","templated":true}]}}