{"id":119857,"date":"2024-02-13T00:00:00","date_gmt":"2024-02-13T05:00:00","guid":{"rendered":"https:\/\/gpl-love.com\/es\/producto\/envira-gallery-zip-importer-addon\/"},"modified":"2026-03-09T07:32:44","modified_gmt":"2026-03-09T12:32:44","slug":"envira-gallery-zip-importer-addon","status":"publish","type":"product","link":"https:\/\/gpl-love.com\/es\/producto\/envira-gallery-zip-importer-addon\/","title":{"rendered":"Envira Gallery ZIP Importer Addon 1.2.6"},"content":{"rendered":"<h3>Envira Gallery ZIP Importer Addon Caracteristicas<\/h3>\n<p>El complemento del importador Zip de la Galer\u00eda Envira demuestra ser un activo incre\u00edblemente valioso tanto para los fot\u00f3grafos como para los dise\u00f1adores, particularmente aquellos que necesitan de manera eficiente y amplia importan una gran cantidad de im\u00e1genes en sus galer\u00edas de WordPress. Este complemento extraordinario otorga a sus usuarios la capacidad de cargar sin esfuerzo y convenientemente una carpeta comprimida llena de im\u00e1genes, que posteriormente generan una nueva galer\u00eda que alberga cada imagen individual encerrada dentro de dicha carpeta. El complemento del importador Zip de la Galer\u00eda Envira cuenta con una variedad de caracter\u00edsticas impresionantes, incluida la generaci\u00f3n autom\u00e1tica de miniaturas, la opci\u00f3n de personalizar las plantillas de la galer\u00eda de acuerdo con las preferencias de uno y una funci\u00f3n de arrastrar y soltar f\u00e1cilmente para reorganizar sin esfuerzo el orden de las im\u00e1genes. Con capacidades tan excepcionales, queda claro que el complemento del importador Zip de la Galer\u00eda Envira hace que la tarea de organizar y presentar im\u00e1genes en su sitio web sea una brisa absoluta. No hace falta decir que este complemento es una necesidad absoluta para cualquiera que se encuentre responsable de la gesti\u00f3n y exhibici\u00f3n de un extenso cat\u00e1logo de im\u00e1genes en su sitio de WordPress.<\/p>\n<ul>\n<li>Importar sin esfuerzo grandes lotes de im\u00e1genes en la galer\u00eda Envira<\/li>\n<li>Admite importar im\u00e1genes en formato de archivo zip<\/li>\n<li>Ahorre tiempo con importaciones de lotes r\u00e1pidas y f\u00e1ciles<\/li>\n<li>Crea autom\u00e1ticamente una galer\u00eda con im\u00e1genes importadas<\/li>\n<li>Capacidad para personalizar los t\u00edtulos y subt\u00edtulos de las im\u00e1genes durante la importaci\u00f3n<\/li>\n<li>Admite m\u00faltiples archivos zip para importar grandes proyectos<\/li>\n<li>Funciona sin problemas con la interfaz simple y f\u00e1cil de usar de Envira Gallery<\/li>\n<li>Aumente su flujo de trabajo con un proceso de importaci\u00f3n de im\u00e1genes eficiente y optimizado<\/li>\n<li>Mejor eficiencia y organizaci\u00f3n para fot\u00f3grafos, dise\u00f1adores web y profesionales creativos<\/li>\n<li>Importaciones sin problemas sin que se requieran conocimientos de codificaci\u00f3n<\/li>\n<\/ul>\n","protected":false},"excerpt":{"rendered":"<p>El complemento del importador Zip de la Galer\u00eda Envira, una herramienta incre\u00edblemente robusta, tiene el prop\u00f3sito de optimizar el proceso t\u00edpicamente intrincado de importaci\u00f3n de fotos y galer\u00edas en el complemento WordPress de la galer\u00eda Envira Galer\u00eda ampliamente famosa. Al hacer uso de este complemento, a los usuarios se les otorga la conveniencia de cargar sin esfuerzo un archivo zip que abarca su colecci\u00f3n de fotograf\u00edas, que culminan en la conversi\u00f3n autom\u00e1tica de dichas im\u00e1genes en galer\u00edas visualmente impresionantes y de respuesta receptiva. Esto, a su vez, no solo optimiza la eficiencia y ahorra un tiempo y esfuerzo valiosos, sino que tambi\u00e9n garantiza la perpetuaci\u00f3n de una presencia web profesional y refinada. Independientemente de si uno se identifica como un blogger, un fot\u00f3grafo o un dise\u00f1ador, se vuelve inequ\u00edvocamente evidente que el complemento del importador Zip de la Galer\u00eda Envira es un activo indispensable para garantizar que los esfuerzos art\u00edsticos de uno se muestren de la manera m\u00e1s ejemplar y superlativa posible.<\/p>\n","protected":false},"featured_media":166015,"comment_status":"open","ping_status":"open","template":"","meta":[],"product_brand":[2442],"product_cat":[1214,1206,1211],"product_tag":[2231],"class_list":{"0":"post-119857","1":"product","2":"type-product","3":"status-publish","4":"has-post-thumbnail","6":"product_brand-envira-gallery","7":"product_cat-personalizacion","8":"product_cat-plugins","9":"product_cat-wordpress-plugins","10":"product_tag-envira-gallery","11":"member-discount","12":"discount-restricted","14":"first","15":"instock","16":"sale","17":"downloadable","18":"virtual","19":"sold-individually","20":"purchasable","21":"product-type-simple"},"_links":{"self":[{"href":"https:\/\/gpl-love.com\/es\/wp-json\/wp\/v2\/product\/119857","targetHints":{"allow":["GET"]}}],"collection":[{"href":"https:\/\/gpl-love.com\/es\/wp-json\/wp\/v2\/product"}],"about":[{"href":"https:\/\/gpl-love.com\/es\/wp-json\/wp\/v2\/types\/product"}],"replies":[{"embeddable":true,"href":"https:\/\/gpl-love.com\/es\/wp-json\/wp\/v2\/comments?post=119857"}],"wp:featuredmedia":[{"embeddable":true,"href":"https:\/\/gpl-love.com\/es\/wp-json\/wp\/v2\/media\/166015"}],"wp:attachment":[{"href":"https:\/\/gpl-love.com\/es\/wp-json\/wp\/v2\/media?parent=119857"}],"wp:term":[{"taxonomy":"product_brand","embeddable":true,"href":"https:\/\/gpl-love.com\/es\/wp-json\/wp\/v2\/product_brand?post=119857"},{"taxonomy":"product_cat","embeddable":true,"href":"https:\/\/gpl-love.com\/es\/wp-json\/wp\/v2\/product_cat?post=119857"},{"taxonomy":"product_tag","embeddable":true,"href":"https:\/\/gpl-love.com\/es\/wp-json\/wp\/v2\/product_tag?post=119857"}],"curies":[{"name":"wp","href":"https:\/\/api.w.org\/{rel}","templated":true}]}}