{"id":119855,"date":"2025-12-23T00:00:00","date_gmt":"2025-12-23T05:00:00","guid":{"rendered":"https:\/\/gpl-love.com\/es\/?post_type=product&#038;p=119855"},"modified":"2026-03-09T07:32:42","modified_gmt":"2026-03-09T12:32:42","slug":"envira-gallery-wordpress-plugin","status":"publish","type":"product","link":"https:\/\/gpl-love.com\/es\/producto\/envira-gallery-wordpress-plugin\/","title":{"rendered":"Envira Gallery WordPress Plugin 1.13.1"},"content":{"rendered":"<h3>Envira Gallery WordPress Plugin Caracteristicas<\/h3>\n<p>Envira Gallery, un complemento de WordPress altamente potente, proporciona a los usuarios la capacidad de generar sin esfuerzo galer\u00edas de im\u00e1genes visualmente cautivadoras y receptivas. Su interfaz est\u00e1 dise\u00f1ada para ser f\u00e1cil de usar, asegurando que las personas puedan moderarse r\u00e1pidamente que se alineen perfectamente con su estilo y requisitos distintivos. Adem\u00e1s, Envira Gallery presenta una variedad de opciones de personalizaci\u00f3n, permitiendo a\u00fan m\u00e1s a los usuarios adaptar sus galer\u00edas a su gusto. El complemento tambi\u00e9n cuenta con una variedad de caracter\u00edsticas adicionales, incluida la conveniencia de la carga de im\u00e1genes de arrastrar y soltar, la opci\u00f3n de aplicar marcas de agua e integraci\u00f3n perfecta con varias plataformas de redes sociales, todo lo cual simplifica el proceso de mostrar los esfuerzos creativos de uno. En particular, Envira Gallery exhibe tiempos de carga excepcionales y se ha optimizado para la optimizaci\u00f3n de motores de b\u00fasqueda (SEO), lo que lo convierte en una soluci\u00f3n ideal para fot\u00f3grafos, artistas y empresas ansiosas por presentar su contenido visual de una manera extremadamente profesional y cautivadora.<\/p>\n<ul>\n<li>Un complemento de WordPress f\u00e1cil de usar para crear impresionantes galer\u00edas de fotos y videos<\/li>\n<li>Ofrece una amplia gama de plantillas y estilos de galer\u00eda personalizables para elegir<\/li>\n<li>Proporciona un constructor de arrastrar y soltar para la creaci\u00f3n de la galer\u00eda r\u00e1pida<\/li>\n<li>Presenta integraci\u00f3n con plataformas populares de redes sociales, como Instagram y Facebook<\/li>\n<li>Le permite agregar marcas de agua a sus im\u00e1genes para proteger su propiedad intelectual<\/li>\n<li>Admite m\u00faltiples tama\u00f1os de imagen y resoluciones para un rendimiento optimizado<\/li>\n<li>Ofrece soporte para galer\u00edas de video con opciones de reproducci\u00f3n autom\u00e1tica y bucle<\/li>\n<li>Proporciona configuraciones de galer\u00eda avanzadas para ajustar la pantalla de su galer\u00eda, como opciones de paginaci\u00f3n y caja de luz<\/li>\n<li>Ofrece un dise\u00f1o receptivo para sus galer\u00edas para asegurarse de que se vean bien en cualquier dispositivo<\/li>\n<li>Proporciona potentes caracter\u00edsticas de optimizaci\u00f3n de im\u00e1genes para mejorar los tiempos de carga y el rendimiento de la p\u00e1gina.<\/li>\n<\/ul>\n","protected":false},"excerpt":{"rendered":"<p>El complemento Envira Gallery WordPress es una herramienta extraordinaria que ofrece una soluci\u00f3n excepcional para mostrar su diversa colecci\u00f3n de fotos y videos cautivadores. Armado con una variedad de plantillas exquisitamente dise\u00f1adas y una gran cantidad de caracter\u00edsticas robustas, este ingenioso complemento facilita la creaci\u00f3n de galer\u00edas visualmente llamativas que se adaptan sin esfuerzo a cualquier dispositivo, lo que las hace totalmente receptivas y notablemente amigables con los dispositivos m\u00f3viles. Al adoptar las notables capacidades de Envira Gallery, podr\u00e1 generar y organizar su extensa variedad de im\u00e1genes y videos cautivadores, asegurando una experiencia de navegaci\u00f3n perfecta y f\u00e1cil de usar para sus visitantes valorados. Adem\u00e1s, este notable complemento cuenta con una amplia gama de opciones de personalizaci\u00f3n, lo que le permite adaptar meticulosamente su galer\u00eda para alinearse impecablemente con el estilo y la identidad distintivos de su marca. Esta versatilidad inigualable hace que Envira Gallery sea una adici\u00f3n indispensable al arsenal digital de fot\u00f3grafos, blogueros y empresarios por igual, solidificando su estado como una necesidad absoluta para cualquier sitio de WordPress.<\/p>\n","protected":false},"featured_media":166014,"comment_status":"open","ping_status":"open","template":"","meta":[],"product_brand":[2442],"product_cat":[1214,1206,1211],"product_tag":[2231],"class_list":{"0":"post-119855","1":"product","2":"type-product","3":"status-publish","4":"has-post-thumbnail","6":"product_brand-envira-gallery","7":"product_cat-personalizacion","8":"product_cat-plugins","9":"product_cat-wordpress-plugins","10":"product_tag-envira-gallery","11":"member-discount","12":"discount-restricted","14":"first","15":"instock","16":"sale","17":"downloadable","18":"virtual","19":"sold-individually","20":"purchasable","21":"product-type-simple"},"_links":{"self":[{"href":"https:\/\/gpl-love.com\/es\/wp-json\/wp\/v2\/product\/119855","targetHints":{"allow":["GET"]}}],"collection":[{"href":"https:\/\/gpl-love.com\/es\/wp-json\/wp\/v2\/product"}],"about":[{"href":"https:\/\/gpl-love.com\/es\/wp-json\/wp\/v2\/types\/product"}],"replies":[{"embeddable":true,"href":"https:\/\/gpl-love.com\/es\/wp-json\/wp\/v2\/comments?post=119855"}],"wp:featuredmedia":[{"embeddable":true,"href":"https:\/\/gpl-love.com\/es\/wp-json\/wp\/v2\/media\/166014"}],"wp:attachment":[{"href":"https:\/\/gpl-love.com\/es\/wp-json\/wp\/v2\/media?parent=119855"}],"wp:term":[{"taxonomy":"product_brand","embeddable":true,"href":"https:\/\/gpl-love.com\/es\/wp-json\/wp\/v2\/product_brand?post=119855"},{"taxonomy":"product_cat","embeddable":true,"href":"https:\/\/gpl-love.com\/es\/wp-json\/wp\/v2\/product_cat?post=119855"},{"taxonomy":"product_tag","embeddable":true,"href":"https:\/\/gpl-love.com\/es\/wp-json\/wp\/v2\/product_tag?post=119855"}],"curies":[{"name":"wp","href":"https:\/\/api.w.org\/{rel}","templated":true}]}}