{"id":119853,"date":"2024-04-03T00:00:00","date_gmt":"2024-04-03T05:00:00","guid":{"rendered":"https:\/\/gpl-love.com\/es\/producto\/envira-gallery-woocommerce-addon\/"},"modified":"2026-03-09T07:32:41","modified_gmt":"2026-03-09T12:32:41","slug":"envira-gallery-woocommerce-addon","status":"publish","type":"product","link":"https:\/\/gpl-love.com\/es\/producto\/envira-gallery-woocommerce-addon\/","title":{"rendered":"Envira Gallery WooCommerce Addon 1.5.10"},"content":{"rendered":"<h3>Envira Gallery WooCommerce Addon Caracteristicas<\/h3>\n<p>El complemento de WooCommerce de la Galer\u00eda Envira se presenta como un instrumento incre\u00edblemente potente e influyente para establecimientos virtuales que buscan exhibir su mercanc\u00eda de una manera visualmente espectacular. Al integrarse sin esfuerzo con WooCommerce, este complemento otorga a sus usuarios la capacidad de incorporar sin esfuerzo galer\u00edas est\u00e9ticamente agradables en sus p\u00e1ginas de productos. Este complemento cuenta con una extensa variedad de caracter\u00edsticas, que abarca la carga perfecta de im\u00e1genes a trav\u00e9s de la funcionalidad de arrastrar y soltar, la capacidad de personalizar los dise\u00f1os de la galer\u00eda para adaptarse a las preferencias individuales e incluso soportar la inclusi\u00f3n de archivos de video y audio. En consecuencia, esta notable integraci\u00f3n faculta a los propietarios de la tienda en l\u00ednea para fabricar galer\u00edas din\u00e1micas y fascinantes que est\u00e1n obligados a cautivar a su clientela y fomentar una trayectoria ascendente en sus cifras de ventas.<\/p>\n<ul>\n<li>Integra sin problemas la galer\u00eda Envira con su tienda WooCommerce<\/li>\n<li>Le permite mostrar sus impresionantes galer\u00edas de im\u00e1genes como productos dentro de su tienda WooCommerce<\/li>\n<li>Crea autom\u00e1ticamente un producto para cada galer\u00eda en tu galer\u00eda Envira<\/li>\n<li>Le permite administrar y vender m\u00faltiples galer\u00edas como un producto con la opci\u00f3n de agregar m\u00faltiples variaciones<\/li>\n<li>Proporciona una interfaz simple y f\u00e1cil de usar para administrar y personalizar sus listados de productos<\/li>\n<li>Le ayuda a aumentar las ventas y las conversiones mostrando sus impresionantes galer\u00edas de im\u00e1genes como productos<\/li>\n<li>Compatible con las \u00faltimas versiones de Envira Gallery y WooCommerce<\/li>\n<li>Viene con actualizaciones ilimitadas y atenci\u00f3n al cliente 24\/7 para la tranquilidad.<\/li>\n<\/ul>\n","protected":false},"excerpt":{"rendered":"<p>El complemento de WooCommerce de la Galer\u00eda Envira, una herramienta robusta y potente, ha sido meticulosamente elaborada con la intenci\u00f3n de elevar el rendimiento de su emporio virtual. Sus capacidades excepcionales le permiten fusionar sin problemas su galer\u00eda Envira con sus ofertas de WooCommerce, proporcionando as\u00ed una experiencia simplificada y sin esfuerzo para los compradores potenciales a medida que examinan y adquieren su mercanc\u00eda exquisita. Con una interfaz instintiva e instintiva f\u00e1cil de usar, este complemento extraordinario lo capacita para dise\u00f1ar galer\u00edas de productos impresionantes que sirven como una verdadera fiesta para los ojos, mostrando efectivamente sus productos de la manera m\u00e1s impecable imaginable. Con sus innumerables caracter\u00edsticas y funcionalidades, este complemento estelar es realmente un regalo del cielo para cualquiera que anhele catapultar su tienda en l\u00ednea a alturas sin precedentes al aprovechar el atractivo inherente de im\u00e1genes de productos visualmente impresionantes y de primer nivel.<\/p>\n","protected":false},"featured_media":166013,"comment_status":"open","ping_status":"open","template":"","meta":[],"product_brand":[2442],"product_cat":[1207,1248,1206],"product_tag":[2231],"class_list":{"0":"post-119853","1":"product","2":"type-product","3":"status-publish","4":"has-post-thumbnail","6":"product_brand-envira-gallery","7":"product_cat-comercio-electronico-plugins","8":"product_cat-personalizacion-comercio-electronico-plugins","9":"product_cat-plugins","10":"product_tag-envira-gallery","11":"member-discount","12":"discount-restricted","14":"first","15":"instock","16":"sale","17":"downloadable","18":"virtual","19":"sold-individually","20":"purchasable","21":"product-type-simple"},"_links":{"self":[{"href":"https:\/\/gpl-love.com\/es\/wp-json\/wp\/v2\/product\/119853","targetHints":{"allow":["GET"]}}],"collection":[{"href":"https:\/\/gpl-love.com\/es\/wp-json\/wp\/v2\/product"}],"about":[{"href":"https:\/\/gpl-love.com\/es\/wp-json\/wp\/v2\/types\/product"}],"replies":[{"embeddable":true,"href":"https:\/\/gpl-love.com\/es\/wp-json\/wp\/v2\/comments?post=119853"}],"wp:featuredmedia":[{"embeddable":true,"href":"https:\/\/gpl-love.com\/es\/wp-json\/wp\/v2\/media\/166013"}],"wp:attachment":[{"href":"https:\/\/gpl-love.com\/es\/wp-json\/wp\/v2\/media?parent=119853"}],"wp:term":[{"taxonomy":"product_brand","embeddable":true,"href":"https:\/\/gpl-love.com\/es\/wp-json\/wp\/v2\/product_brand?post=119853"},{"taxonomy":"product_cat","embeddable":true,"href":"https:\/\/gpl-love.com\/es\/wp-json\/wp\/v2\/product_cat?post=119853"},{"taxonomy":"product_tag","embeddable":true,"href":"https:\/\/gpl-love.com\/es\/wp-json\/wp\/v2\/product_tag?post=119853"}],"curies":[{"name":"wp","href":"https:\/\/api.w.org\/{rel}","templated":true}]}}