{"id":119851,"date":"2024-02-13T00:00:00","date_gmt":"2024-02-13T05:00:00","guid":{"rendered":"https:\/\/gpl-love.com\/es\/?post_type=product&#038;p=119851"},"modified":"2026-03-09T07:32:40","modified_gmt":"2026-03-09T12:32:40","slug":"envira-gallery-watermarking-addon","status":"publish","type":"product","link":"https:\/\/gpl-love.com\/es\/producto\/envira-gallery-watermarking-addon\/","title":{"rendered":"Envira Gallery Watermarking Addon 1.4.6"},"content":{"rendered":"<h3>Envira Gallery Watermarking Addon Caracteristicas<\/h3>\n<p>El complemento de marca de agua de la Galer\u00eda Envira es una herramienta extremadamente robusta y efectiva que le proporciona la capacidad de incorporar sin esfuerzo una marca de agua en sus im\u00e1genes directamente dentro de la plataforma de la Galer\u00eda Envira. Este incre\u00edble complemento le permite salvaguardar sus preciosas im\u00e1genes contra el robo o el uso no autorizado, todo el tiempo que le permite mostrar y mostrar con orgullo su notable trabajo a la audiencia global. El proceso de marca de agua en s\u00ed es notablemente r\u00e1pido y sin problemas, lo que le brinda la libertad de adaptar la marca de agua a sus especificaciones y preferencias exactas. Adem\u00e1s, tiene la flexibilidad de designar la colocaci\u00f3n precisa de la marca de agua en sus im\u00e1genes y ajustar su nivel de opacidad, asegurando que se integre perfectamente con su contenido original sin restarle a su brillantez inherente. No hace falta decir que este notable complemento es una necesidad absoluta para los fot\u00f3grafos, artistas y blogueros que buscan salvaguardar sus invaluables activos digitales al tiempo que defienden una est\u00e9tica verdaderamente profesional.<\/p>\n<ul>\n<li>Agregue f\u00e1cilmente marcas de agua a sus im\u00e1genes de la galer\u00eda Envira para proteger su propiedad intelectual<\/li>\n<li>Elija entre marcas de agua de texto o imagen para adaptarse a su marca y preferencias<\/li>\n<li>Controle la opacidad y la posici\u00f3n de su marca de agua para adaptarse mejor a sus im\u00e1genes<\/li>\n<li>Batch Watermark m\u00faltiples im\u00e1genes a la vez para ahorrar tiempo y molestias<\/li>\n<li>Proteja sus im\u00e1genes del uso y distribuci\u00f3n no autorizados con este complemento esencial<\/li>\n<li>Integre perfectamente la marca de agua en el flujo de trabajo de su galer\u00eda Envira para mayor eficiencia<\/li>\n<li>Disfrute de la tranquilidad y agreg\u00f3 seguridad para sus valiosos activos de imagen<\/li>\n<\/ul>\n","protected":false},"excerpt":{"rendered":"<p>El complemento de marca de agua de la Galer\u00eda Envira, una herramienta indispensable para fot\u00f3grafos y artistas que buscan salvaguardar sus preciosas im\u00e1genes contra la utilizaci\u00f3n il\u00edcita, cuenta con una variedad de caracter\u00edsticas notables. Este potente complemento faculta a los usuarios para modelar marcas de agua personalizadas, que pueden integrarse sin esfuerzo en toda su cartera de galer\u00eda. Armado con atributos ajustables como la opacidad, la posici\u00f3n y el tama\u00f1o, uno puede fusionar sin problemas su marca de agua con sus im\u00e1genes, disuadiendo simult\u00e1neamente a los posibles infractores sin comprometer la visibilidad. La naturaleza f\u00e1cil de usar y altamente adaptable del complemento de marca de agua de la Galer\u00eda Envira lo convierte en una opci\u00f3n \u00f3ptima para salvaguardar la propiedad intelectual de uno.<\/p>\n","protected":false},"featured_media":166012,"comment_status":"open","ping_status":"open","template":"","meta":[],"product_brand":[2442],"product_cat":[1214,1206,1211],"product_tag":[2231],"class_list":{"0":"post-119851","1":"product","2":"type-product","3":"status-publish","4":"has-post-thumbnail","6":"product_brand-envira-gallery","7":"product_cat-personalizacion","8":"product_cat-plugins","9":"product_cat-wordpress-plugins","10":"product_tag-envira-gallery","11":"member-discount","12":"discount-restricted","14":"first","15":"instock","16":"sale","17":"downloadable","18":"virtual","19":"sold-individually","20":"purchasable","21":"product-type-simple"},"_links":{"self":[{"href":"https:\/\/gpl-love.com\/es\/wp-json\/wp\/v2\/product\/119851","targetHints":{"allow":["GET"]}}],"collection":[{"href":"https:\/\/gpl-love.com\/es\/wp-json\/wp\/v2\/product"}],"about":[{"href":"https:\/\/gpl-love.com\/es\/wp-json\/wp\/v2\/types\/product"}],"replies":[{"embeddable":true,"href":"https:\/\/gpl-love.com\/es\/wp-json\/wp\/v2\/comments?post=119851"}],"wp:featuredmedia":[{"embeddable":true,"href":"https:\/\/gpl-love.com\/es\/wp-json\/wp\/v2\/media\/166012"}],"wp:attachment":[{"href":"https:\/\/gpl-love.com\/es\/wp-json\/wp\/v2\/media?parent=119851"}],"wp:term":[{"taxonomy":"product_brand","embeddable":true,"href":"https:\/\/gpl-love.com\/es\/wp-json\/wp\/v2\/product_brand?post=119851"},{"taxonomy":"product_cat","embeddable":true,"href":"https:\/\/gpl-love.com\/es\/wp-json\/wp\/v2\/product_cat?post=119851"},{"taxonomy":"product_tag","embeddable":true,"href":"https:\/\/gpl-love.com\/es\/wp-json\/wp\/v2\/product_tag?post=119851"}],"curies":[{"name":"wp","href":"https:\/\/api.w.org\/{rel}","templated":true}]}}