{"id":119849,"date":"2024-02-13T00:00:00","date_gmt":"2024-02-13T05:00:00","guid":{"rendered":"https:\/\/gpl-love.com\/es\/?post_type=product&#038;p=119849"},"modified":"2026-03-09T07:32:38","modified_gmt":"2026-03-09T12:32:38","slug":"envira-gallery-videos-addon","status":"publish","type":"product","link":"https:\/\/gpl-love.com\/es\/producto\/envira-gallery-videos-addon\/","title":{"rendered":"Envira Gallery Videos Addon 1.6.10"},"content":{"rendered":"<h3>Envira Gallery Videos Addon Caracteristicas<\/h3>\n<p>El complemento de los videos de la galer\u00eda de Envira sirve como una adici\u00f3n crucial e indispensable al complemento de WordPress de la galer\u00eda Envira, impartiendo una soluci\u00f3n de galer\u00eda de video robusta y potente a los sitios web. A trav\u00e9s de la utilizaci\u00f3n de este complemento, los usuarios est\u00e1n facultados para fabricar magn\u00edficas galer\u00edas de video que exhiben una capacidad de respuesta completa, compatibilidad con dispositivos m\u00f3viles y una inclinaci\u00f3n por la optimizaci\u00f3n de motores de b\u00fasqueda. El complemento de Videos de la Galer\u00eda Envira est\u00e1 equipado con la capacidad de apoyar efectivamente una extensa variedad de formatos de video, que abarca los gustos de YouTube, Vimeo, Wistia y videos autohostados. Para aumentar a\u00fan m\u00e1s la experiencia del usuario, las personas tienen la flexibilidad de personalizar sus galer\u00edas de video mediante una variedad de alternativas de dise\u00f1o, efectos de la caja de luz y la inclusi\u00f3n de subt\u00edtulos, facilitando as\u00ed la creaci\u00f3n perfecta de una galer\u00eda de video distintiva y cautivadora que armoniza con el dise\u00f1o general de su sitio web. Adem\u00e1s, el complemento se integra perfectamente con las plataformas de redes sociales populares, dotando a los usuarios con los medios sin esfuerzo para difundir y compartir sus galer\u00edas de video. En resumen, el complemento de los videos de la Galer\u00eda Envira se erige como una herramienta ejemplar y encomiable para los propietarios de sitios web que aspiran a exhibir sus videos de manera profesional y est\u00e9ticamente agradable.<\/p>\n<ul>\n<li>Permite a los usuarios agregar y mostrar videos en su galer\u00eda Envira<\/li>\n<li>Compatible con YouTube, Vimeo, Wistia y Videos autohospedados<\/li>\n<li>Genera autom\u00e1ticamente miniaturas para videos<\/li>\n<li>Proporciona opciones para personalizar la reproducci\u00f3n de video como el juego autom\u00e1tico, el bucle y el silencio<\/li>\n<li>Incluye un reproductor de video liviano para tiempos de carga r\u00e1pidas<\/li>\n<li>Dise\u00f1o receptivo para garantizar una pantalla adecuada en todos los dispositivos<\/li>\n<li>Capacidad para establecer dimensiones de video y ajustar la relaci\u00f3n de aspecto<\/li>\n<li>Se integra a la perfecci\u00f3n con el generador de arrastre y ca\u00edda de la galer\u00eda de Envira para una f\u00e1cil personalizaci\u00f3n<\/li>\n<li>Soporte incorporado para HTTPS\/SSL para garantizar una reproducci\u00f3n de video segura<\/li>\n<li>Actualizaciones y soporte regulares proporcionados por Envira Gallery Team.<\/li>\n<\/ul>\n","protected":false},"excerpt":{"rendered":"<p>El complemento de los videos de la Galer\u00eda Envira, una notable adici\u00f3n a su Galer\u00eda de WordPress, le ofrece la conveniencia de exhibir sin esfuerzo videos de su cuenta de YouTube o Vimeo. Su interfaz f\u00e1cil de usar le permite construir galer\u00edas de video exquisitas sin esfuerzo que resalten efectivamente su contenido de la manera m\u00e1s favorable concebible. Independientemente de si se identifica como blogger o propietario de negocios, el complemento de Videos de la Galer\u00eda Envira sirve como un instrumento indispensable para las personas que aspiran a elevar su prominencia en l\u00ednea a alturas sin precedentes. En consecuencia, \u00bfpor qu\u00e9 retrasarse m\u00e1s? Comience la creaci\u00f3n de espl\u00e9ndidas galer\u00edas de video hoy y comience a presenciar la fruta de sus aspiraciones de larga data.<\/p>\n","protected":false},"featured_media":166011,"comment_status":"open","ping_status":"open","template":"","meta":[],"product_brand":[2442],"product_cat":[1214,1206,1211],"product_tag":[2231],"class_list":{"0":"post-119849","1":"product","2":"type-product","3":"status-publish","4":"has-post-thumbnail","6":"product_brand-envira-gallery","7":"product_cat-personalizacion","8":"product_cat-plugins","9":"product_cat-wordpress-plugins","10":"product_tag-envira-gallery","11":"member-discount","12":"discount-restricted","14":"first","15":"instock","16":"sale","17":"downloadable","18":"virtual","19":"sold-individually","20":"purchasable","21":"product-type-simple"},"_links":{"self":[{"href":"https:\/\/gpl-love.com\/es\/wp-json\/wp\/v2\/product\/119849","targetHints":{"allow":["GET"]}}],"collection":[{"href":"https:\/\/gpl-love.com\/es\/wp-json\/wp\/v2\/product"}],"about":[{"href":"https:\/\/gpl-love.com\/es\/wp-json\/wp\/v2\/types\/product"}],"replies":[{"embeddable":true,"href":"https:\/\/gpl-love.com\/es\/wp-json\/wp\/v2\/comments?post=119849"}],"wp:featuredmedia":[{"embeddable":true,"href":"https:\/\/gpl-love.com\/es\/wp-json\/wp\/v2\/media\/166011"}],"wp:attachment":[{"href":"https:\/\/gpl-love.com\/es\/wp-json\/wp\/v2\/media?parent=119849"}],"wp:term":[{"taxonomy":"product_brand","embeddable":true,"href":"https:\/\/gpl-love.com\/es\/wp-json\/wp\/v2\/product_brand?post=119849"},{"taxonomy":"product_cat","embeddable":true,"href":"https:\/\/gpl-love.com\/es\/wp-json\/wp\/v2\/product_cat?post=119849"},{"taxonomy":"product_tag","embeddable":true,"href":"https:\/\/gpl-love.com\/es\/wp-json\/wp\/v2\/product_tag?post=119849"}],"curies":[{"name":"wp","href":"https:\/\/api.w.org\/{rel}","templated":true}]}}