{"id":119845,"date":"2024-02-13T00:00:00","date_gmt":"2024-02-13T05:00:00","guid":{"rendered":"https:\/\/gpl-love.com\/es\/producto\/envira-gallery-slideshow-addon\/"},"modified":"2026-03-09T07:32:35","modified_gmt":"2026-03-09T12:32:35","slug":"envira-gallery-slideshow-addon","status":"publish","type":"product","link":"https:\/\/gpl-love.com\/es\/producto\/envira-gallery-slideshow-addon\/","title":{"rendered":"Envira Gallery Slideshow Addon 1.3.9"},"content":{"rendered":"<h3>Envira Gallery Slideshow Addon Caracteristicas<\/h3>\n<p>El complemento de presentaci\u00f3n de diapositivas de la Galer\u00eda Envira, un complemento notablemente potente, ha sido intrincadamente dise\u00f1ado para convertir de manera efectiva sus galer\u00edas de fotos en presentaciones de diapositivas visualmente llamativas. Al utilizar este complemento notable, podr\u00e1 generar sin esfuerzo generaciones de diapositivas excepcionalmente hermosas y din\u00e1micas que muestran impecablemente sus im\u00e1genes de una manera absolutamente cautivadora. Adem\u00e1s, ofrece una amplia gama de opciones de personalizaci\u00f3n, lo que le otorga la capacidad de ajustar sin problemas la velocidad, los efectos de transici\u00f3n y otras caracter\u00edsticas de su presentaci\u00f3n de diapositivas de acuerdo con sus preferencias precisas. Adem\u00e1s de su notable funcionalidad, el complemento de presentaci\u00f3n de diapositivas de la Galer\u00eda Envira tambi\u00e9n es notablemente f\u00e1cil de usar, que presenta una interfaz de arrastrar y soltar notablemente intuitiva que le permite crear y editar sin esfuerzo sus presentaciones de diapositivas con mayor facilidad y conveniencia. Independientemente de si es un fot\u00f3grafo experto profesionalmente o simplemente busca agregar un toque de estilo visual a su sitio web, el complemento de la presentaci\u00f3n de diapositivas de la galer\u00eda Envira se destaca inequ\u00edvocamente como una herramienta incomparable que permite la creaci\u00f3n sin problemas de galer\u00edas de fotos verdaderamente impresionantes.<\/p>\n<ul>\n<li>Complemento de presentaci\u00f3n de diapositivas f\u00e1cil de usar para Envira Gallery<\/li>\n<li>Cree presentaciones de diapositivas hermosas y personalizables para su sitio web<\/li>\n<li>Elija entre m\u00faltiples efectos de transici\u00f3n de diapositivas<\/li>\n<li>Agregar subt\u00edtulos y descripciones a cada diapositiva<\/li>\n<li>Opci\u00f3n para mostrar u ocultar controles de paginaci\u00f3n y navegaci\u00f3n<\/li>\n<li>Dise\u00f1o totalmente receptivo para usuarios m\u00f3viles y de tabletas<\/li>\n<li>Compatible con los temas de WordPress m\u00e1s populares<\/li>\n<li>Incrustar las presentaciones de diapositivas f\u00e1cilmente usando c\u00f3digos cortos o bloques de gutenberg<\/li>\n<li>Opciones de personalizaci\u00f3n avanzada para desarrolladores<\/li>\n<li>Equipo de soporte dedicado disponible para todos los clientes<\/li>\n<\/ul>\n","protected":false},"excerpt":{"rendered":"<p>El complemento de presentaci\u00f3n de diapositivas de la Galer\u00eda Envira se presenta como un instrumento excepcional con el fin de fabricar notables presentaciones de diapositivas de im\u00e1genes en su sitio web de WordPress. Esta herramienta en particular ofrece procedimientos de instalaci\u00f3n sin complicaciones y una amplia gama de opciones personalizables, lo que le permite mostrar sus im\u00e1genes de una manera pulida y sofisticada. Adem\u00e1s, se le otorga la oportunidad de seleccionar a mano de una variedad diversa de efectos de animaci\u00f3n, determinar la velocidad a la que progresa la presentaci\u00f3n de diapositivas y ejercer control sobre los aspectos de navegaci\u00f3n, todos los cuales contribuyen a la creaci\u00f3n de una presentaci\u00f3n de diapositivas distintiva y cautivadora Eleve el encanto visual de su sitio web. Adem\u00e1s, este complemento fenomenal est\u00e1 adaptado para ser amigable para la optimizaci\u00f3n de motores de b\u00fasqueda y garantiza un rendimiento \u00f3ptimo en t\u00e9rminos de velocidad, asegurando as\u00ed que su sitio web mantenga su rapidez y sigue siendo f\u00e1cil de usar. Comience el proceso de cautivar a los visitantes de su sitio web hoy incorporando el notable complemento de presentaci\u00f3n de diapositivas de la galer\u00eda Envira en su sitio web.<\/p>\n","protected":false},"featured_media":166009,"comment_status":"open","ping_status":"open","template":"","meta":[],"product_brand":[2442],"product_cat":[1214,1206,1211],"product_tag":[2231],"class_list":{"0":"post-119845","1":"product","2":"type-product","3":"status-publish","4":"has-post-thumbnail","6":"product_brand-envira-gallery","7":"product_cat-personalizacion","8":"product_cat-plugins","9":"product_cat-wordpress-plugins","10":"product_tag-envira-gallery","11":"member-discount","12":"discount-restricted","14":"first","15":"instock","16":"sale","17":"downloadable","18":"virtual","19":"sold-individually","20":"purchasable","21":"product-type-simple"},"_links":{"self":[{"href":"https:\/\/gpl-love.com\/es\/wp-json\/wp\/v2\/product\/119845","targetHints":{"allow":["GET"]}}],"collection":[{"href":"https:\/\/gpl-love.com\/es\/wp-json\/wp\/v2\/product"}],"about":[{"href":"https:\/\/gpl-love.com\/es\/wp-json\/wp\/v2\/types\/product"}],"replies":[{"embeddable":true,"href":"https:\/\/gpl-love.com\/es\/wp-json\/wp\/v2\/comments?post=119845"}],"wp:featuredmedia":[{"embeddable":true,"href":"https:\/\/gpl-love.com\/es\/wp-json\/wp\/v2\/media\/166009"}],"wp:attachment":[{"href":"https:\/\/gpl-love.com\/es\/wp-json\/wp\/v2\/media?parent=119845"}],"wp:term":[{"taxonomy":"product_brand","embeddable":true,"href":"https:\/\/gpl-love.com\/es\/wp-json\/wp\/v2\/product_brand?post=119845"},{"taxonomy":"product_cat","embeddable":true,"href":"https:\/\/gpl-love.com\/es\/wp-json\/wp\/v2\/product_cat?post=119845"},{"taxonomy":"product_tag","embeddable":true,"href":"https:\/\/gpl-love.com\/es\/wp-json\/wp\/v2\/product_tag?post=119845"}],"curies":[{"name":"wp","href":"https:\/\/api.w.org\/{rel}","templated":true}]}}