{"id":119843,"date":"2024-02-13T00:00:00","date_gmt":"2024-02-13T05:00:00","guid":{"rendered":"https:\/\/gpl-love.com\/es\/producto\/envira-gallery-schedule-addon\/"},"modified":"2026-03-09T07:32:34","modified_gmt":"2026-03-09T12:32:34","slug":"envira-gallery-schedule-addon","status":"publish","type":"product","link":"https:\/\/gpl-love.com\/es\/producto\/envira-gallery-schedule-addon\/","title":{"rendered":"Envira Gallery Schedule Addon 1.2.6"},"content":{"rendered":"<h3>Envira Gallery Schedule Addon Caracteristicas<\/h3>\n<p>El complemento del horario de la galer\u00eda Envira es una herramienta inmensamente poderosa que le otorga la capacidad de programar meticulosamente la exposici\u00f3n de sus im\u00e1genes y galer\u00edas cautivadoras en momentos espec\u00edficamente designados. Este ingenioso complemento le permite construir un horario integral para sus galer\u00edas meticulosamente seleccionadas, asegurando as\u00ed que los estimados visitantes del sitio web se presenten perpetuamente con un flujo constante de contenido novedoso y cauteloso para leer. Ya sea que su objetivo final implique mostrar los \u00faltimos y m\u00e1s innovadores lanzamientos de productos, la presentaci\u00f3n de promociones exclusivas de Allure excepcional o conmemorar eventos de temporada alegres, tenga la seguridad de que el complemento del horario de la Galer\u00eda Envira se agilizar\u00e1 h\u00e1bilmente el proceso de gesti\u00f3n de contenido y mantendr\u00e1 un alineador completamente actualizado. -Se sitio web. Exhibiendo una interfaz navegable sin esfuerzo y con una variedad de opciones de programaci\u00f3n notablemente flexibles, este complemento extraordinario sirve como la soluci\u00f3n por excelencia para cualquier individuo que busque elevar su presencia virtual y dibujar sin esfuerzo una afluencia aumentada de visitantes a su estimado sitio.<\/p>\n<ul>\n<li>Programe sin problemas sus im\u00e1genes de la galer\u00eda, lo que le permite administrar f\u00e1cilmente su contenido<\/li>\n<li>Programe galer\u00edas para publicar autom\u00e1ticamente en fechas o tiempos espec\u00edficos, asegurando lanzamientos oportunos y una mayor participaci\u00f3n del usuario<\/li>\n<li>Vista previa sin esfuerzo Galer\u00edas programadas para verificar los ajustes o modificaciones necesarios antes de publicar<\/li>\n<li>Personalice el horario para satisfacer sus necesidades espec\u00edficas, con opciones flexibles para versiones diarias, semanales o mensuales<\/li>\n<li>Ahorre tiempo y aumente la productividad con esta poderosa herramienta de programaci\u00f3n, lo que le permite centrarse en otros aspectos de su sitio web o negocio.<\/li>\n<\/ul>\n","protected":false},"excerpt":{"rendered":"<p>El complemento del horario de la Galer\u00eda Envira, una herramienta indispensable que atiende a las necesidades de los fot\u00f3grafos y propietarios de sitios web, proporciona una experiencia perfecta en la gesti\u00f3n y optimizaci\u00f3n de galer\u00edas de im\u00e1genes. A trav\u00e9s de la utilizaci\u00f3n de este complemento, los usuarios disfrutan de la conveniencia de programar sin esfuerzo sus galer\u00edas de im\u00e1genes con mucha anticipaci\u00f3n, asegurando que sus sitios web sigan siendo din\u00e1micos y actuales. Adem\u00e1s, este complemento vers\u00e1til permite a los usuarios establecer fechas precisas de inicio y finalizaci\u00f3n para cada galer\u00eda individual, adem\u00e1s de facilitar la creaci\u00f3n de horarios recurrentes para galer\u00edas que requieren actualizaciones regulares. El complemento del horario de la galer\u00eda Envira, sin duda, demuestra ser un recurso invaluable para las personas que buscan racionalizar su flujo de trabajo y revolucionar sus pr\u00e1cticas de gesti\u00f3n de la galer\u00eda, lo que finalmente les ahorra un tiempo considerable y permite la automatizaci\u00f3n de sus esfuerzos de gesti\u00f3n de galer\u00edas.<\/p>\n","protected":false},"featured_media":166008,"comment_status":"open","ping_status":"open","template":"","meta":[],"product_brand":[2442],"product_cat":[1214,1206,1211],"product_tag":[2231],"class_list":{"0":"post-119843","1":"product","2":"type-product","3":"status-publish","4":"has-post-thumbnail","6":"product_brand-envira-gallery","7":"product_cat-personalizacion","8":"product_cat-plugins","9":"product_cat-wordpress-plugins","10":"product_tag-envira-gallery","11":"member-discount","12":"discount-restricted","14":"first","15":"instock","16":"sale","17":"downloadable","18":"virtual","19":"sold-individually","20":"purchasable","21":"product-type-simple"},"_links":{"self":[{"href":"https:\/\/gpl-love.com\/es\/wp-json\/wp\/v2\/product\/119843","targetHints":{"allow":["GET"]}}],"collection":[{"href":"https:\/\/gpl-love.com\/es\/wp-json\/wp\/v2\/product"}],"about":[{"href":"https:\/\/gpl-love.com\/es\/wp-json\/wp\/v2\/types\/product"}],"replies":[{"embeddable":true,"href":"https:\/\/gpl-love.com\/es\/wp-json\/wp\/v2\/comments?post=119843"}],"wp:featuredmedia":[{"embeddable":true,"href":"https:\/\/gpl-love.com\/es\/wp-json\/wp\/v2\/media\/166008"}],"wp:attachment":[{"href":"https:\/\/gpl-love.com\/es\/wp-json\/wp\/v2\/media?parent=119843"}],"wp:term":[{"taxonomy":"product_brand","embeddable":true,"href":"https:\/\/gpl-love.com\/es\/wp-json\/wp\/v2\/product_brand?post=119843"},{"taxonomy":"product_cat","embeddable":true,"href":"https:\/\/gpl-love.com\/es\/wp-json\/wp\/v2\/product_cat?post=119843"},{"taxonomy":"product_tag","embeddable":true,"href":"https:\/\/gpl-love.com\/es\/wp-json\/wp\/v2\/product_tag?post=119843"}],"curies":[{"name":"wp","href":"https:\/\/api.w.org\/{rel}","templated":true}]}}