{"id":119841,"date":"2024-08-03T00:00:00","date_gmt":"2024-08-03T05:00:00","guid":{"rendered":"https:\/\/gpl-love.com\/es\/producto\/envira-gallery-protection-addon\/"},"modified":"2026-03-09T07:32:32","modified_gmt":"2026-03-09T12:32:32","slug":"envira-gallery-protection-addon","status":"publish","type":"product","link":"https:\/\/gpl-love.com\/es\/producto\/envira-gallery-protection-addon\/","title":{"rendered":"Envira Gallery Protection Addon 1.3.8"},"content":{"rendered":"<h3>Envira Gallery Protection Addon Caracteristicas<\/h3>\n<p>El complemento de Protecci\u00f3n de la Galer\u00eda Envira sirve como una herramienta fundamental para las personas que buscan salvaguardar sus im\u00e1genes en l\u00ednea, ofreciendo una variedad de caracter\u00edsticas para fortalecer sus activos digitales. Este complemento faculta a los usuarios establecer galer\u00edas protegidas con contrase\u00f1a que garanticen la m\u00e1xima seguridad e impidan cualquier acceso no autorizado. En particular, la interfaz f\u00e1cil de usar hace que el proceso de configuraci\u00f3n sea muy f\u00e1cil, lo que permite a los usuarios configurar sus galer\u00edas r\u00e1pidamente en cuesti\u00f3n de minutos. Adem\u00e1s, el mensaje de contrase\u00f1a puede personalizarse sin esfuerzo para alinearse sin problemas con la marca de su sitio web, mejorando as\u00ed la experiencia general del usuario. Adem\u00e1s, el complemento de Protecci\u00f3n de la Galer\u00eda Envira se integra perfectamente con complementos de membres\u00eda populares, dando a los usuarios con control amplificado sobre la audiencia que se le permite ver sus im\u00e1genes. Ya sea que sea un fot\u00f3grafo exigente que se esfuerce por salvaguardar sus esfuerzos creativos o un astuto propietario de un negocio interesado en preservar im\u00e1genes confidenciales y sensibles, el complemento de protecci\u00f3n de la galer\u00eda Envira surge como la soluci\u00f3n por excelencia para satisfacer sus necesidades.<\/p>\n<ul>\n<li>Protege su galer\u00eda Envira del acceso y copia no autorizados.<\/li>\n<li>Restringe el acceso a sus fotos y galer\u00edas solo a usuarios autorizados.<\/li>\n<li>Agrega una capa adicional de seguridad a su sitio web de WordPress.<\/li>\n<li>Las marcas de agua de forma segura sus im\u00e1genes para evitar el robo y el uso no autorizado.<\/li>\n<li>Protege sus im\u00e1genes para que se compartan o descarguen sin permiso.<\/li>\n<li>F\u00e1cil de instalar y configurar para mayor tranquilidad.<\/li>\n<li>Compatible con Envira Gallery y otros complementos de WordPress para mejorar la funcionalidad de su sitio.<\/li>\n<li>Planes de precios asequibles para adaptarse a cada presupuesto.<\/li>\n<li>Atenci\u00f3n al cliente 24\/7 para todas sus preguntas e inquietudes.<\/li>\n<li>Un imprescindible para fot\u00f3grafos, artistas y negocios que buscan proteger sus im\u00e1genes y galer\u00edas en l\u00ednea.<\/li>\n<\/ul>\n","protected":false},"excerpt":{"rendered":"<p>El complemento de Protecci\u00f3n de la Galer\u00eda Envira, un complemento crucial, sirve para aumentar la seguridad de su galer\u00eda de fotos, fortificando as\u00ed su defensa contra cualquier acceso il\u00edcito o difusi\u00f3n de sus fotograf\u00edas. Al ofrecer una variedad de caracter\u00edsticas notables, que incluyen, entre otras, la marca de agua, impediendo la funcionalidad de clic derecho y la protecci\u00f3n de im\u00e1genes, este complemento le asegura que sus valiosas im\u00e1genes permanecen protegidas de cualquier forma de apropiaci\u00f3n indebida. Adem\u00e1s, este complemento garantiza una experiencia de usuario sin esfuerzo en virtud de su interfaz f\u00e1cil de usar, amplias opciones de personalizaci\u00f3n e integraci\u00f3n perfecta con otros complementos. No retrase m\u00e1s; Aproveche la oportunidad de asegurar sus valiosas im\u00e1genes al aprovechar el complemento inigualable de la Galer\u00eda Envira Gallery.<\/p>\n","protected":false},"featured_media":166007,"comment_status":"open","ping_status":"open","template":"","meta":[],"product_brand":[2442],"product_cat":[1214,1206,1211],"product_tag":[2231],"class_list":{"0":"post-119841","1":"product","2":"type-product","3":"status-publish","4":"has-post-thumbnail","6":"product_brand-envira-gallery","7":"product_cat-personalizacion","8":"product_cat-plugins","9":"product_cat-wordpress-plugins","10":"product_tag-envira-gallery","11":"member-discount","12":"discount-restricted","14":"first","15":"instock","16":"sale","17":"downloadable","18":"virtual","19":"sold-individually","20":"purchasable","21":"product-type-simple"},"_links":{"self":[{"href":"https:\/\/gpl-love.com\/es\/wp-json\/wp\/v2\/product\/119841","targetHints":{"allow":["GET"]}}],"collection":[{"href":"https:\/\/gpl-love.com\/es\/wp-json\/wp\/v2\/product"}],"about":[{"href":"https:\/\/gpl-love.com\/es\/wp-json\/wp\/v2\/types\/product"}],"replies":[{"embeddable":true,"href":"https:\/\/gpl-love.com\/es\/wp-json\/wp\/v2\/comments?post=119841"}],"wp:featuredmedia":[{"embeddable":true,"href":"https:\/\/gpl-love.com\/es\/wp-json\/wp\/v2\/media\/166007"}],"wp:attachment":[{"href":"https:\/\/gpl-love.com\/es\/wp-json\/wp\/v2\/media?parent=119841"}],"wp:term":[{"taxonomy":"product_brand","embeddable":true,"href":"https:\/\/gpl-love.com\/es\/wp-json\/wp\/v2\/product_brand?post=119841"},{"taxonomy":"product_cat","embeddable":true,"href":"https:\/\/gpl-love.com\/es\/wp-json\/wp\/v2\/product_cat?post=119841"},{"taxonomy":"product_tag","embeddable":true,"href":"https:\/\/gpl-love.com\/es\/wp-json\/wp\/v2\/product_tag?post=119841"}],"curies":[{"name":"wp","href":"https:\/\/api.w.org\/{rel}","templated":true}]}}