{"id":119839,"date":"2024-11-18T00:00:00","date_gmt":"2024-11-18T05:00:00","guid":{"rendered":"https:\/\/gpl-love.com\/es\/?post_type=product&#038;p=119839"},"modified":"2026-03-09T07:32:31","modified_gmt":"2026-03-09T12:32:31","slug":"envira-gallery-proofing-addon","status":"publish","type":"product","link":"https:\/\/gpl-love.com\/es\/producto\/envira-gallery-proofing-addon\/","title":{"rendered":"Envira Gallery Proofing Addon 2.0.8"},"content":{"rendered":"<h3>Envira Gallery Proofing Addon Caracteristicas<\/h3>\n<p>El complemento de prueba de la galer\u00eda Envira, una herramienta muy potente dise\u00f1ada espec\u00edficamente para fot\u00f3grafos y artistas, ofrece una soluci\u00f3n perfecta y eficiente para el proceso de prueba de su trabajo creativo. A trav\u00e9s de la utilizaci\u00f3n de este complemento, a los usuarios se les otorga la capacidad de establecer sin esfuerzo galer\u00edas personalizadas y exclusivas para sus clientes, lo que les permite leer detenidamente y seleccionar cuidadosamente sus im\u00e1genes m\u00e1s apreciadas. La interfaz excepcionalmente f\u00e1cil de usar facilita a\u00fan m\u00e1s la marca de las im\u00e1genes como modificaciones aprobadas, rechazadas o que requieren, lo que permite un proceso de evaluaci\u00f3n simplificado y directo. Adem\u00e1s, el complemento tambi\u00e9n cuenta con un notable sistema de comentarios incorporado, lo que permite a los clientes proporcionar comentarios y sugerencias invaluables directamente sobre las im\u00e1genes mismas. Esta caracter\u00edstica invaluable no solo ahorra un gran tiempo, sino que tambi\u00e9n garantiza que tanto el cliente como el artista est\u00e9n en perfectas alineaciones y armon\u00eda a lo largo del viaje de prueba. Sin lugar a dudas, el complemento de prueba de la galer\u00eda Envira se considera una herramienta indispensable e indispensable para cualquier persona que busque optimizar y mejorar su flujo de trabajo, al tiempo que ofrece una experiencia impecablemente profesional e incomparable a su estimada clientela.<\/p>\n<ul>\n<li>El complemento de prueba de la galer\u00eda Envira permite a los usuarios probar im\u00e1genes dentro de sus galer\u00edas antes de que se impriman o se publiquen en l\u00ednea.<\/li>\n<li>Con caracter\u00edsticas como la marca de agua, la protecci\u00f3n de contrase\u00f1as y los comentarios de los clientes, los usuarios pueden asegurarse de que sus im\u00e1genes est\u00e9n seguras y listas para la aprobaci\u00f3n del cliente.<\/li>\n<li>Este complemento es f\u00e1cil de usar, con una interfaz f\u00e1cil de usar que hace que la prueba de im\u00e1genes sea muy f\u00e1cil.<\/li>\n<li>Es compatible con el complemento de la Galer\u00eda Envira y se integra perfectamente con los temas populares de WordPress, para que los usuarios puedan mantener sus dise\u00f1os de galer\u00eda existentes.<\/li>\n<li>Con correos electr\u00f3nicos personalizables, los usuarios pueden asegurarse de mantenerse en contacto con los clientes durante todo el proceso de prueba.<\/li>\n<li>El complemento de prueba de la galer\u00eda Envira tambi\u00e9n incluye an\u00e1lisis de an\u00e1lisis e informes, lo que facilita el seguimiento y la administraci\u00f3n de las aprobaciones, comentarios y comentarios de los clientes.<\/li>\n<li>Ya sea que los usuarios sean fot\u00f3grafos profesionales, dise\u00f1adores o empresas que buscan optimizar su proceso de prueba de im\u00e1genes, el complemento de prueba de la galer\u00eda Envira hace que sea f\u00e1cil mostrar su trabajo y obtener la aprobaci\u00f3n del cliente.<\/li>\n<\/ul>\n","protected":false},"excerpt":{"rendered":"<p>El complemento de prueba de la galer\u00eda Envira, una herramienta robusta meticulosamente dise\u00f1ada para acelerar el proceso de aprobaci\u00f3n de im\u00e1genes para la utilizaci\u00f3n del proyecto, se presenta como un complemento instrumental que abarca una interfaz f\u00e1cil de usar y funcionalidades sofisticadas. Esta notable extensi\u00f3n facilita la gesti\u00f3n perfecta de las compilaciones de im\u00e1genes extensas, que permite la lectura, anotaci\u00f3n y el respaldo o el despido de cada imagen individual a trav\u00e9s de un pu\u00f1ado de clics del mouse. Independientemente de si est\u00e1 absorto en una empresa personal o est\u00e1 encargado de la administraci\u00f3n de una empresa de fotograf\u00eda prominente, el complemento de prueba de la galer\u00eda Envira, sin duda, asume un papel indispensable dentro del arsenal de cualquier creatividad aspiradora.<\/p>\n","protected":false},"featured_media":166006,"comment_status":"open","ping_status":"open","template":"","meta":[],"product_brand":[2442],"product_cat":[1214,1206,1211],"product_tag":[2231],"class_list":{"0":"post-119839","1":"product","2":"type-product","3":"status-publish","4":"has-post-thumbnail","6":"product_brand-envira-gallery","7":"product_cat-personalizacion","8":"product_cat-plugins","9":"product_cat-wordpress-plugins","10":"product_tag-envira-gallery","11":"member-discount","12":"discount-restricted","14":"first","15":"instock","16":"sale","17":"downloadable","18":"virtual","19":"sold-individually","20":"purchasable","21":"product-type-simple"},"_links":{"self":[{"href":"https:\/\/gpl-love.com\/es\/wp-json\/wp\/v2\/product\/119839","targetHints":{"allow":["GET"]}}],"collection":[{"href":"https:\/\/gpl-love.com\/es\/wp-json\/wp\/v2\/product"}],"about":[{"href":"https:\/\/gpl-love.com\/es\/wp-json\/wp\/v2\/types\/product"}],"replies":[{"embeddable":true,"href":"https:\/\/gpl-love.com\/es\/wp-json\/wp\/v2\/comments?post=119839"}],"wp:featuredmedia":[{"embeddable":true,"href":"https:\/\/gpl-love.com\/es\/wp-json\/wp\/v2\/media\/166006"}],"wp:attachment":[{"href":"https:\/\/gpl-love.com\/es\/wp-json\/wp\/v2\/media?parent=119839"}],"wp:term":[{"taxonomy":"product_brand","embeddable":true,"href":"https:\/\/gpl-love.com\/es\/wp-json\/wp\/v2\/product_brand?post=119839"},{"taxonomy":"product_cat","embeddable":true,"href":"https:\/\/gpl-love.com\/es\/wp-json\/wp\/v2\/product_cat?post=119839"},{"taxonomy":"product_tag","embeddable":true,"href":"https:\/\/gpl-love.com\/es\/wp-json\/wp\/v2\/product_tag?post=119839"}],"curies":[{"name":"wp","href":"https:\/\/api.w.org\/{rel}","templated":true}]}}