{"id":119837,"date":"2024-02-14T00:00:00","date_gmt":"2024-02-14T05:00:00","guid":{"rendered":"https:\/\/gpl-love.com\/es\/producto\/envira-gallery-printing-addon\/"},"modified":"2026-03-09T07:32:29","modified_gmt":"2026-03-09T12:32:29","slug":"envira-gallery-printing-addon","status":"publish","type":"product","link":"https:\/\/gpl-love.com\/es\/producto\/envira-gallery-printing-addon\/","title":{"rendered":"Envira Gallery Printing Addon 1.4.1"},"content":{"rendered":"<h3>Envira Gallery Printing Addon Caracteristicas<\/h3>\n<p>El complemento de impresi\u00f3n de la galer\u00eda Envira, una herramienta de software meticulosamente dise\u00f1ada para facilitar el proceso de impresi\u00f3n para fot\u00f3grafos y artistas, los esfuerzos para racionalizar sus esfuerzos. A trav\u00e9s de la utilizaci\u00f3n de este complemento, los individuos est\u00e1n permitidos para generar impresiones de primer nivel de sus im\u00e1genes digitales, directamente de la estimada plataforma de la Galer\u00eda Envira. Ofreciendo una gran cantidad de opciones de personalizaci\u00f3n de impresi\u00f3n, que abarca la capacidad de manipular los par\u00e1metros de cultivos y dimensiones, as\u00ed como la libertad de seleccionar entre una extensa variedad de tipos de papel y acabados, este complemento realmente capacita a los usuarios para ejercer su visi\u00f3n art\u00edstica. Con una interfaz intuitiva y un dise\u00f1o receptivo, el complemento de impresi\u00f3n de la galer\u00eda Envira demuestra ser un activo indispensable para cualquier artista o fot\u00f3grafo que aspira a elevar sus creaciones a alturas incomparables.<\/p>\n<ul>\n<li>Permite a los usuarios imprimir im\u00e1genes directamente desde Envira Gallery, eliminando la necesidad de descargar e imprimir por separado.<\/li>\n<li>Ofrece una variedad de tama\u00f1os y opciones de impresi\u00f3n, incluidos lienzos y estampados de metal, as\u00ed como impresiones de papel tradicionales.<\/li>\n<li>Integraci\u00f3n con servicios de impresi\u00f3n populares como Printful y Bay Photo Lab para cumplir sin costuras.<\/li>\n<li>Opciones personalizables para dise\u00f1os de impresi\u00f3n y encuadre, lo que permite a los usuarios adaptar sus impresiones a sus preferencias est\u00e9ticas.<\/li>\n<li>Compatible con WordPress y Instalaciones de la Galer\u00eda Envira Standalone.<\/li>\n<li>Dise\u00f1ado para ser f\u00e1cil de usar, con un proceso de configuraci\u00f3n directo e interfaz intuitiva.<\/li>\n<li>Proporciona un valioso flujo de ingresos adicional para fot\u00f3grafos y artistas al ofrecer ventas impresas directamente a trav\u00e9s de sus sitios web de galer\u00eda.<\/li>\n<li>Agiliza el proceso de impresi\u00f3n para los usuarios, ahorr\u00e1ndoles tiempo y esfuerzo en comparaci\u00f3n con los m\u00e9todos de impresi\u00f3n tradicionales.<\/li>\n<li>Mantiene la resoluci\u00f3n de alta calidad y la fidelidad de color de las im\u00e1genes, asegurando que las versiones impresas coincidan con las versiones digitales lo m\u00e1s cerca posible.<\/li>\n<li>Ofrece una excelente atenci\u00f3n al cliente y actualizaciones regulares, asegurando que el complemento permanezca confiable y actualizado.<\/li>\n<\/ul>\n","protected":false},"excerpt":{"rendered":"<p>El complemento de impresi\u00f3n de la Galer\u00eda Envira se presenta como una soluci\u00f3n impecable adaptada espec\u00edficamente a los fot\u00f3grafos que poseen un inter\u00e9s personal en proporcionar a su estimada clientela con im\u00e1genes impresas de nivel superior y de calidad superior. Este complemento exquisitamente eficiente y potente se integra sin problemas con el complemento WordPress de WordPress de Envira Gallery ampliamente aclamado y altamente estimado, equipando as\u00ed a los usuarios con un nivel incomparable de conveniencia y facilidad cuando se trata de vender e imprimir sus preciosas fotograf\u00edas en el amplio y en constante expansi\u00f3n Realm. del comercio en l\u00ednea. Boasting a remarkably vast array of customizable options, ranging from the meticulous selection of print materials to the precise determination of sizes and framing preferences, the Envira Gallery Printing Addon undeniably solidifies its standing as a consummate and indispensable tool for any aspiring photographer harboring aspirations of attaining Expansi\u00f3n comercial y la realizaci\u00f3n final de su misi\u00f3n art\u00edstica. Ya sea que se encuentre absorto en el acto de exprimir impresiones a sus estimados clientes o involucrado en la creaci\u00f3n de una galer\u00eda en l\u00ednea para su propio repertorio art\u00edstico, no temas, por la impresi\u00f3n de la galer\u00eda Envira, complementan perfectamente el proceso, lo que lo hace exponencialmente m\u00e1s simple de proporcionar Un servicio que es profesional y asombrosamente eficiente en su ejecuci\u00f3n.<\/p>\n","protected":false},"featured_media":166005,"comment_status":"open","ping_status":"open","template":"","meta":[],"product_brand":[2442],"product_cat":[1214,1206,1211],"product_tag":[2231],"class_list":{"0":"post-119837","1":"product","2":"type-product","3":"status-publish","4":"has-post-thumbnail","6":"product_brand-envira-gallery","7":"product_cat-personalizacion","8":"product_cat-plugins","9":"product_cat-wordpress-plugins","10":"product_tag-envira-gallery","11":"member-discount","12":"discount-restricted","14":"first","15":"instock","16":"sale","17":"downloadable","18":"virtual","19":"sold-individually","20":"purchasable","21":"product-type-simple"},"_links":{"self":[{"href":"https:\/\/gpl-love.com\/es\/wp-json\/wp\/v2\/product\/119837","targetHints":{"allow":["GET"]}}],"collection":[{"href":"https:\/\/gpl-love.com\/es\/wp-json\/wp\/v2\/product"}],"about":[{"href":"https:\/\/gpl-love.com\/es\/wp-json\/wp\/v2\/types\/product"}],"replies":[{"embeddable":true,"href":"https:\/\/gpl-love.com\/es\/wp-json\/wp\/v2\/comments?post=119837"}],"wp:featuredmedia":[{"embeddable":true,"href":"https:\/\/gpl-love.com\/es\/wp-json\/wp\/v2\/media\/166005"}],"wp:attachment":[{"href":"https:\/\/gpl-love.com\/es\/wp-json\/wp\/v2\/media?parent=119837"}],"wp:term":[{"taxonomy":"product_brand","embeddable":true,"href":"https:\/\/gpl-love.com\/es\/wp-json\/wp\/v2\/product_brand?post=119837"},{"taxonomy":"product_cat","embeddable":true,"href":"https:\/\/gpl-love.com\/es\/wp-json\/wp\/v2\/product_cat?post=119837"},{"taxonomy":"product_tag","embeddable":true,"href":"https:\/\/gpl-love.com\/es\/wp-json\/wp\/v2\/product_tag?post=119837"}],"curies":[{"name":"wp","href":"https:\/\/api.w.org\/{rel}","templated":true}]}}