{"id":119835,"date":"2025-12-23T00:00:00","date_gmt":"2025-12-23T05:00:00","guid":{"rendered":"https:\/\/gpl-love.com\/es\/?post_type=product&#038;p=119835"},"modified":"2026-03-09T07:32:28","modified_gmt":"2026-03-09T12:32:28","slug":"envira-gallery-password-protection-addon","status":"publish","type":"product","link":"https:\/\/gpl-love.com\/es\/producto\/envira-gallery-password-protection-addon\/","title":{"rendered":"Envira Gallery Password Protection Addon 1.5.0"},"content":{"rendered":"<h3>Envira Gallery Password Protection Addon Caracteristicas<\/h3>\n<p>La utilizaci\u00f3n del complemento de protecci\u00f3n de contrase\u00f1a de la galer\u00eda Envira es un mecanismo extremadamente efectivo que proporciona un medio robusto y seguro para salvaguardar sus galer\u00edas en l\u00ednea. Esta notable herramienta le permite imponer restricciones a la accesibilidad de sus galer\u00edas empleando una contrase\u00f1a, asegurando as\u00ed que solo a las personas con la autorizaci\u00f3n requerida se les otorgue el privilegio de leerlas. Hecho a medida para fot\u00f3grafos, artistas e individuos que buscan mantener la privacidad o exclusividad de su contenido visual, este complemento demuestra ser un activo indispensable. Adem\u00e1s, gracias a su interfaz f\u00e1cil de usar, uno puede establecer sin esfuerzo una galer\u00eda que se forte con una contrase\u00f1a y personalice a\u00fan m\u00e1s la pantalla de inicio de sesi\u00f3n. Adem\u00e1s, sirve como un centro conveniente para administrar y difundir una multitud de galer\u00edas, cada una protegida por una contrase\u00f1a distinta. Atr\u00e1s quedaron los d\u00edas en que salvaguardar sus galer\u00edas en l\u00ednea plantearon un desaf\u00edo, ya que el complemento de protecci\u00f3n de contrase\u00f1a de la galer\u00eda Envira supera las expectativas al ofrecer una facilidad y comodidad incomparables.<\/p>\n<ul>\n<li>Se integra a la perfecci\u00f3n con Envira Gallery para proporcionar protecci\u00f3n de contrase\u00f1a para sus galer\u00edas<\/li>\n<li>Le permite establecer contrase\u00f1as \u00fanicas para cada galer\u00eda o usar una sola contrase\u00f1a para m\u00faltiples galer\u00edas<\/li>\n<li>P\u00e1gina de solicitud de contrase\u00f1a personalizable para que coincida con la marca de su sitio web<\/li>\n<li>F\u00e1cil de usar y configurar con opciones de configuraci\u00f3n simples<\/li>\n<li>Proporciona una capa adicional de seguridad para sus galer\u00edas, lo que limita el acceso solo a aquellos con la contrase\u00f1a<\/li>\n<li>Compatible con todos los complementos y temas de la galer\u00eda Envira<\/li>\n<li>Proporciona una forma conveniente de compartir galer\u00edas privadas con clientes seleccionados, amigos o familiares<\/li>\n<li>Totalmente receptivo y amigable con los dispositivos m\u00f3viles, asegurando una experiencia de usuario perfecta en todos los dispositivos.<\/li>\n<\/ul>\n","protected":false},"excerpt":{"rendered":"<p>El complemento de protecci\u00f3n de contrase\u00f1a de la Galer\u00eda Envira posee una capacidad impresionante y formidable, en la que le permite fortalecer y salvaguardar su variedad de galer\u00edas de im\u00e1genes cautivadoras a trav\u00e9s de la implementaci\u00f3n de estrictas medidas de protecci\u00f3n de contrase\u00f1as. Con este asombroso complemento, se le otorga la notable capacidad de imponer limitaciones sin esfuerzo a la accesibilidad a sus galer\u00edas, otorgando as\u00ed el acceso incomparable y exclusivo \u00fanicamente a su estimado clientela, clientes valorados o miembros estimados de su distinguida comunidad. La funci\u00f3n de protecci\u00f3n de contrase\u00f1a, que est\u00e1 integrada sin problemas dentro de la funcionalidad multifac\u00e9tica del complemento, se puede configurar sin esfuerzo e intrincadamente personalizado, asegurando as\u00ed que solo las personas estimadas que poseen la contrase\u00f1a correcta se otorgan el privilegio de contestar el esplendor visual encapsulado dentro de sus im\u00e1genes meticulosamente curadas. Independientemente de si usted es un virtuoso en posesi\u00f3n de una cartera fascinante de trabajos impresionantes o un tutor concienzudo que busca salvaguardar y preservar la integridad de las apreciadas im\u00e1genes de sus clientes, el complemento de protecci\u00f3n de contrase\u00f1as de la galer\u00eda Envira surge como la soluci\u00f3n quintentosa, superando Todos los dem\u00e1s contendientes con su destreza incomparable y su eficacia resuelta.<\/p>\n","protected":false},"featured_media":166004,"comment_status":"open","ping_status":"open","template":"","meta":[],"product_brand":[2442],"product_cat":[1214,1206,1211],"product_tag":[2231],"class_list":{"0":"post-119835","1":"product","2":"type-product","3":"status-publish","4":"has-post-thumbnail","6":"product_brand-envira-gallery","7":"product_cat-personalizacion","8":"product_cat-plugins","9":"product_cat-wordpress-plugins","10":"product_tag-envira-gallery","11":"member-discount","12":"discount-restricted","14":"first","15":"instock","16":"sale","17":"downloadable","18":"virtual","19":"sold-individually","20":"purchasable","21":"product-type-simple"},"_links":{"self":[{"href":"https:\/\/gpl-love.com\/es\/wp-json\/wp\/v2\/product\/119835","targetHints":{"allow":["GET"]}}],"collection":[{"href":"https:\/\/gpl-love.com\/es\/wp-json\/wp\/v2\/product"}],"about":[{"href":"https:\/\/gpl-love.com\/es\/wp-json\/wp\/v2\/types\/product"}],"replies":[{"embeddable":true,"href":"https:\/\/gpl-love.com\/es\/wp-json\/wp\/v2\/comments?post=119835"}],"wp:featuredmedia":[{"embeddable":true,"href":"https:\/\/gpl-love.com\/es\/wp-json\/wp\/v2\/media\/166004"}],"wp:attachment":[{"href":"https:\/\/gpl-love.com\/es\/wp-json\/wp\/v2\/media?parent=119835"}],"wp:term":[{"taxonomy":"product_brand","embeddable":true,"href":"https:\/\/gpl-love.com\/es\/wp-json\/wp\/v2\/product_brand?post=119835"},{"taxonomy":"product_cat","embeddable":true,"href":"https:\/\/gpl-love.com\/es\/wp-json\/wp\/v2\/product_cat?post=119835"},{"taxonomy":"product_tag","embeddable":true,"href":"https:\/\/gpl-love.com\/es\/wp-json\/wp\/v2\/product_tag?post=119835"}],"curies":[{"name":"wp","href":"https:\/\/api.w.org\/{rel}","templated":true}]}}